{"id":9620,"date":"2025-04-24T12:53:33","date_gmt":"2025-04-24T12:53:33","guid":{"rendered":"https:\/\/magiefloor.com\/product\/non class\u00e9\/magiecrete-tc\/"},"modified":"2025-04-24T12:53:33","modified_gmt":"2025-04-24T12:53:33","slug":"magiecrete-tc","status":"publish","type":"product","link":"https:\/\/magiefloor.com\/fr\/product\/mortier-de-polyurethane\/magiecrete-tc\/","title":{"rendered":"MAGIECRETE\u2122 TC"},"content":{"rendered":"<p><strong>MAGIECRETE TC<\/strong> : Couche de finition en mortier de polyur\u00e9thane cimentaire avec une finition mate, con\u00e7ue pour une application sans joint sur <strong>MAGIECRETE HP<\/strong>, <strong>SL<\/strong> et <strong>VG<\/strong>, offrant une r\u00e9sistance exceptionnelle aux chocs thermiques, aux impacts, \u00e0 l&rsquo;abrasion et aux produits chimiques, tout en inhibant la croissance bact\u00e9rienne ; accept\u00e9e par l&rsquo;ACIA et pratiquement sans COV, applicable \u00e0 basse temp\u00e9rature avec une m\u00e9thode de m\u00e9lange recommand\u00e9e pour des r\u00e9sultats optimaux.<\/p>\n","protected":false},"excerpt":{"rendered":"<p>MAGIECRETE TC: Cementitious polyurethane mortar topcoat with a matte finish, ensuring seamless application, CFIA approved, over MAGIECRETE HP, SL and VG, offering exceptional resistance to thermal shock, impact, abrasion and chemicals while inhibiting bacterial growth, and virtually VOC-free for versatile use at low temperatures.<\/p>\n","protected":false},"featured_media":6279,"comment_status":"closed","ping_status":"closed","template":"","meta":{"_acf_changed":false},"product_brand":[],"product_cat":[188],"product_tag":[157,146,138,135,139,148,147,158,140,159],"class_list":{"0":"post-9620","1":"product","2":"type-product","3":"status-publish","4":"has-post-thumbnail","6":"product_cat-mortier-de-polyurethane","7":"product_tag-100-solide-fr","8":"product_tag-application-pour-installations-alimentaires-fr","9":"product_tag-clair-fr","10":"product_tag-colore-fr","11":"product_tag-durcissement-a-basse-temperature-fr","12":"product_tag-durcissement-rapide-fr","13":"product_tag-faibles-emissions-de-cov-sans-cov-fr","14":"product_tag-interior-application-fr","15":"product_tag-resistance-chimique-fr","16":"product_tag-traffic-tourd-fr","17":"pa_size-kit-117-kg","19":"first","20":"instock","21":"shipping-taxable","22":"product-type-variable"},"acf":[],"_links":{"self":[{"href":"https:\/\/magiefloor.com\/fr\/wp-json\/wp\/v2\/product\/9620","targetHints":{"allow":["GET"]}}],"collection":[{"href":"https:\/\/magiefloor.com\/fr\/wp-json\/wp\/v2\/product"}],"about":[{"href":"https:\/\/magiefloor.com\/fr\/wp-json\/wp\/v2\/types\/product"}],"replies":[{"embeddable":true,"href":"https:\/\/magiefloor.com\/fr\/wp-json\/wp\/v2\/comments?post=9620"}],"version-history":[{"count":0,"href":"https:\/\/magiefloor.com\/fr\/wp-json\/wp\/v2\/product\/9620\/revisions"}],"wp:featuredmedia":[{"embeddable":true,"href":"https:\/\/magiefloor.com\/fr\/wp-json\/wp\/v2\/media\/6279"}],"wp:attachment":[{"href":"https:\/\/magiefloor.com\/fr\/wp-json\/wp\/v2\/media?parent=9620"}],"wp:term":[{"taxonomy":"product_brand","embeddable":true,"href":"https:\/\/magiefloor.com\/fr\/wp-json\/wp\/v2\/product_brand?post=9620"},{"taxonomy":"product_cat","embeddable":true,"href":"https:\/\/magiefloor.com\/fr\/wp-json\/wp\/v2\/product_cat?post=9620"},{"taxonomy":"product_tag","embeddable":true,"href":"https:\/\/magiefloor.com\/fr\/wp-json\/wp\/v2\/product_tag?post=9620"}],"curies":[{"name":"wp","href":"https:\/\/api.w.org\/{rel}","templated":true}]}}