{"id":9619,"date":"2025-04-24T12:53:34","date_gmt":"2025-04-24T12:53:34","guid":{"rendered":"https:\/\/magiefloor.com\/product\/non class\u00e9\/magiecrete-sl\/"},"modified":"2025-04-24T12:53:34","modified_gmt":"2025-04-24T12:53:34","slug":"magiecrete-sl","status":"publish","type":"product","link":"https:\/\/magiefloor.com\/fr\/product\/mortier-de-polyurethane\/magiecrete-sl\/","title":{"rendered":"MAGIECRETE\u2122 SL"},"content":{"rendered":"<p><strong>MAGIECRETE SL<\/strong> : Transformez votre espace avec le syst\u00e8me de rev\u00eatement de sol autonivelant en polyur\u00e9thane cimentaire. Une solution facile \u00e0 couler et sans solvant, con\u00e7ue pour des surfaces antid\u00e9rapantes r\u00e9sistantes et durables dans les zones de production humides et s\u00e8ches, particuli\u00e8rement adapt\u00e9e \u00e0 l&rsquo;industrie agroalimentaire. Ce syst\u00e8me, appliqu\u00e9 \u00e0 la raclette, offre une excellente r\u00e9sistance thermique et aux chocs, une adh\u00e9rence sur b\u00e9ton humide et sec, sans COV et sans odeur, garantissant un rev\u00eatement de sol antid\u00e9rapant, imperm\u00e9able et sans joint, qui adh\u00e8re sans effort \u00e0 l&rsquo;acier doux et au contreplaqu\u00e9 hydrofuge. Facile \u00e0 appliquer, \u00e0 nettoyer et \u00e0 st\u00e9riliser, <strong>MAGIECRETE SL<\/strong> est conforme aux exigences LEED et offre une large plage de temp\u00e9ratures de service (-18 \u00b0C \u00e0 80 \u00b0C).  <\/p>\n","protected":false},"excerpt":{"rendered":"<p><strong>MAGIECRETE SL <\/strong>: Ciment polyur\u00e9thane autonivelant, coulable et sans solvant, con\u00e7u pour les surfaces durables et antid\u00e9rapantes dans l&rsquo;industrie alimentaire et des boissons, offrant une excellente r\u00e9sistance, une bonne adh\u00e9rence et une application impeccable qui r\u00e9pond aux normes LEED.<\/p>\n","protected":false},"featured_media":6278,"comment_status":"closed","ping_status":"closed","template":"","meta":{"_acf_changed":false},"product_brand":[],"product_cat":[188],"product_tag":[157,146,135,139,148,147,158,140,159],"class_list":{"0":"post-9619","1":"product","2":"type-product","3":"status-publish","4":"has-post-thumbnail","6":"product_cat-mortier-de-polyurethane","7":"product_tag-100-solide-fr","8":"product_tag-application-pour-installations-alimentaires-fr","9":"product_tag-colore-fr","10":"product_tag-durcissement-a-basse-temperature-fr","11":"product_tag-durcissement-rapide-fr","12":"product_tag-faibles-emissions-de-cov-sans-cov-fr","13":"product_tag-interior-application-fr","14":"product_tag-resistance-chimique-fr","15":"product_tag-traffic-tourd-fr","16":"pa_size-18-4-kg-kit-fr","18":"first","19":"instock","20":"shipping-taxable","21":"product-type-variable"},"acf":[],"_links":{"self":[{"href":"https:\/\/magiefloor.com\/fr\/wp-json\/wp\/v2\/product\/9619","targetHints":{"allow":["GET"]}}],"collection":[{"href":"https:\/\/magiefloor.com\/fr\/wp-json\/wp\/v2\/product"}],"about":[{"href":"https:\/\/magiefloor.com\/fr\/wp-json\/wp\/v2\/types\/product"}],"replies":[{"embeddable":true,"href":"https:\/\/magiefloor.com\/fr\/wp-json\/wp\/v2\/comments?post=9619"}],"version-history":[{"count":0,"href":"https:\/\/magiefloor.com\/fr\/wp-json\/wp\/v2\/product\/9619\/revisions"}],"wp:featuredmedia":[{"embeddable":true,"href":"https:\/\/magiefloor.com\/fr\/wp-json\/wp\/v2\/media\/6278"}],"wp:attachment":[{"href":"https:\/\/magiefloor.com\/fr\/wp-json\/wp\/v2\/media?parent=9619"}],"wp:term":[{"taxonomy":"product_brand","embeddable":true,"href":"https:\/\/magiefloor.com\/fr\/wp-json\/wp\/v2\/product_brand?post=9619"},{"taxonomy":"product_cat","embeddable":true,"href":"https:\/\/magiefloor.com\/fr\/wp-json\/wp\/v2\/product_cat?post=9619"},{"taxonomy":"product_tag","embeddable":true,"href":"https:\/\/magiefloor.com\/fr\/wp-json\/wp\/v2\/product_tag?post=9619"}],"curies":[{"name":"wp","href":"https:\/\/api.w.org\/{rel}","templated":true}]}}