{"id":9618,"date":"2025-04-24T12:53:35","date_gmt":"2025-04-24T12:53:35","guid":{"rendered":"https:\/\/magiefloor.com\/product\/non class\u00e9\/magiecrete-hp\/"},"modified":"2025-04-24T12:53:35","modified_gmt":"2025-04-24T12:53:35","slug":"magiecrete-hp","status":"publish","type":"product","link":"https:\/\/magiefloor.com\/fr\/product\/mortier-de-polyurethane\/magiecrete-hp\/","title":{"rendered":"MAGIECRETE\u2122 HP"},"content":{"rendered":"<p><strong>MAGIECRETE HP<\/strong> est un rev\u00eatement de sol en polyur\u00e9thane cimentaire de pointe, sans solvant et applicable \u00e0 la truelle. Con\u00e7u pour un durcissement rapide, il offre une surface textur\u00e9e r\u00e9sistante, durable et antid\u00e9rapante, id\u00e9ale pour les zones de production humides et s\u00e8ches, notamment dans l&rsquo;industrie agroalimentaire. Ce produit inodore, appliqu\u00e9 sur une \u00e9paisseur minimale de 6 mm, prot\u00e8ge des intemp\u00e9ries et des passages fr\u00e9quents dans les zones de production, des compos\u00e9s chimiques organiques et inorganiques, de la prolif\u00e9ration bact\u00e9rienne et des chocs thermiques extr\u00eames. Dot\u00e9 d&rsquo;une excellente r\u00e9sistance aux chocs thermiques, d&rsquo;une adh\u00e9rence sur b\u00e9ton humide et sec, d&rsquo;une r\u00e9sistance chimique et \u00e0 l&rsquo;abrasion, et d&rsquo;une large plage de temp\u00e9ratures de service (-18 \u00b0C \u00e0 80 \u00b0C), <strong>MAGIECRETE HP<\/strong> garantit une r\u00e9sistance \u00e9lev\u00e9e aux chocs, une absence totale de COV, une inodorit\u00e9 et des propri\u00e9t\u00e9s non polluantes. Ce rev\u00eatement de sol antid\u00e9rapant, imperm\u00e9able et sans joint adh\u00e8re \u00e0 l&rsquo;acier doux et au contreplaqu\u00e9 hydrofuge. Il r\u00e9pond aux exigences LEED tout en facilitant l&rsquo;application, le nettoyage et la st\u00e9rilisation.    <\/p>\n","protected":false},"excerpt":{"rendered":"<p>MAGIECRETE HP : Ciment polyur\u00e9thane haute performance, \u00e0 durcissement rapide et sans solvant, con\u00e7u pour les zones de production humides et s\u00e8ches de l&rsquo;industrie agroalimentaire. Il offre une r\u00e9sistance sup\u00e9rieure aux chocs thermiques, \u00e0 l&rsquo;adh\u00e9rence, aux produits chimiques et \u00e0 l&rsquo;abrasion, ainsi qu&rsquo;une facilit\u00e9 d&rsquo;application, une st\u00e9rilisation optimale et la conformit\u00e9 LEED. <\/p>\n","protected":false},"featured_media":6277,"comment_status":"closed","ping_status":"closed","template":"","meta":{"_acf_changed":false},"product_brand":[],"product_cat":[188],"product_tag":[157,146,135,139,148,147,158,140,159],"class_list":{"0":"post-9618","1":"product","2":"type-product","3":"status-publish","4":"has-post-thumbnail","6":"product_cat-mortier-de-polyurethane","7":"product_tag-100-solide-fr","8":"product_tag-application-pour-installations-alimentaires-fr","9":"product_tag-colore-fr","10":"product_tag-durcissement-a-basse-temperature-fr","11":"product_tag-durcissement-rapide-fr","12":"product_tag-faibles-emissions-de-cov-sans-cov-fr","13":"product_tag-interior-application-fr","14":"product_tag-resistance-chimique-fr","15":"product_tag-traffic-tourd-fr","16":"pa_size-kit-de-282-kg","18":"first","19":"instock","20":"featured","21":"shipping-taxable","22":"product-type-variable"},"acf":[],"_links":{"self":[{"href":"https:\/\/magiefloor.com\/fr\/wp-json\/wp\/v2\/product\/9618","targetHints":{"allow":["GET"]}}],"collection":[{"href":"https:\/\/magiefloor.com\/fr\/wp-json\/wp\/v2\/product"}],"about":[{"href":"https:\/\/magiefloor.com\/fr\/wp-json\/wp\/v2\/types\/product"}],"replies":[{"embeddable":true,"href":"https:\/\/magiefloor.com\/fr\/wp-json\/wp\/v2\/comments?post=9618"}],"version-history":[{"count":0,"href":"https:\/\/magiefloor.com\/fr\/wp-json\/wp\/v2\/product\/9618\/revisions"}],"wp:featuredmedia":[{"embeddable":true,"href":"https:\/\/magiefloor.com\/fr\/wp-json\/wp\/v2\/media\/6277"}],"wp:attachment":[{"href":"https:\/\/magiefloor.com\/fr\/wp-json\/wp\/v2\/media?parent=9618"}],"wp:term":[{"taxonomy":"product_brand","embeddable":true,"href":"https:\/\/magiefloor.com\/fr\/wp-json\/wp\/v2\/product_brand?post=9618"},{"taxonomy":"product_cat","embeddable":true,"href":"https:\/\/magiefloor.com\/fr\/wp-json\/wp\/v2\/product_cat?post=9618"},{"taxonomy":"product_tag","embeddable":true,"href":"https:\/\/magiefloor.com\/fr\/wp-json\/wp\/v2\/product_tag?post=9618"}],"curies":[{"name":"wp","href":"https:\/\/api.w.org\/{rel}","templated":true}]}}