{"id":9617,"date":"2025-04-29T12:53:54","date_gmt":"2025-04-29T12:53:54","guid":{"rendered":"https:\/\/magiefloor.com\/product\/non%20class\u00e9\/magiechem-9028\/"},"modified":"2025-08-22T12:57:06","modified_gmt":"2025-08-22T12:57:06","slug":"magiechem-9028","status":"publish","type":"product","link":"https:\/\/magiefloor.com\/fr\/product\/revetement-de-sol-epoxy\/magiechem-9028\/","title":{"rendered":"MAGIECHEM<sup>\u00ae<\/sup> 9028"},"content":{"rendered":"<p><strong>MAGIECHEM 9028<\/strong> est un rev\u00eatement \u00e9poxy\/ur\u00e9thane flexible, autolissant, bicomposant, 100 % solides, \u00e0 s\u00e9chage rapide, con\u00e7u pour une remise en service rapide en quelques heures et offrant une excellente r\u00e9sistance aux fissures et aux chocs. Id\u00e9al pour les zones n\u00e9cessitant une intervention rapide, il permet la pr\u00e9paration et l&rsquo;application de deux couches en 4 heures et durcit en 8 heures \u00e0 23 \u00b0C. Convient aux couloirs, all\u00e9es, ponts de fissures, courbes, rev\u00eatements de parkings et zones \u00e0 fortes vibrations. Ce produit offre un durcissement rapide \u00e0 temp\u00e9ratures mod\u00e9r\u00e9es et basses, une adh\u00e9rence exceptionnelle sur bois et b\u00e9ton, une grande flexibilit\u00e9 et r\u00e9pond aux exigences LEED.   <\/p>\n","protected":false},"excerpt":{"rendered":"<p>MAGIECHEM 9028 : Liant \u00e9poxy\/ur\u00e9thane autonivelant \u00e0 s\u00e9chage rapide avec 100 % de contenu solide, assure une remise en service rapide en quelques heures, une excellente adh\u00e9rence au bois et au b\u00e9ton et r\u00e9pond aux exigences LEED, ce qui le rend id\u00e9al pour les zones \u00e0 fort trafic et les installations rapides.<\/p>\n","protected":false},"featured_media":6264,"comment_status":"closed","ping_status":"closed","template":"","meta":{"_acf_changed":false},"product_brand":[],"product_cat":[161],"product_tag":[157,137,146,135,139,148,147,159],"class_list":{"0":"post-9617","1":"product","2":"type-product","3":"status-publish","4":"has-post-thumbnail","6":"product_cat-revetement-de-sol-epoxy","7":"product_tag-100-solide-fr","8":"product_tag-application-exterieure-fr","9":"product_tag-application-pour-installations-alimentaires-fr","10":"product_tag-colore-fr","11":"product_tag-durcissement-a-basse-temperature-fr","12":"product_tag-durcissement-rapide-fr","13":"product_tag-faibles-emissions-de-cov-sans-cov-fr","14":"product_tag-traffic-tourd-fr","15":"pa_size-kit-10-gal-gal-us","16":"pa_size-kit-2-gal-gal-us","18":"first","19":"instock","20":"shipping-taxable","21":"product-type-variable"},"acf":[],"_links":{"self":[{"href":"https:\/\/magiefloor.com\/fr\/wp-json\/wp\/v2\/product\/9617","targetHints":{"allow":["GET"]}}],"collection":[{"href":"https:\/\/magiefloor.com\/fr\/wp-json\/wp\/v2\/product"}],"about":[{"href":"https:\/\/magiefloor.com\/fr\/wp-json\/wp\/v2\/types\/product"}],"replies":[{"embeddable":true,"href":"https:\/\/magiefloor.com\/fr\/wp-json\/wp\/v2\/comments?post=9617"}],"version-history":[{"count":1,"href":"https:\/\/magiefloor.com\/fr\/wp-json\/wp\/v2\/product\/9617\/revisions"}],"predecessor-version":[{"id":9655,"href":"https:\/\/magiefloor.com\/fr\/wp-json\/wp\/v2\/product\/9617\/revisions\/9655"}],"wp:featuredmedia":[{"embeddable":true,"href":"https:\/\/magiefloor.com\/fr\/wp-json\/wp\/v2\/media\/6264"}],"wp:attachment":[{"href":"https:\/\/magiefloor.com\/fr\/wp-json\/wp\/v2\/media?parent=9617"}],"wp:term":[{"taxonomy":"product_brand","embeddable":true,"href":"https:\/\/magiefloor.com\/fr\/wp-json\/wp\/v2\/product_brand?post=9617"},{"taxonomy":"product_cat","embeddable":true,"href":"https:\/\/magiefloor.com\/fr\/wp-json\/wp\/v2\/product_cat?post=9617"},{"taxonomy":"product_tag","embeddable":true,"href":"https:\/\/magiefloor.com\/fr\/wp-json\/wp\/v2\/product_tag?post=9617"}],"curies":[{"name":"wp","href":"https:\/\/api.w.org\/{rel}","templated":true}]}}