{"id":9615,"date":"2025-04-24T12:53:30","date_gmt":"2025-04-24T12:53:30","guid":{"rendered":"https:\/\/magiefloor.com\/product\/non class\u00e9\/magiechem-ls24\/"},"modified":"2025-04-24T12:53:30","modified_gmt":"2025-04-24T12:53:30","slug":"magiechem-ls24","status":"publish","type":"product","link":"https:\/\/magiefloor.com\/fr\/product\/scellant-fr\/magiechem-ls24\/","title":{"rendered":"MAGIECHEM LS24"},"content":{"rendered":"<p><strong>MAGIECHEM LS24<\/strong> : Sublimez vos surfaces en b\u00e9ton gr\u00e2ce \u00e0 notre durcisseur, densificateur et scellant avanc\u00e9 au lithium, garantissant une surface scell\u00e9e et protectrice, r\u00e9sistante aux dommages caus\u00e9s par l&rsquo;eau, le sel et le trafic intense. Il offre une excellente r\u00e9sistance aux taches, \u00e0 l&rsquo;eau et \u00e0 l&rsquo;abrasion, tout en contribuant \u00e0 une solution durable, sans COV et conforme aux normes LEED. <\/p>\n","protected":false},"excerpt":{"rendered":"<p>MAGIECHEM LS24 : Durcisseur, densificateur et scellant au lithium, offrant une r\u00e9sistance sup\u00e9rieure aux taches, \u00e0 l&rsquo;eau et \u00e0 l&rsquo;abrasion, le tout sans COV et conforme LEED.<\/p>\n","protected":false},"featured_media":6280,"comment_status":"closed","ping_status":"closed","template":"","meta":{"_acf_changed":false},"product_brand":[],"product_cat":[145],"product_tag":[146,138,148,147,158,136],"class_list":{"0":"post-9615","1":"product","2":"type-product","3":"status-publish","4":"has-post-thumbnail","6":"product_cat-scellant-fr","7":"product_tag-application-pour-installations-alimentaires-fr","8":"product_tag-clair-fr","9":"product_tag-durcissement-rapide-fr","10":"product_tag-faibles-emissions-de-cov-sans-cov-fr","11":"product_tag-interior-application-fr","12":"product_tag-temps-de-travail-prolonge-fr","13":"pa_size-5-gal-kit-us-gal-fr","15":"first","16":"instock","17":"shipping-taxable","18":"product-type-variable"},"acf":[],"_links":{"self":[{"href":"https:\/\/magiefloor.com\/fr\/wp-json\/wp\/v2\/product\/9615","targetHints":{"allow":["GET"]}}],"collection":[{"href":"https:\/\/magiefloor.com\/fr\/wp-json\/wp\/v2\/product"}],"about":[{"href":"https:\/\/magiefloor.com\/fr\/wp-json\/wp\/v2\/types\/product"}],"replies":[{"embeddable":true,"href":"https:\/\/magiefloor.com\/fr\/wp-json\/wp\/v2\/comments?post=9615"}],"version-history":[{"count":0,"href":"https:\/\/magiefloor.com\/fr\/wp-json\/wp\/v2\/product\/9615\/revisions"}],"wp:featuredmedia":[{"embeddable":true,"href":"https:\/\/magiefloor.com\/fr\/wp-json\/wp\/v2\/media\/6280"}],"wp:attachment":[{"href":"https:\/\/magiefloor.com\/fr\/wp-json\/wp\/v2\/media?parent=9615"}],"wp:term":[{"taxonomy":"product_brand","embeddable":true,"href":"https:\/\/magiefloor.com\/fr\/wp-json\/wp\/v2\/product_brand?post=9615"},{"taxonomy":"product_cat","embeddable":true,"href":"https:\/\/magiefloor.com\/fr\/wp-json\/wp\/v2\/product_cat?post=9615"},{"taxonomy":"product_tag","embeddable":true,"href":"https:\/\/magiefloor.com\/fr\/wp-json\/wp\/v2\/product_tag?post=9615"}],"curies":[{"name":"wp","href":"https:\/\/api.w.org\/{rel}","templated":true}]}}