{"id":9612,"date":"2025-04-29T12:53:56","date_gmt":"2025-04-29T12:53:56","guid":{"rendered":"https:\/\/magiefloor.com\/product\/non class\u00e9\/magiechem-9802\/"},"modified":"2025-04-29T12:53:56","modified_gmt":"2025-04-29T12:53:56","slug":"magiechem-9802","status":"publish","type":"product","link":"https:\/\/magiefloor.com\/fr\/product\/membrane-fr\/magiechem-9802\/","title":{"rendered":"MAGIECHEM 9802 <sup>\u00ae<\/sup>"},"content":{"rendered":"<p><strong>MAGIECHEM 9802<\/strong> : R\u00e9volutionnez votre rev\u00eatement de sol avec notre membrane \u00e9poxy\/ur\u00e9thane flexible de pointe, <strong>MAGIECHEM 9802<\/strong>. Cette membrane autonivelante \u00e0 deux composants, 100 % solides, offre une r\u00e9sistance et des propri\u00e9t\u00e9s anti-fissuration in\u00e9gal\u00e9es, ce qui la rend sup\u00e9rieure pour l&rsquo;imperm\u00e9abilisation et la protection d&rsquo;une vari\u00e9t\u00e9 de surfaces. <\/p>\n<p>Con\u00e7u pour une adh\u00e9rence optimale sur b\u00e9ton et bois, <strong>MAGIECHEM 9802<\/strong> se distingue comme une couche de base exceptionnelle pour parquets et excelle comme syst\u00e8me r\u00e9fl\u00e9chissant\/marbrant pour surfaces en bois et b\u00e9ton. Son allongement remarquable et son module d&rsquo;\u00e9lasticit\u00e9 \u00e9lev\u00e9 le distinguent, ce qui en fait la solution privil\u00e9gi\u00e9e pour les couches d&rsquo;usure dans les zones exigeantes comme les parkings. Am\u00e9liorez la s\u00e9curit\u00e9 gr\u00e2ce \u00e0 l&rsquo;incorporation d&rsquo;un granulat sec de 24 mesh pour une finition antid\u00e9rapante conforme aux exigences LEED.  <\/p>\n<p>D\u00e9couvrez l&rsquo;\u00e9quilibre parfait entre r\u00e9sistance et flexibilit\u00e9 avec <strong>MAGIECHEM 9802<\/strong>, une membrane qui non seulement prot\u00e8ge des sels et fluides automobiles, mais transforme \u00e9galement votre espace gr\u00e2ce \u00e0 ses performances durables et son esth\u00e9tique attrayante. Sublimez votre exp\u00e9rience de rev\u00eatement de sol avec <strong>MAGIECHEM 9802<\/strong>, o\u00f9 innovation et r\u00e9silience se rencontrent. <\/p>\n","protected":false},"excerpt":{"rendered":"<div class=\"flex-1 overflow-hidden\">\n<div class=\"react-scroll-to-bottom--css-zywrh-79elbk h-full\">\n<div class=\"react-scroll-to-bottom--css-zywrh-1n7m0yu\">\n<div class=\"flex flex-col pb-9 text-sm\">\n<div class=\"w-full text-token-text-primary\" data-testid=\"conversation-turn-35\">\n<div class=\"px-4 py-2 justify-center text-base md:gap-6 m-auto\">\n<div class=\"flex flex-1 text-base mx-auto gap-3 md:px-5 lg:px-1 xl:px-5 md:max-w-3xl lg:max-w-[40rem] xl:max-w-[48rem] group final-completion\">\n<div class=\"relative flex w-full flex-col lg:w-[calc(100%-115px)] agent-turn\">\n<div class=\"flex-col gap-1 md:gap-3\">\n<div class=\"flex flex-grow flex-col max-w-full\">\n<div class=\"min-h-[20px] text-message flex flex-col items-start gap-3 whitespace-pre-wrap break-words [.text-message+&amp;]:mt-5 overflow-x-auto\" data-message-author-role=\"assistant\" data-message-id=\"3082c355-d9c6-4c26-8d29-2766bbdf1627\">\n<div class=\"markdown prose w-full break-words dark:prose-invert dark\">\n<p>MAGIECHEM 9802 : Rev\u00eatement \u00e9poxy\/ur\u00e9thane autonivelant 100 % solides avec une excellente adh\u00e9rence au b\u00e9ton et au bois, offrant une r\u00e9sistance aux fissures, une imperm\u00e9abilit\u00e9 et une protection sup\u00e9rieure contre les chocs.<\/p>\n<\/div>\n<\/div>\n<\/div>\n<\/div>\n<\/div>\n<\/div>\n<\/div>\n<\/div>\n<\/div>\n<\/div>\n<\/div>\n<\/div>\n","protected":false},"featured_media":6261,"comment_status":"closed","ping_status":"closed","template":"","meta":{"_acf_changed":false},"product_brand":[],"product_cat":[155,161],"product_tag":[157,146,135,147,158,140,136,159],"class_list":{"0":"post-9612","1":"product","2":"type-product","3":"status-publish","4":"has-post-thumbnail","6":"product_cat-membrane-fr","7":"product_cat-revetement-de-sol-epoxy","8":"product_tag-100-solide-fr","9":"product_tag-application-pour-installations-alimentaires-fr","10":"product_tag-colore-fr","11":"product_tag-faibles-emissions-de-cov-sans-cov-fr","12":"product_tag-interior-application-fr","13":"product_tag-resistance-chimique-fr","14":"product_tag-temps-de-travail-prolonge-fr","15":"product_tag-traffic-tourd-fr","16":"pa_size-kit-10-gal-gal-us","17":"pa_size-kit-2-gal-gal-us","19":"first","20":"instock","21":"shipping-taxable","22":"product-type-variable"},"acf":[],"_links":{"self":[{"href":"https:\/\/magiefloor.com\/fr\/wp-json\/wp\/v2\/product\/9612","targetHints":{"allow":["GET"]}}],"collection":[{"href":"https:\/\/magiefloor.com\/fr\/wp-json\/wp\/v2\/product"}],"about":[{"href":"https:\/\/magiefloor.com\/fr\/wp-json\/wp\/v2\/types\/product"}],"replies":[{"embeddable":true,"href":"https:\/\/magiefloor.com\/fr\/wp-json\/wp\/v2\/comments?post=9612"}],"version-history":[{"count":0,"href":"https:\/\/magiefloor.com\/fr\/wp-json\/wp\/v2\/product\/9612\/revisions"}],"wp:featuredmedia":[{"embeddable":true,"href":"https:\/\/magiefloor.com\/fr\/wp-json\/wp\/v2\/media\/6261"}],"wp:attachment":[{"href":"https:\/\/magiefloor.com\/fr\/wp-json\/wp\/v2\/media?parent=9612"}],"wp:term":[{"taxonomy":"product_brand","embeddable":true,"href":"https:\/\/magiefloor.com\/fr\/wp-json\/wp\/v2\/product_brand?post=9612"},{"taxonomy":"product_cat","embeddable":true,"href":"https:\/\/magiefloor.com\/fr\/wp-json\/wp\/v2\/product_cat?post=9612"},{"taxonomy":"product_tag","embeddable":true,"href":"https:\/\/magiefloor.com\/fr\/wp-json\/wp\/v2\/product_tag?post=9612"}],"curies":[{"name":"wp","href":"https:\/\/api.w.org\/{rel}","templated":true}]}}