{"id":9603,"date":"2025-04-24T12:53:32","date_gmt":"2025-04-24T12:53:32","guid":{"rendered":"https:\/\/magiefloor.com\/product\/non class\u00e9\/magiechem-837\/"},"modified":"2025-04-24T12:53:32","modified_gmt":"2025-04-24T12:53:32","slug":"magiechem-837","status":"publish","type":"product","link":"https:\/\/magiefloor.com\/fr\/product\/revetement-de-sol-epoxy\/magiechem-837\/","title":{"rendered":"MAGIECHEM 837"},"content":{"rendered":"<p><strong>MAGIECHEM 837 <\/strong>offre une solution polyvalente : une r\u00e9sine \u00e9poxy de coul\u00e9e \u00e0 durcissement lent, 100 % solide, con\u00e7ue pour les applications m\u00e9ticuleuses. Avec sa faible viscosit\u00e9 et sa remarquable r\u00e9sistance aux rayures et au jaunissement, cette r\u00e9sine est id\u00e9ale pour l&rsquo;encapsulation de composants \u00e9lectriques ou la fabrication d&rsquo;objets d\u00e9coratifs tels que des tables, des troph\u00e9es et des bijoux. Con\u00e7ue pour une utilisation en int\u00e9rieur, <strong>MAGIECHEM 837<\/strong> garantit des enrobages pr\u00e9cis et des cr\u00e9ations artistiques gr\u00e2ce \u00e0 une r\u00e9sine \u00e9poxy de haute qualit\u00e9 avec un rapport de m\u00e9lange 2A:1B. Sa viscosit\u00e9 pseudo-plastique, son excellente r\u00e9sistance \u00e0 l&rsquo;humidit\u00e9 et son adh\u00e9rence sur divers supports en font un choix id\u00e9al pour le moulage, le rev\u00eatement et le remplissage. Attendez-vous \u00e0 un retrait nul et \u00e0 une r\u00e9sine \u00e9poxy solide et durable, dot\u00e9e d&rsquo;une r\u00e9sistance et d&rsquo;une stabilit\u00e9 thermique sup\u00e9rieures (-35 \u00b0C \u00e0 +80 \u00b0C). Choisissez <strong>MAGIECHEM 837<\/strong> pour un travail m\u00e9ticuleux conforme aux exigences LEED.     <\/p>\n","protected":false},"excerpt":{"rendered":"<p>MAGIECHEM 837 : R\u00e9sine de coul\u00e9e \u00e9poxy \u00e0 durcissement lent, 100 % solides, \u00e0 faible viscosit\u00e9, r\u00e9sistante aux rayures et non jaunissante, id\u00e9ale pour les applications de pr\u00e9cision telles que l&rsquo;encapsulation de composants \u00e9lectriques et la cr\u00e9ation de pi\u00e8ces d\u00e9coratives \u00e0 l&rsquo;int\u00e9rieur, garantissant un retrait nul, une forte adh\u00e9rence et une excellente stabilit\u00e9 thermique.<\/p>\n","protected":false},"featured_media":6238,"comment_status":"closed","ping_status":"closed","template":"","meta":{"_acf_changed":false},"product_brand":[],"product_cat":[161],"product_tag":[157,138,147,141,136],"class_list":{"0":"post-9603","1":"product","2":"type-product","3":"status-publish","4":"has-post-thumbnail","6":"product_cat-revetement-de-sol-epoxy","7":"product_tag-100-solide-fr","8":"product_tag-clair-fr","9":"product_tag-faibles-emissions-de-cov-sans-cov-fr","10":"product_tag-moins-de-jaunissement-fr","11":"product_tag-temps-de-travail-prolonge-fr","12":"pa_size-3-gal-kit-us-gal-fr","14":"first","15":"instock","16":"shipping-taxable","17":"product-type-variable"},"acf":[],"_links":{"self":[{"href":"https:\/\/magiefloor.com\/fr\/wp-json\/wp\/v2\/product\/9603","targetHints":{"allow":["GET"]}}],"collection":[{"href":"https:\/\/magiefloor.com\/fr\/wp-json\/wp\/v2\/product"}],"about":[{"href":"https:\/\/magiefloor.com\/fr\/wp-json\/wp\/v2\/types\/product"}],"replies":[{"embeddable":true,"href":"https:\/\/magiefloor.com\/fr\/wp-json\/wp\/v2\/comments?post=9603"}],"version-history":[{"count":0,"href":"https:\/\/magiefloor.com\/fr\/wp-json\/wp\/v2\/product\/9603\/revisions"}],"wp:featuredmedia":[{"embeddable":true,"href":"https:\/\/magiefloor.com\/fr\/wp-json\/wp\/v2\/media\/6238"}],"wp:attachment":[{"href":"https:\/\/magiefloor.com\/fr\/wp-json\/wp\/v2\/media?parent=9603"}],"wp:term":[{"taxonomy":"product_brand","embeddable":true,"href":"https:\/\/magiefloor.com\/fr\/wp-json\/wp\/v2\/product_brand?post=9603"},{"taxonomy":"product_cat","embeddable":true,"href":"https:\/\/magiefloor.com\/fr\/wp-json\/wp\/v2\/product_cat?post=9603"},{"taxonomy":"product_tag","embeddable":true,"href":"https:\/\/magiefloor.com\/fr\/wp-json\/wp\/v2\/product_tag?post=9603"}],"curies":[{"name":"wp","href":"https:\/\/api.w.org\/{rel}","templated":true}]}}