{"id":9601,"date":"2024-08-22T16:55:54","date_gmt":"2024-08-22T16:55:54","guid":{"rendered":"https:\/\/magiefloor.com\/product\/non class\u00e9\/magiechem-835-sl\/"},"modified":"2024-08-22T16:55:54","modified_gmt":"2024-08-22T16:55:54","slug":"magiechem-835-sl","status":"publish","type":"product","link":"https:\/\/magiefloor.com\/fr\/product\/revetement-de-sol-en-polyaspartique\/magiechem-835-sl\/","title":{"rendered":"MAGIECHEM 835 SL"},"content":{"rendered":"<p><strong>MAGIECHEM 835 SL<\/strong> : D\u00e9couvrez les performances rapides de <strong>MAGIECHEM 835 SL<\/strong>, un r<strong>ev\u00eatement polyaspartique<\/strong> \u00e0 haute teneur en solides et \u00e0 durcissement rapide, con\u00e7u pour une application rapide et une durabilit\u00e9 exceptionnelle. Ce rev\u00eatement aspartique bicomposant durcit rapidement par r\u00e9action catalytique, ce qui le rend id\u00e9al pour les projets n\u00e9cessitant une remise en service rapide. <\/p>\n<p><strong>MAGIECHEM 835 SL <\/strong>convient comme rev\u00eatement de sol ou comme couche de finition transparente sur des syst\u00e8mes d\u00e9coratifs en quartz ou en paillettes de vinyle. Il peut \u00e9galement servir de liant pour la stratification de tissus l\u00e9gers orn\u00e9s de motifs d\u00e9coratifs ou autres. De plus, ce rev\u00eatement agit comme une membrane d&rsquo;\u00e9tanch\u00e9it\u00e9 pour les composants \u00e9lectroniques, offrant une protection contre la corrosion due \u00e0 l&rsquo;eau sal\u00e9e et au sable.  <\/p>\n<p>Dot\u00e9 d&rsquo;une excellente adh\u00e9rence sur le b\u00e9ton, les granulats de quartz, les paillettes de vinyle et divers tissus, <strong>MAGIECHEM 835 SL<\/strong> offre une finition lisse et brillante, tr\u00e8s r\u00e9sistante \u00e0 l&rsquo;abrasion. Il peut \u00eatre appliqu\u00e9 \u00e0 des temp\u00e9ratures allant jusqu&rsquo;\u00e0 <strong>0 \u00b0C (32 \u00b0F)<\/strong>, offrant ainsi une grande polyvalence dans diff\u00e9rentes conditions environnementales. <\/p>\n<p>Que vous ayez besoin d&rsquo;un rev\u00eatement de sol \u00e0 s\u00e9chage rapide, d&rsquo;un liant de stratification durable ou d&rsquo;une membrane de protection, <strong>MAGIECHEM 835 SL<\/strong> offre une solution fiable \u00e0 durcissement rapide et aux performances sup\u00e9rieures. Facile \u00e0 appliquer, il garantit une finition durable et de haute qualit\u00e9, aussi bien pour les applications d\u00e9coratives qu&rsquo;industrielles. <\/p>\n<p><strong>MAGIECHEM 835 SL<\/strong> &#8211; Le rev\u00eatement polyaspartique id\u00e9al pour des r\u00e9sultats rapides, efficaces et durables.<\/p>\n","protected":false},"excerpt":{"rendered":"<p>MAGIECHEM 835 SL : Rev\u00eatement polyaspartique aliphatique solide \u00e0 98 %, garantissant un durcissement lent, une r\u00e9sistance \u00e9lev\u00e9e, une stabilit\u00e9 des couleurs, une r\u00e9sistance chimique sup\u00e9rieure et une finition imperm\u00e9able et sans couture adapt\u00e9e \u00e0 diverses applications telles que l&rsquo;entreposage frigorifique, la transformation des aliments, les patios, les sols de garage et les salles d&rsquo;exposition, tout en r\u00e9pondant aux exigences LEED.<\/p>\n","protected":false},"featured_media":0,"comment_status":"closed","ping_status":"closed","template":"","meta":{"_acf_changed":false},"product_brand":[],"product_cat":[170],"product_tag":[176,174,180,178,171,177,172,179,173,175,181],"class_list":{"0":"post-9601","1":"product","2":"type-product","3":"status-publish","5":"product_cat-revetement-de-sol-en-polyaspartique","6":"product_tag-100-solide-fr-2","7":"product_tag-application-exterieure-fr-2","8":"product_tag-bloqueur-uv","9":"product_tag-circulation-dense","10":"product_tag-claire","11":"product_tag-coloree","12":"product_tag-demande-de-regime-alimentaire","13":"product_tag-durcissement-a-basse-temperature-fr-2","14":"product_tag-faible-teneur-en-cov-sans-cov","15":"product_tag-moins-de-jaunissement-fr-2","16":"product_tag-resistance-chimique-fr-2","17":"pa_size-15-gal-kit-us-gal-fr","18":"pa_size-3-gal-kit-us-gal-fr","20":"first","21":"instock","22":"shipping-taxable","23":"product-type-variable"},"acf":[],"_links":{"self":[{"href":"https:\/\/magiefloor.com\/fr\/wp-json\/wp\/v2\/product\/9601","targetHints":{"allow":["GET"]}}],"collection":[{"href":"https:\/\/magiefloor.com\/fr\/wp-json\/wp\/v2\/product"}],"about":[{"href":"https:\/\/magiefloor.com\/fr\/wp-json\/wp\/v2\/types\/product"}],"replies":[{"embeddable":true,"href":"https:\/\/magiefloor.com\/fr\/wp-json\/wp\/v2\/comments?post=9601"}],"version-history":[{"count":0,"href":"https:\/\/magiefloor.com\/fr\/wp-json\/wp\/v2\/product\/9601\/revisions"}],"wp:attachment":[{"href":"https:\/\/magiefloor.com\/fr\/wp-json\/wp\/v2\/media?parent=9601"}],"wp:term":[{"taxonomy":"product_brand","embeddable":true,"href":"https:\/\/magiefloor.com\/fr\/wp-json\/wp\/v2\/product_brand?post=9601"},{"taxonomy":"product_cat","embeddable":true,"href":"https:\/\/magiefloor.com\/fr\/wp-json\/wp\/v2\/product_cat?post=9601"},{"taxonomy":"product_tag","embeddable":true,"href":"https:\/\/magiefloor.com\/fr\/wp-json\/wp\/v2\/product_tag?post=9601"}],"curies":[{"name":"wp","href":"https:\/\/api.w.org\/{rel}","templated":true}]}}