{"id":9597,"date":"2025-04-24T12:53:23","date_gmt":"2025-04-24T12:53:23","guid":{"rendered":"https:\/\/magiefloor.com\/product\/non class\u00e9\/magiechem-811\/"},"modified":"2025-04-24T12:53:23","modified_gmt":"2025-04-24T12:53:23","slug":"magiechem-811","status":"publish","type":"product","link":"https:\/\/magiefloor.com\/fr\/product\/joints-de-remplissage-de-coulee-et-de-reparation\/magiechem-811\/","title":{"rendered":"MAGIECHEM 811"},"content":{"rendered":"<p><strong>MAGIECHEM 811<\/strong> est un gel \u00e9poxy thixotrope bicomposant, 100 % solide, qui durcit par catalyse pour offrir une finition durable et insoluble. Sp\u00e9cialement con\u00e7u pour le scellement, la r\u00e9paration ou le remplissage des fissures et joints dans le bois, <strong>MAGIECHEM 811<\/strong> offre une l\u00e9g\u00e8re flexibilit\u00e9, s&rsquo;adaptant aux mouvements structurels tels que les vibrations sans rupture \u00e0 l&rsquo;interface. Id\u00e9al pour combler les petits interstices entre les bois et les fissures verticales ou horizontales, ce gel \u00e9poxy ne n\u00e9cessite aucune induction, est facile \u00e0 m\u00e9langer, ne pr\u00e9sente aucun retrait et offre une grande flexibilit\u00e9. Avec <strong>MAGIECHEM 811<\/strong>, vous b\u00e9n\u00e9ficiez d&rsquo;une application facile, d&rsquo;une thixotropie \u00e9lev\u00e9e, d&rsquo;une excellente adh\u00e9rence et d&rsquo;un r\u00e9sultat lisse et sans ondulations.   <\/p>\n","protected":false},"excerpt":{"rendered":"<p>MAGIECHEM 811 : Gel \u00e9poxy thixotrope 100% solides pour bois &#8211; flexible, sans induction, facile \u00e0 m\u00e9langer, sans retrait, haute thixotropie, excellente adh\u00e9rence, finition impeccable.<\/p>\n","protected":false},"featured_media":6290,"comment_status":"closed","ping_status":"closed","template":"","meta":{"_acf_changed":false},"product_brand":[],"product_cat":[169],"product_tag":[157,146,138,147,136],"class_list":{"0":"post-9597","1":"product","2":"type-product","3":"status-publish","4":"has-post-thumbnail","6":"product_cat-joints-de-remplissage-de-coulee-et-de-reparation","7":"product_tag-100-solide-fr","8":"product_tag-application-pour-installations-alimentaires-fr","9":"product_tag-clair-fr","10":"product_tag-faibles-emissions-de-cov-sans-cov-fr","11":"product_tag-temps-de-travail-prolonge-fr","13":"first","14":"instock","15":"shipping-taxable","16":"product-type-simple"},"acf":[],"_links":{"self":[{"href":"https:\/\/magiefloor.com\/fr\/wp-json\/wp\/v2\/product\/9597","targetHints":{"allow":["GET"]}}],"collection":[{"href":"https:\/\/magiefloor.com\/fr\/wp-json\/wp\/v2\/product"}],"about":[{"href":"https:\/\/magiefloor.com\/fr\/wp-json\/wp\/v2\/types\/product"}],"replies":[{"embeddable":true,"href":"https:\/\/magiefloor.com\/fr\/wp-json\/wp\/v2\/comments?post=9597"}],"version-history":[{"count":0,"href":"https:\/\/magiefloor.com\/fr\/wp-json\/wp\/v2\/product\/9597\/revisions"}],"wp:featuredmedia":[{"embeddable":true,"href":"https:\/\/magiefloor.com\/fr\/wp-json\/wp\/v2\/media\/6290"}],"wp:attachment":[{"href":"https:\/\/magiefloor.com\/fr\/wp-json\/wp\/v2\/media?parent=9597"}],"wp:term":[{"taxonomy":"product_brand","embeddable":true,"href":"https:\/\/magiefloor.com\/fr\/wp-json\/wp\/v2\/product_brand?post=9597"},{"taxonomy":"product_cat","embeddable":true,"href":"https:\/\/magiefloor.com\/fr\/wp-json\/wp\/v2\/product_cat?post=9597"},{"taxonomy":"product_tag","embeddable":true,"href":"https:\/\/magiefloor.com\/fr\/wp-json\/wp\/v2\/product_tag?post=9597"}],"curies":[{"name":"wp","href":"https:\/\/api.w.org\/{rel}","templated":true}]}}