{"id":9595,"date":"2025-04-24T12:53:23","date_gmt":"2025-04-24T12:53:23","guid":{"rendered":"https:\/\/magiefloor.com\/product\/non class\u00e9\/magiechem-800\/"},"modified":"2025-04-24T12:53:23","modified_gmt":"2025-04-24T12:53:23","slug":"magiechem-800","status":"publish","type":"product","link":"https:\/\/magiefloor.com\/fr\/product\/revetement-de-sol-epoxy\/magiechem-800\/","title":{"rendered":"MAGIECHEM 800"},"content":{"rendered":"<p><strong>MAGIECHEM 800<\/strong> : Compos\u00e9 \u00e9poxy \u00e9lastom\u00e8re de haute qualit\u00e9 \u00e0 base de polysulfure, 100 % r\u00e9actif, sp\u00e9cialement con\u00e7u pour le remplissage des joints. Ce compos\u00e9 \u00e9lastique est id\u00e9al pour sceller les joints de dilatation et les fissures dans les dalles de b\u00e9ton soumises \u00e0 de fortes vibrations, apportant ainsi une solution aux probl\u00e8mes de mouvements structurels. <strong>MAGIECHEM 800<\/strong> peut \u00eatre appliqu\u00e9 \u00e0 des temp\u00e9ratures n\u00e9gatives pour imperm\u00e9abiliser les murs et les sols avec un seul produit. Gr\u00e2ce \u00e0 sa facilit\u00e9 d&rsquo;application, sa composition sans solvant, son autolissage, son application verticale, son s\u00e9chage rapide, son rapport volumique de 1:1 et ses avantages suppl\u00e9mentaires en termes d&rsquo;\u00e9lasticit\u00e9, d&rsquo;imperm\u00e9abilit\u00e9 et de r\u00e9silience, <strong>MAGIECHEM 800<\/strong> est la solution id\u00e9ale pour le remplissage des joints.  <\/p>\n","protected":false},"excerpt":{"rendered":"<p>MAGIECHEM 800 : \u00c9poxy r\u00e9actif \u00e0 base de polysulfure pour le scellement rapide des joints dans le b\u00e9ton vibr\u00e9, offrant une \u00e9tanch\u00e9it\u00e9 sous z\u00e9ro avec une r\u00e9silience rapide.<\/p>\n","protected":false},"featured_media":6291,"comment_status":"closed","ping_status":"closed","template":"","meta":{"_acf_changed":false},"product_brand":[],"product_cat":[161],"product_tag":[137,138,135,139,148,141,140,142,159],"class_list":{"0":"post-9595","1":"product","2":"type-product","3":"status-publish","4":"has-post-thumbnail","6":"product_cat-revetement-de-sol-epoxy","7":"product_tag-application-exterieure-fr","8":"product_tag-clair-fr","9":"product_tag-colore-fr","10":"product_tag-durcissement-a-basse-temperature-fr","11":"product_tag-durcissement-rapide-fr","12":"product_tag-moins-de-jaunissement-fr","13":"product_tag-resistance-chimique-fr","14":"product_tag-resistance-uv-fr","15":"product_tag-traffic-tourd-fr","17":"first","18":"instock","19":"shipping-taxable","20":"product-type-simple"},"acf":[],"_links":{"self":[{"href":"https:\/\/magiefloor.com\/fr\/wp-json\/wp\/v2\/product\/9595","targetHints":{"allow":["GET"]}}],"collection":[{"href":"https:\/\/magiefloor.com\/fr\/wp-json\/wp\/v2\/product"}],"about":[{"href":"https:\/\/magiefloor.com\/fr\/wp-json\/wp\/v2\/types\/product"}],"replies":[{"embeddable":true,"href":"https:\/\/magiefloor.com\/fr\/wp-json\/wp\/v2\/comments?post=9595"}],"version-history":[{"count":0,"href":"https:\/\/magiefloor.com\/fr\/wp-json\/wp\/v2\/product\/9595\/revisions"}],"wp:featuredmedia":[{"embeddable":true,"href":"https:\/\/magiefloor.com\/fr\/wp-json\/wp\/v2\/media\/6291"}],"wp:attachment":[{"href":"https:\/\/magiefloor.com\/fr\/wp-json\/wp\/v2\/media?parent=9595"}],"wp:term":[{"taxonomy":"product_brand","embeddable":true,"href":"https:\/\/magiefloor.com\/fr\/wp-json\/wp\/v2\/product_brand?post=9595"},{"taxonomy":"product_cat","embeddable":true,"href":"https:\/\/magiefloor.com\/fr\/wp-json\/wp\/v2\/product_cat?post=9595"},{"taxonomy":"product_tag","embeddable":true,"href":"https:\/\/magiefloor.com\/fr\/wp-json\/wp\/v2\/product_tag?post=9595"}],"curies":[{"name":"wp","href":"https:\/\/api.w.org\/{rel}","templated":true}]}}