{"id":9594,"date":"2025-04-24T12:53:22","date_gmt":"2025-04-24T12:53:22","guid":{"rendered":"https:\/\/magiefloor.com\/product\/non class\u00e9\/magiechem-735\/"},"modified":"2025-04-24T12:53:22","modified_gmt":"2025-04-24T12:53:22","slug":"magiechem-735","status":"publish","type":"product","link":"https:\/\/magiefloor.com\/fr\/product\/joints-de-remplissage-de-coulee-et-de-reparation\/magiechem-735\/","title":{"rendered":"MAGIECHEM 735"},"content":{"rendered":"<p><strong>MAGIECHEM 735<\/strong> : D\u00e9couvrez la puissance d&rsquo;une r\u00e9sine d&rsquo;injection 100 % solide, con\u00e7ue pour les fissures de diff\u00e9rentes dimensions. Insensible \u00e0 l&rsquo;humidit\u00e9, c&rsquo;est la solution id\u00e9ale pour des injections stables. Compos\u00e9e de composants de haute qualit\u00e9, <strong>MAGIECHEM 735<\/strong> offre un \u00e9quilibre parfait entre duret\u00e9 et flexibilit\u00e9, garantissant une stabilit\u00e9 \u00e0 diff\u00e9rentes temp\u00e9ratures. Sa faible viscosit\u00e9 permet une p\u00e9n\u00e9tration parfaite sans fuite pr\u00e9matur\u00e9e. Gr\u00e2ce \u00e0 sa capacit\u00e9 \u00e0 combler les fissures par gravit\u00e9, sa forte adh\u00e9rence sur surfaces s\u00e8ches ou humides et sa polyvalence pour l&rsquo;adh\u00e9rence structurelle, l&rsquo;ancrage, le scellement des surfaces poreuses, et bien plus encore, <strong>MAGIECHEM 735<\/strong> est la solution sans solvant et \u00e0 faible odeur pour les travaux d&rsquo;injection sur b\u00e9ton, bois et m\u00e9tal, dans une large plage de temp\u00e9ratures.    <\/p>\n","protected":false},"excerpt":{"rendered":"<p>MAGIECHEM 735 : R\u00e9sine d&rsquo;injection polyvalente 100% solides &#8211; remplissage de fissures sans soudure, forte adh\u00e9rence et sans odeur pour diverses applications structurelles.<\/p>\n","protected":false},"featured_media":6246,"comment_status":"closed","ping_status":"closed","template":"","meta":{"_acf_changed":false},"product_brand":[],"product_cat":[169],"product_tag":[157,147,141,136],"class_list":{"0":"post-9594","1":"product","2":"type-product","3":"status-publish","4":"has-post-thumbnail","6":"product_cat-joints-de-remplissage-de-coulee-et-de-reparation","7":"product_tag-100-solide-fr","8":"product_tag-faibles-emissions-de-cov-sans-cov-fr","9":"product_tag-moins-de-jaunissement-fr","10":"product_tag-temps-de-travail-prolonge-fr","12":"first","13":"instock","14":"shipping-taxable","15":"product-type-simple"},"acf":[],"_links":{"self":[{"href":"https:\/\/magiefloor.com\/fr\/wp-json\/wp\/v2\/product\/9594","targetHints":{"allow":["GET"]}}],"collection":[{"href":"https:\/\/magiefloor.com\/fr\/wp-json\/wp\/v2\/product"}],"about":[{"href":"https:\/\/magiefloor.com\/fr\/wp-json\/wp\/v2\/types\/product"}],"replies":[{"embeddable":true,"href":"https:\/\/magiefloor.com\/fr\/wp-json\/wp\/v2\/comments?post=9594"}],"version-history":[{"count":0,"href":"https:\/\/magiefloor.com\/fr\/wp-json\/wp\/v2\/product\/9594\/revisions"}],"wp:featuredmedia":[{"embeddable":true,"href":"https:\/\/magiefloor.com\/fr\/wp-json\/wp\/v2\/media\/6246"}],"wp:attachment":[{"href":"https:\/\/magiefloor.com\/fr\/wp-json\/wp\/v2\/media?parent=9594"}],"wp:term":[{"taxonomy":"product_brand","embeddable":true,"href":"https:\/\/magiefloor.com\/fr\/wp-json\/wp\/v2\/product_brand?post=9594"},{"taxonomy":"product_cat","embeddable":true,"href":"https:\/\/magiefloor.com\/fr\/wp-json\/wp\/v2\/product_cat?post=9594"},{"taxonomy":"product_tag","embeddable":true,"href":"https:\/\/magiefloor.com\/fr\/wp-json\/wp\/v2\/product_tag?post=9594"}],"curies":[{"name":"wp","href":"https:\/\/api.w.org\/{rel}","templated":true}]}}