{"id":9593,"date":"2025-04-24T12:53:21","date_gmt":"2025-04-24T12:53:21","guid":{"rendered":"https:\/\/magiefloor.com\/product\/non class\u00e9\/magiechem-730\/"},"modified":"2025-04-24T12:53:21","modified_gmt":"2025-04-24T12:53:21","slug":"magiechem-730","status":"publish","type":"product","link":"https:\/\/magiefloor.com\/fr\/product\/joints-de-remplissage-de-coulee-et-de-reparation\/magiechem-730\/","title":{"rendered":"MAGIECHEM 730"},"content":{"rendered":"<p><strong>MAGIECHEM 730<\/strong> est une r\u00e9sine 100% solide, r\u00e9sistante \u00e0 l&rsquo;humidit\u00e9, con\u00e7ue pour l&rsquo;injection de fissures, alliant duret\u00e9 et flexibilit\u00e9 pour une stabilit\u00e9 \u00e0 toutes les temp\u00e9ratures ; sa faible viscosit\u00e9 assure une p\u00e9n\u00e9tration efficace sans fuite pr\u00e9matur\u00e9e, ce qui en fait la solution de choix pour diverses applications structurelles sur des surfaces humides ou s\u00e8ches, y compris l&rsquo;ancrage, le scellement de zones poreuses, avec une composition sans solvant et une odeur minimale.<\/p>\n","protected":false},"excerpt":{"rendered":"<p>MAGIECHEM 730 : R\u00e9sine de remplissage de fissures 100 % solide, r\u00e9sistante \u00e0 l&rsquo;humidit\u00e9, qui adh\u00e8re \u00e0 n&rsquo;importe quelle surface et fournit des solutions structurelles polyvalentes avec une composition sans solvant et \u00e0 faible odeur.<\/p>\n","protected":false},"featured_media":6246,"comment_status":"closed","ping_status":"closed","template":"","meta":{"_acf_changed":false},"product_brand":[],"product_cat":[169,161],"product_tag":[157,138,147],"class_list":{"0":"post-9593","1":"product","2":"type-product","3":"status-publish","4":"has-post-thumbnail","6":"product_cat-joints-de-remplissage-de-coulee-et-de-reparation","7":"product_cat-revetement-de-sol-epoxy","8":"product_tag-100-solide-fr","9":"product_tag-clair-fr","10":"product_tag-faibles-emissions-de-cov-sans-cov-fr","12":"first","13":"instock","14":"shipping-taxable","15":"product-type-simple"},"acf":[],"_links":{"self":[{"href":"https:\/\/magiefloor.com\/fr\/wp-json\/wp\/v2\/product\/9593","targetHints":{"allow":["GET"]}}],"collection":[{"href":"https:\/\/magiefloor.com\/fr\/wp-json\/wp\/v2\/product"}],"about":[{"href":"https:\/\/magiefloor.com\/fr\/wp-json\/wp\/v2\/types\/product"}],"replies":[{"embeddable":true,"href":"https:\/\/magiefloor.com\/fr\/wp-json\/wp\/v2\/comments?post=9593"}],"version-history":[{"count":0,"href":"https:\/\/magiefloor.com\/fr\/wp-json\/wp\/v2\/product\/9593\/revisions"}],"wp:featuredmedia":[{"embeddable":true,"href":"https:\/\/magiefloor.com\/fr\/wp-json\/wp\/v2\/media\/6246"}],"wp:attachment":[{"href":"https:\/\/magiefloor.com\/fr\/wp-json\/wp\/v2\/media?parent=9593"}],"wp:term":[{"taxonomy":"product_brand","embeddable":true,"href":"https:\/\/magiefloor.com\/fr\/wp-json\/wp\/v2\/product_brand?post=9593"},{"taxonomy":"product_cat","embeddable":true,"href":"https:\/\/magiefloor.com\/fr\/wp-json\/wp\/v2\/product_cat?post=9593"},{"taxonomy":"product_tag","embeddable":true,"href":"https:\/\/magiefloor.com\/fr\/wp-json\/wp\/v2\/product_tag?post=9593"}],"curies":[{"name":"wp","href":"https:\/\/api.w.org\/{rel}","templated":true}]}}