{"id":9592,"date":"2025-04-24T12:53:20","date_gmt":"2025-04-24T12:53:20","guid":{"rendered":"https:\/\/magiefloor.com\/product\/non class\u00e9\/magiechem-605\/"},"modified":"2025-04-24T12:53:20","modified_gmt":"2025-04-24T12:53:20","slug":"magiechem-605","status":"publish","type":"product","link":"https:\/\/magiefloor.com\/fr\/product\/revetement-de-sol-epoxy\/magiechem-605\/","title":{"rendered":"MAGIECHEM 605"},"content":{"rendered":"<p><strong>MAGIECHEM 605<\/strong> : Lib\u00e9rez la puissance in\u00e9gal\u00e9e de ce rev\u00eatement \u00e9poxy bicomposant haute r\u00e9sistance \u00e0 base d&rsquo;eau, soigneusement con\u00e7u pour l&rsquo;appr\u00eat des sols en b\u00e9ton, offrant une esth\u00e9tique naturelle sous nos SYST\u00c8MES MAGIECHEM CLEAR. Pourquoi se contenter d&rsquo;un produit compliqu\u00e9 quand vous pouvez opter pour un produit qui allie simplicit\u00e9 de m\u00e9lange (1A:1B en volume) et nettoyage aqueux sans probl\u00e8me, \u00e9liminant ainsi le recours aux solvants ? <strong>MAGIECHEM 605<\/strong> excelle non seulement comme scellant transparent, offrant une r\u00e9sistance \u00e0 l&rsquo;abrasion, une solidit\u00e9 et une protection remarquables contre les taches et les produits chimiques une fois compl\u00e8tement durci, mais il offre \u00e9galement la flexibilit\u00e9 de fonctionner \u00e0 la fois comme couche de finition et comme couche de base. Ne laissez pas vos projets \u00eatre victimes des rev\u00eatements ordinaires ; choisissez <strong>MAGIECHEM 605<\/strong> et profitez de l&rsquo;\u00e9clat d&rsquo;une brillance r\u00e9duite, de propri\u00e9t\u00e9s conductrices personnalisables et de la conformit\u00e9 LEED. Il est temps de relever vos standards et de laisser tomber les options conventionnelles, en vous demandant pourquoi vous vous \u00eates content\u00e9 de moins.   <\/p>\n","protected":false},"excerpt":{"rendered":"<p>MAGIECHEM 605 : Rev\u00eatement \u00e9poxy offrant une protection sup\u00e9rieure et une finition naturelle pour les sols en b\u00e9ton dans diverses applications.<\/p>\n","protected":false},"featured_media":0,"comment_status":"closed","ping_status":"closed","template":"","meta":{"_acf_changed":false},"product_brand":[],"product_cat":[161],"product_tag":[146,138,147,141],"class_list":{"0":"post-9592","1":"product","2":"type-product","3":"status-publish","5":"product_cat-revetement-de-sol-epoxy","6":"product_tag-application-pour-installations-alimentaires-fr","7":"product_tag-clair-fr","8":"product_tag-faibles-emissions-de-cov-sans-cov-fr","9":"product_tag-moins-de-jaunissement-fr","11":"first","12":"instock","13":"shipping-taxable","14":"product-type-simple"},"acf":[],"_links":{"self":[{"href":"https:\/\/magiefloor.com\/fr\/wp-json\/wp\/v2\/product\/9592","targetHints":{"allow":["GET"]}}],"collection":[{"href":"https:\/\/magiefloor.com\/fr\/wp-json\/wp\/v2\/product"}],"about":[{"href":"https:\/\/magiefloor.com\/fr\/wp-json\/wp\/v2\/types\/product"}],"replies":[{"embeddable":true,"href":"https:\/\/magiefloor.com\/fr\/wp-json\/wp\/v2\/comments?post=9592"}],"version-history":[{"count":0,"href":"https:\/\/magiefloor.com\/fr\/wp-json\/wp\/v2\/product\/9592\/revisions"}],"wp:attachment":[{"href":"https:\/\/magiefloor.com\/fr\/wp-json\/wp\/v2\/media?parent=9592"}],"wp:term":[{"taxonomy":"product_brand","embeddable":true,"href":"https:\/\/magiefloor.com\/fr\/wp-json\/wp\/v2\/product_brand?post=9592"},{"taxonomy":"product_cat","embeddable":true,"href":"https:\/\/magiefloor.com\/fr\/wp-json\/wp\/v2\/product_cat?post=9592"},{"taxonomy":"product_tag","embeddable":true,"href":"https:\/\/magiefloor.com\/fr\/wp-json\/wp\/v2\/product_tag?post=9592"}],"curies":[{"name":"wp","href":"https:\/\/api.w.org\/{rel}","templated":true}]}}