{"id":9591,"date":"2025-04-24T12:53:19","date_gmt":"2025-04-24T12:53:19","guid":{"rendered":"https:\/\/magiefloor.com\/product\/non class\u00e9\/magiechem-601\/"},"modified":"2025-04-24T12:53:19","modified_gmt":"2025-04-24T12:53:19","slug":"magiechem-601","status":"publish","type":"product","link":"https:\/\/magiefloor.com\/fr\/product\/revetement-de-sol-epoxy\/magiechem-601\/","title":{"rendered":"MAGIECHEM 601"},"content":{"rendered":"<p><strong>MAGIECHEM 601<\/strong> est un \u00e9poxy bicomposant \u00e0 base d&rsquo;eau, soigneusement formul\u00e9 pour les applications avec ciment Portland et sable sec. Con\u00e7u pour la restauration, le ragr\u00e9age rapide et le nivellement ou le remplissage\/lissage de trous dans les murs, <strong>MAGIECHEM 601<\/strong> est la solution pr\u00e9liminaire id\u00e9ale avant l&rsquo;application des autres syst\u00e8mes MAGIECHEM. Offrant l&rsquo;avantage unique d&rsquo;adh\u00e9rer au b\u00e9ton humide, ce liant est non seulement \u00e9conomique, mais aussi respectueux de l&rsquo;environnement avec un taux de COV inf\u00e9rieur \u00e0 50 g\/l, conforme aux exigences du programme LEED. Ce syst\u00e8me de ragr\u00e9age \u00e9poxy \u00e0 haut pouvoir garnissant assure une application rapide en moins de 24 heures avec la quasi-totalit\u00e9 des rev\u00eatements \u00e9poxy MAGIECHEM 100 % solides, pour un flux de travail fluide et efficace. Application facile et \u00e9talage sans effort lorsqu&rsquo;il est correctement m\u00e9lang\u00e9 avec du sable et du ciment Portland, en respectant les proportions de m\u00e9lange sp\u00e9cifi\u00e9es.    <\/p>\n","protected":false},"excerpt":{"rendered":"<p>MAGIECHEM 601 : \u00c9poxy \u00e0 base d&rsquo;eau, \u00e9conomique, \u00e9cologique et efficace, assurant une base solide pour les applications ult\u00e9rieures du syst\u00e8me MAGIECHEM.<\/p>\n","protected":false},"featured_media":6292,"comment_status":"closed","ping_status":"closed","template":"","meta":{"_acf_changed":false},"product_brand":[],"product_cat":[161],"product_tag":[146,135,148,147,159],"class_list":{"0":"post-9591","1":"product","2":"type-product","3":"status-publish","4":"has-post-thumbnail","6":"product_cat-revetement-de-sol-epoxy","7":"product_tag-application-pour-installations-alimentaires-fr","8":"product_tag-colore-fr","9":"product_tag-durcissement-rapide-fr","10":"product_tag-faibles-emissions-de-cov-sans-cov-fr","11":"product_tag-traffic-tourd-fr","13":"first","14":"instock","15":"shipping-taxable","16":"product-type-simple"},"acf":[],"_links":{"self":[{"href":"https:\/\/magiefloor.com\/fr\/wp-json\/wp\/v2\/product\/9591","targetHints":{"allow":["GET"]}}],"collection":[{"href":"https:\/\/magiefloor.com\/fr\/wp-json\/wp\/v2\/product"}],"about":[{"href":"https:\/\/magiefloor.com\/fr\/wp-json\/wp\/v2\/types\/product"}],"replies":[{"embeddable":true,"href":"https:\/\/magiefloor.com\/fr\/wp-json\/wp\/v2\/comments?post=9591"}],"version-history":[{"count":0,"href":"https:\/\/magiefloor.com\/fr\/wp-json\/wp\/v2\/product\/9591\/revisions"}],"wp:featuredmedia":[{"embeddable":true,"href":"https:\/\/magiefloor.com\/fr\/wp-json\/wp\/v2\/media\/6292"}],"wp:attachment":[{"href":"https:\/\/magiefloor.com\/fr\/wp-json\/wp\/v2\/media?parent=9591"}],"wp:term":[{"taxonomy":"product_brand","embeddable":true,"href":"https:\/\/magiefloor.com\/fr\/wp-json\/wp\/v2\/product_brand?post=9591"},{"taxonomy":"product_cat","embeddable":true,"href":"https:\/\/magiefloor.com\/fr\/wp-json\/wp\/v2\/product_cat?post=9591"},{"taxonomy":"product_tag","embeddable":true,"href":"https:\/\/magiefloor.com\/fr\/wp-json\/wp\/v2\/product_tag?post=9591"}],"curies":[{"name":"wp","href":"https:\/\/api.w.org\/{rel}","templated":true}]}}