{"id":9590,"date":"2025-04-29T12:53:48","date_gmt":"2025-04-29T12:53:48","guid":{"rendered":"https:\/\/magiefloor.com\/product\/non%20class\u00e9\/magiechem-565\/"},"modified":"2025-08-22T12:57:09","modified_gmt":"2025-08-22T12:57:09","slug":"magiechem-565","status":"publish","type":"product","link":"https:\/\/magiefloor.com\/fr\/product\/revetement-de-sol-epoxy\/magiechem-565\/","title":{"rendered":"MAGIECHEM 565"},"content":{"rendered":"<p><strong>MAGIECHEM 565<\/strong> est un primaire \u00e9poxy p\u00e9n\u00e9trant bicomposant hautement efficace, 100 % solides, con\u00e7u pour les surfaces en b\u00e9ton contamin\u00e9es par des hydrocarbures. Sa formulation avanc\u00e9e offre des capacit\u00e9s de mouillage et de p\u00e9n\u00e9tration exceptionnelles, am\u00e9liorant l&rsquo;adh\u00e9rence et l&rsquo;aspect en \u00e9liminant les probl\u00e8mes courants tels que le d\u00e9gazage, les crat\u00e8res, les yeux de poisson et le lessivage par l&rsquo;huile. Facile \u00e0 appliquer, gr\u00e2ce \u00e0 un simple rapport de m\u00e9lange de 2:1 en volume, ce primaire assure un bon \u00e9quilibre de viscosit\u00e9 pour une p\u00e9n\u00e9tration \u00e9lev\u00e9e. Gr\u00e2ce \u00e0 son excellente r\u00e9sistance \u00e0 l&rsquo;humidit\u00e9 et \u00e0 sa compatibilit\u00e9 avec le b\u00e9ton humide ou sec, m\u00eame en conditions d&rsquo;humidit\u00e9 variable et de basses temp\u00e9ratures, <strong>MAGIECHEM 565<\/strong> est une solution fiable pour les supports difficiles. De plus, sa teneur z\u00e9ro en COV r\u00e9pond aux exigences LEED, ce qui en fait un choix \u00e9cologique pour diverses applications.    <\/p>\n","protected":false},"excerpt":{"rendered":"<p>MAGIECHEM 565 : Un appr\u00eat \u00e9poxy p\u00e9n\u00e9trant 2K \u00e0 100 % de solides avec un rapport de m\u00e9lange de 2:1, offrant une adh\u00e9rence exceptionnelle au b\u00e9ton contamin\u00e9 par l&rsquo;huile, \u00e9liminant les probl\u00e8mes tels que les yeux de poisson et les crat\u00e8res, et r\u00e9pondant aux exigences LEED.<\/p>\n","protected":false},"featured_media":6240,"comment_status":"closed","ping_status":"closed","template":"","meta":{"_acf_changed":false},"product_brand":[],"product_cat":[161],"product_tag":[157,146,164,139,147,140,168,159],"class_list":{"0":"post-9590","1":"product","2":"type-product","3":"status-publish","4":"has-post-thumbnail","6":"product_cat-revetement-de-sol-epoxy","7":"product_tag-100-solide-fr","8":"product_tag-application-pour-installations-alimentaires-fr","9":"product_tag-appret","10":"product_tag-durcissement-a-basse-temperature-fr","11":"product_tag-faibles-emissions-de-cov-sans-cov-fr","12":"product_tag-resistance-chimique-fr","13":"product_tag-surface-contaminee-fr","14":"product_tag-traffic-tourd-fr","15":"pa_size-3-gal-kit-us-gal-fr","17":"first","18":"instock","19":"shipping-taxable","20":"product-type-variable"},"acf":[],"_links":{"self":[{"href":"https:\/\/magiefloor.com\/fr\/wp-json\/wp\/v2\/product\/9590","targetHints":{"allow":["GET"]}}],"collection":[{"href":"https:\/\/magiefloor.com\/fr\/wp-json\/wp\/v2\/product"}],"about":[{"href":"https:\/\/magiefloor.com\/fr\/wp-json\/wp\/v2\/types\/product"}],"replies":[{"embeddable":true,"href":"https:\/\/magiefloor.com\/fr\/wp-json\/wp\/v2\/comments?post=9590"}],"version-history":[{"count":1,"href":"https:\/\/magiefloor.com\/fr\/wp-json\/wp\/v2\/product\/9590\/revisions"}],"predecessor-version":[{"id":9662,"href":"https:\/\/magiefloor.com\/fr\/wp-json\/wp\/v2\/product\/9590\/revisions\/9662"}],"wp:featuredmedia":[{"embeddable":true,"href":"https:\/\/magiefloor.com\/fr\/wp-json\/wp\/v2\/media\/6240"}],"wp:attachment":[{"href":"https:\/\/magiefloor.com\/fr\/wp-json\/wp\/v2\/media?parent=9590"}],"wp:term":[{"taxonomy":"product_brand","embeddable":true,"href":"https:\/\/magiefloor.com\/fr\/wp-json\/wp\/v2\/product_brand?post=9590"},{"taxonomy":"product_cat","embeddable":true,"href":"https:\/\/magiefloor.com\/fr\/wp-json\/wp\/v2\/product_cat?post=9590"},{"taxonomy":"product_tag","embeddable":true,"href":"https:\/\/magiefloor.com\/fr\/wp-json\/wp\/v2\/product_tag?post=9590"}],"curies":[{"name":"wp","href":"https:\/\/api.w.org\/{rel}","templated":true}]}}