{"id":9589,"date":"2025-04-24T12:53:18","date_gmt":"2025-04-24T12:53:18","guid":{"rendered":"https:\/\/magiefloor.com\/product\/non class\u00e9\/magiechem-542\/"},"modified":"2025-04-24T12:53:18","modified_gmt":"2025-04-24T12:53:18","slug":"magiechem-542","status":"publish","type":"product","link":"https:\/\/magiefloor.com\/fr\/product\/revetement-de-sol-epoxy\/magiechem-542\/","title":{"rendered":"MAGIECHEM 542"},"content":{"rendered":"<p><strong>MAGIECHEM 542<\/strong> est un rev\u00eatement \u00e9poxy bicomposant r\u00e9put\u00e9 pour sa finition lisse et son extrait sec de 100 %. Sp\u00e9cialement con\u00e7u pour les applications int\u00e9rieures, <strong>MAGIECHEM 542<\/strong> est id\u00e9al pour les espaces n\u00e9cessitant une finition tr\u00e8s lisse et une surface nettoyable, permettant une st\u00e9rilisation facile \u00e0 l&rsquo;alcool ou \u00e0 l&rsquo;alcool isopropylique. Ce rev\u00eatement polyvalent s&rsquo;applique directement sur les murs en pl\u00e2tre et offre une r\u00e9sistance exceptionnelle aux produits chimiques, \u00e0 l&rsquo;abrasion et aux UV. Avec deux couches applicables en une seule journ\u00e9e, <strong>MAGIECHEM 542<\/strong> garantit une surface \u00e9poxy lisse, flexible, imperm\u00e9able et sans joint, permettant d&rsquo;obtenir la texture l\u00e9g\u00e8re souhait\u00e9e \u00e0 l&rsquo;aide d&rsquo;un rouleau de 8 mm.   <\/p>\n","protected":false},"excerpt":{"rendered":"<p>MAGIECHEM 542 : \u00c9poxy lisse, r\u00e9sistant et facilement st\u00e9rilisable, il offre une finition r\u00e9sistante et esth\u00e9tique en une seule journ\u00e9e.<\/p>\n","protected":false},"featured_media":6293,"comment_status":"closed","ping_status":"closed","template":"","meta":{"_acf_changed":false},"product_brand":[],"product_cat":[161],"product_tag":[157,146,135,147,141,140,136,159],"class_list":{"0":"post-9589","1":"product","2":"type-product","3":"status-publish","4":"has-post-thumbnail","6":"product_cat-revetement-de-sol-epoxy","7":"product_tag-100-solide-fr","8":"product_tag-application-pour-installations-alimentaires-fr","9":"product_tag-colore-fr","10":"product_tag-faibles-emissions-de-cov-sans-cov-fr","11":"product_tag-moins-de-jaunissement-fr","12":"product_tag-resistance-chimique-fr","13":"product_tag-temps-de-travail-prolonge-fr","14":"product_tag-traffic-tourd-fr","16":"first","17":"instock","18":"shipping-taxable","19":"product-type-simple"},"acf":[],"_links":{"self":[{"href":"https:\/\/magiefloor.com\/fr\/wp-json\/wp\/v2\/product\/9589","targetHints":{"allow":["GET"]}}],"collection":[{"href":"https:\/\/magiefloor.com\/fr\/wp-json\/wp\/v2\/product"}],"about":[{"href":"https:\/\/magiefloor.com\/fr\/wp-json\/wp\/v2\/types\/product"}],"replies":[{"embeddable":true,"href":"https:\/\/magiefloor.com\/fr\/wp-json\/wp\/v2\/comments?post=9589"}],"version-history":[{"count":0,"href":"https:\/\/magiefloor.com\/fr\/wp-json\/wp\/v2\/product\/9589\/revisions"}],"wp:featuredmedia":[{"embeddable":true,"href":"https:\/\/magiefloor.com\/fr\/wp-json\/wp\/v2\/media\/6293"}],"wp:attachment":[{"href":"https:\/\/magiefloor.com\/fr\/wp-json\/wp\/v2\/media?parent=9589"}],"wp:term":[{"taxonomy":"product_brand","embeddable":true,"href":"https:\/\/magiefloor.com\/fr\/wp-json\/wp\/v2\/product_brand?post=9589"},{"taxonomy":"product_cat","embeddable":true,"href":"https:\/\/magiefloor.com\/fr\/wp-json\/wp\/v2\/product_cat?post=9589"},{"taxonomy":"product_tag","embeddable":true,"href":"https:\/\/magiefloor.com\/fr\/wp-json\/wp\/v2\/product_tag?post=9589"}],"curies":[{"name":"wp","href":"https:\/\/api.w.org\/{rel}","templated":true}]}}