{"id":9588,"date":"2025-04-24T12:53:18","date_gmt":"2025-04-24T12:53:18","guid":{"rendered":"https:\/\/magiefloor.com\/product\/non class\u00e9\/magiechem-516\/"},"modified":"2025-04-24T12:53:18","modified_gmt":"2025-04-24T12:53:18","slug":"magiechem-516","status":"publish","type":"product","link":"https:\/\/magiefloor.com\/fr\/product\/revetement-de-sol-epoxy\/magiechem-516\/","title":{"rendered":"MAGIECHEM 516"},"content":{"rendered":"<p><strong>MAGIECHEM 516<\/strong> est un \u00e9poxy bicomposant r\u00e9volutionnaire, parfaitement \u00e9quilibr\u00e9 gr\u00e2ce \u00e0 un rapport de m\u00e9lange 1:1 et une composition \u00e0 haute teneur en solides, offrant une finition c\u00e9ramique sup\u00e9rieure apr\u00e8s durcissement. Con\u00e7u pour des performances optimales, il excelle en mouillage et en pouvoir couvrant sur les supports poreux, am\u00e9liorant l&rsquo;apparence tout en offrant une r\u00e9sistance exceptionnelle \u00e0 l&rsquo;abrasion et \u00e0 la corrosion et en pr\u00e9venant la croissance des moisissures et des champignons. Fonctionnant \u00e0 la fois comme primaire et couche de finition, <strong>MAGIECHEM 516<\/strong> conf\u00e8re sans effort une finition c\u00e9ramique impeccable \u00e0 tous les supports apr\u00e8s une application et un durcissement soign\u00e9s. Gr\u00e2ce \u00e0 un rapport de m\u00e9lange 1A:1B facile \u00e0 appliquer, il garantit une application impeccable, avec une viscosit\u00e9 pseudo-plastique pour une excellente r\u00e9sistance \u00e0 l&rsquo;humidit\u00e9 et une adh\u00e9rence in\u00e9gal\u00e9e. Parmi les avantages pour l&rsquo;utilisateur, citons un nettoyage facile et la possibilit\u00e9 de reboucher et de sceller les supports imparfaits, ce qui en fait un rev\u00eatement \u00e9conomique enrichi en charges inorganiques pour des performances maximales.    <\/p>\n<p>Red\u00e9finissez votre exp\u00e9rience de rev\u00eatement avec <strong>MAGIECHEM 516<\/strong> &#8211; sans effort, durable et rentable.<\/p>\n","protected":false},"excerpt":{"rendered":"<p>Red\u00e9finissez votre exp\u00e9rience de rev\u00eatement avec MAGIECHEM 516 &#8211; sans effort, durable et rentable.<\/p>\n","protected":false},"featured_media":6294,"comment_status":"closed","ping_status":"closed","template":"","meta":{"_acf_changed":false},"product_brand":[],"product_cat":[161],"product_tag":[135,148,140,136],"class_list":{"0":"post-9588","1":"product","2":"type-product","3":"status-publish","4":"has-post-thumbnail","6":"product_cat-revetement-de-sol-epoxy","7":"product_tag-colore-fr","8":"product_tag-durcissement-rapide-fr","9":"product_tag-resistance-chimique-fr","10":"product_tag-temps-de-travail-prolonge-fr","12":"first","13":"instock","14":"shipping-taxable","15":"product-type-simple"},"acf":[],"_links":{"self":[{"href":"https:\/\/magiefloor.com\/fr\/wp-json\/wp\/v2\/product\/9588","targetHints":{"allow":["GET"]}}],"collection":[{"href":"https:\/\/magiefloor.com\/fr\/wp-json\/wp\/v2\/product"}],"about":[{"href":"https:\/\/magiefloor.com\/fr\/wp-json\/wp\/v2\/types\/product"}],"replies":[{"embeddable":true,"href":"https:\/\/magiefloor.com\/fr\/wp-json\/wp\/v2\/comments?post=9588"}],"version-history":[{"count":0,"href":"https:\/\/magiefloor.com\/fr\/wp-json\/wp\/v2\/product\/9588\/revisions"}],"wp:featuredmedia":[{"embeddable":true,"href":"https:\/\/magiefloor.com\/fr\/wp-json\/wp\/v2\/media\/6294"}],"wp:attachment":[{"href":"https:\/\/magiefloor.com\/fr\/wp-json\/wp\/v2\/media?parent=9588"}],"wp:term":[{"taxonomy":"product_brand","embeddable":true,"href":"https:\/\/magiefloor.com\/fr\/wp-json\/wp\/v2\/product_brand?post=9588"},{"taxonomy":"product_cat","embeddable":true,"href":"https:\/\/magiefloor.com\/fr\/wp-json\/wp\/v2\/product_cat?post=9588"},{"taxonomy":"product_tag","embeddable":true,"href":"https:\/\/magiefloor.com\/fr\/wp-json\/wp\/v2\/product_tag?post=9588"}],"curies":[{"name":"wp","href":"https:\/\/api.w.org\/{rel}","templated":true}]}}