{"id":9587,"date":"2025-04-24T12:53:28","date_gmt":"2025-04-24T12:53:28","guid":{"rendered":"https:\/\/magiefloor.com\/product\/non class\u00e9\/magiechem-5087\/"},"modified":"2025-04-24T12:53:28","modified_gmt":"2025-04-24T12:53:28","slug":"magiechem-5087","status":"publish","type":"product","link":"https:\/\/magiefloor.com\/fr\/product\/revetement-de-sol-epoxy\/magiechem-5087\/","title":{"rendered":"MAGIECHEM 5087"},"content":{"rendered":"<p><strong>MAGIECHEM 5087<\/strong> est un primaire \u00e9poxy bicomposant en phase aqueuse, con\u00e7u pour les surfaces int\u00e9rieures en b\u00e9ton fra\u00eechement coul\u00e9 (b\u00e9ton frais de moins de 24 heures). <strong>MAGIECHEM 5087<\/strong> convient aux surfaces en b\u00e9ton bross\u00e9. Il offre une excellente adh\u00e9rence et une bonne p\u00e9n\u00e9tration dans le b\u00e9ton, permettant une reprise rapide de l&rsquo;\u00e9tat de surface en moins de 7 jours apr\u00e8s le coulage. <\/p>\n","protected":false},"excerpt":{"rendered":"<p>MAGIECHEM 5087 : Primaire \u00e9poxy bicomposant hautes performances, en phase aqueuse, pare-vapeur, pour b\u00e9ton frais (moins de 24 heures), en int\u00e9rieur. Adapt\u00e9 au b\u00e9ton bross\u00e9, il offre une excellente adh\u00e9rence et p\u00e9n\u00e9tration, avec une reprise d&rsquo;adh\u00e9rence en moins de 7 jours apr\u00e8s coulage. <\/p>\n","protected":false},"featured_media":6256,"comment_status":"closed","ping_status":"closed","template":"","meta":{"_acf_changed":false},"product_brand":[],"product_cat":[161],"product_tag":[137,138,147,136],"class_list":{"0":"post-9587","1":"product","2":"type-product","3":"status-publish","4":"has-post-thumbnail","6":"product_cat-revetement-de-sol-epoxy","7":"product_tag-application-exterieure-fr","8":"product_tag-clair-fr","9":"product_tag-faibles-emissions-de-cov-sans-cov-fr","10":"product_tag-temps-de-travail-prolonge-fr","11":"pa_size-kit-10-gal-gal-us","12":"pa_size-kit-2-gal-gal-us","14":"first","15":"instock","16":"featured","17":"shipping-taxable","18":"product-type-variable"},"acf":[],"_links":{"self":[{"href":"https:\/\/magiefloor.com\/fr\/wp-json\/wp\/v2\/product\/9587","targetHints":{"allow":["GET"]}}],"collection":[{"href":"https:\/\/magiefloor.com\/fr\/wp-json\/wp\/v2\/product"}],"about":[{"href":"https:\/\/magiefloor.com\/fr\/wp-json\/wp\/v2\/types\/product"}],"replies":[{"embeddable":true,"href":"https:\/\/magiefloor.com\/fr\/wp-json\/wp\/v2\/comments?post=9587"}],"version-history":[{"count":0,"href":"https:\/\/magiefloor.com\/fr\/wp-json\/wp\/v2\/product\/9587\/revisions"}],"wp:featuredmedia":[{"embeddable":true,"href":"https:\/\/magiefloor.com\/fr\/wp-json\/wp\/v2\/media\/6256"}],"wp:attachment":[{"href":"https:\/\/magiefloor.com\/fr\/wp-json\/wp\/v2\/media?parent=9587"}],"wp:term":[{"taxonomy":"product_brand","embeddable":true,"href":"https:\/\/magiefloor.com\/fr\/wp-json\/wp\/v2\/product_brand?post=9587"},{"taxonomy":"product_cat","embeddable":true,"href":"https:\/\/magiefloor.com\/fr\/wp-json\/wp\/v2\/product_cat?post=9587"},{"taxonomy":"product_tag","embeddable":true,"href":"https:\/\/magiefloor.com\/fr\/wp-json\/wp\/v2\/product_tag?post=9587"}],"curies":[{"name":"wp","href":"https:\/\/api.w.org\/{rel}","templated":true}]}}