{"id":9586,"date":"2025-04-29T12:53:53","date_gmt":"2025-04-29T12:53:53","guid":{"rendered":"https:\/\/magiefloor.com\/product\/non%20class\u00e9\/magiechem-5076\/"},"modified":"2025-08-22T12:57:07","modified_gmt":"2025-08-22T12:57:07","slug":"magiechem-5076","status":"publish","type":"product","link":"https:\/\/magiefloor.com\/fr\/product\/revetement-de-sol-epoxy\/magiechem-5076\/","title":{"rendered":"MAGIECHEM 5076"},"content":{"rendered":"<p>D\u00e9couvrez <strong>MAGIECHEM 5076<\/strong>, un primaire \u00e9poxy bicomposant 100 % solides, reconnu pour sa tr\u00e8s faible viscosit\u00e9, permettant une p\u00e9n\u00e9tration profonde dans le b\u00e9ton. Son pouvoir mouillant exceptionnel explique son adh\u00e9rence exceptionnelle. <strong>MAGIECHEM 5076<\/strong> peut \u00eatre appliqu\u00e9 sur b\u00e9ton sec ou humide, mais pas sur b\u00e9ton mouill\u00e9. Ses principaux avantages sont une excellente p\u00e9n\u00e9tration, une faible viscosit\u00e9, une flexibilit\u00e9 exceptionnelle et une excellente adh\u00e9rence au b\u00e9ton. Ce produit est \u00e9galement conforme aux normes LEED. Pour une application optimale, assurez-vous que la surface est exempte de tout contaminant tel que graisse, huile, traces de pneus et autres polluants. Des pr\u00e9parations m\u00e9caniques ou chimiques sont recommand\u00e9es selon l&rsquo;\u00e9tat du support. <strong>MAGIECHEM 5076<\/strong> est la solution id\u00e9ale pour pr\u00e9parer vos surfaces avant l&rsquo;application d&rsquo;un rev\u00eatement. Consultez la fiche de donn\u00e9es de s\u00e9curit\u00e9 avant utilisation et n&rsquo;oubliez pas que ce produit peut \u00eatre appliqu\u00e9 \u00e0 des temp\u00e9ratures aussi basses que 5 \u00b0C (41 \u00b0F). Ne manquez pas l&rsquo;occasion d&rsquo;utiliser le meilleur primaire \u00e9poxy du march\u00e9, con\u00e7u pour des performances sup\u00e9rieures, une durabilit\u00e9 in\u00e9gal\u00e9e et une adh\u00e9rence exceptionnelle.       <\/p>\n","protected":false},"excerpt":{"rendered":"<p>MAGIECHEM 5076 : Appr\u00eat \u00e9poxy pare-vapeur 100 % solides, offrant une p\u00e9n\u00e9tration profonde, une faible viscosit\u00e9, une adh\u00e9rence exceptionnelle sur divers substrats et une conformit\u00e9 LEED respectueuse de l&rsquo;environnement avec une excellente flexibilit\u00e9.<\/p>\n","protected":false},"featured_media":6240,"comment_status":"closed","ping_status":"closed","template":"","meta":{"_acf_changed":false},"product_brand":[],"product_cat":[161],"product_tag":[157,146,138,135,139,147,140,159],"class_list":{"0":"post-9586","1":"product","2":"type-product","3":"status-publish","4":"has-post-thumbnail","6":"product_cat-revetement-de-sol-epoxy","7":"product_tag-100-solide-fr","8":"product_tag-application-pour-installations-alimentaires-fr","9":"product_tag-clair-fr","10":"product_tag-colore-fr","11":"product_tag-durcissement-a-basse-temperature-fr","12":"product_tag-faibles-emissions-de-cov-sans-cov-fr","13":"product_tag-resistance-chimique-fr","14":"product_tag-traffic-tourd-fr","15":"pa_size-15-gal-kit-us-gal-fr","16":"pa_size-3-gal-kit-us-gal-fr","18":"first","19":"instock","20":"shipping-taxable","21":"product-type-variable"},"acf":[],"_links":{"self":[{"href":"https:\/\/magiefloor.com\/fr\/wp-json\/wp\/v2\/product\/9586","targetHints":{"allow":["GET"]}}],"collection":[{"href":"https:\/\/magiefloor.com\/fr\/wp-json\/wp\/v2\/product"}],"about":[{"href":"https:\/\/magiefloor.com\/fr\/wp-json\/wp\/v2\/types\/product"}],"replies":[{"embeddable":true,"href":"https:\/\/magiefloor.com\/fr\/wp-json\/wp\/v2\/comments?post=9586"}],"version-history":[{"count":1,"href":"https:\/\/magiefloor.com\/fr\/wp-json\/wp\/v2\/product\/9586\/revisions"}],"predecessor-version":[{"id":9657,"href":"https:\/\/magiefloor.com\/fr\/wp-json\/wp\/v2\/product\/9586\/revisions\/9657"}],"wp:featuredmedia":[{"embeddable":true,"href":"https:\/\/magiefloor.com\/fr\/wp-json\/wp\/v2\/media\/6240"}],"wp:attachment":[{"href":"https:\/\/magiefloor.com\/fr\/wp-json\/wp\/v2\/media?parent=9586"}],"wp:term":[{"taxonomy":"product_brand","embeddable":true,"href":"https:\/\/magiefloor.com\/fr\/wp-json\/wp\/v2\/product_brand?post=9586"},{"taxonomy":"product_cat","embeddable":true,"href":"https:\/\/magiefloor.com\/fr\/wp-json\/wp\/v2\/product_cat?post=9586"},{"taxonomy":"product_tag","embeddable":true,"href":"https:\/\/magiefloor.com\/fr\/wp-json\/wp\/v2\/product_tag?post=9586"}],"curies":[{"name":"wp","href":"https:\/\/api.w.org\/{rel}","templated":true}]}}