{"id":9585,"date":"2025-04-24T12:53:17","date_gmt":"2025-04-24T12:53:17","guid":{"rendered":"https:\/\/magiefloor.com\/product\/non class\u00e9\/magiechem-506\/"},"modified":"2025-04-24T12:53:17","modified_gmt":"2025-04-24T12:53:17","slug":"magiechem-506","status":"publish","type":"product","link":"https:\/\/magiefloor.com\/fr\/product\/revetement-de-sol-epoxy\/magiechem-506\/","title":{"rendered":"MAGIECHEM 506"},"content":{"rendered":"<p><strong>MAGIECHEM 506<\/strong> est un primaire \u00e9poxy polyvalent destin\u00e9 \u00e0 \u00eatre utilis\u00e9 comme couche de base ou couche interm\u00e9diaire dans un syst\u00e8me d\u00e9di\u00e9 \u00e0 la r\u00e9novation des baignoires, lavabos, toilettes et murs en carrelage c\u00e9ramique. Ce rev\u00eatement \u00e9poxy bicomposant garantit une excellente adh\u00e9rence au support et constitue une base solide pour les finitions telles que <strong>MAGIECHEM 516<\/strong>. Sa facilit\u00e9 d&rsquo;application, sans d\u00e9placer les appareils lorsque les autres surfaces sont correctement recouvertes, et sa capacit\u00e9 \u00e0 corriger les petites imperfections du support, en font un choix id\u00e9al pour des r\u00e9sultats impeccables lors de la r\u00e9novation des surfaces \u00e9maill\u00e9es.  <\/p>\n","protected":false},"excerpt":{"rendered":"<p>MAGIECHEM 506 : Appr\u00eat \u00e9poxy, id\u00e9al pour la r\u00e9novation de baignoires, lavabos, toilettes et murs en carreaux de c\u00e9ramique, offrant une excellente adh\u00e9rence au support, une application facile sans d\u00e9placer l&rsquo;appareil et une base parfaite pour les couches de finition telles que MAGIECHEM 516.<\/p>\n","protected":false},"featured_media":6295,"comment_status":"closed","ping_status":"closed","template":"","meta":{"_acf_changed":false},"product_brand":[],"product_cat":[161],"product_tag":[135,148,140,136],"class_list":{"0":"post-9585","1":"product","2":"type-product","3":"status-publish","4":"has-post-thumbnail","6":"product_cat-revetement-de-sol-epoxy","7":"product_tag-colore-fr","8":"product_tag-durcissement-rapide-fr","9":"product_tag-resistance-chimique-fr","10":"product_tag-temps-de-travail-prolonge-fr","12":"first","13":"instock","14":"shipping-taxable","15":"product-type-simple"},"acf":[],"_links":{"self":[{"href":"https:\/\/magiefloor.com\/fr\/wp-json\/wp\/v2\/product\/9585","targetHints":{"allow":["GET"]}}],"collection":[{"href":"https:\/\/magiefloor.com\/fr\/wp-json\/wp\/v2\/product"}],"about":[{"href":"https:\/\/magiefloor.com\/fr\/wp-json\/wp\/v2\/types\/product"}],"replies":[{"embeddable":true,"href":"https:\/\/magiefloor.com\/fr\/wp-json\/wp\/v2\/comments?post=9585"}],"version-history":[{"count":0,"href":"https:\/\/magiefloor.com\/fr\/wp-json\/wp\/v2\/product\/9585\/revisions"}],"wp:featuredmedia":[{"embeddable":true,"href":"https:\/\/magiefloor.com\/fr\/wp-json\/wp\/v2\/media\/6295"}],"wp:attachment":[{"href":"https:\/\/magiefloor.com\/fr\/wp-json\/wp\/v2\/media?parent=9585"}],"wp:term":[{"taxonomy":"product_brand","embeddable":true,"href":"https:\/\/magiefloor.com\/fr\/wp-json\/wp\/v2\/product_brand?post=9585"},{"taxonomy":"product_cat","embeddable":true,"href":"https:\/\/magiefloor.com\/fr\/wp-json\/wp\/v2\/product_cat?post=9585"},{"taxonomy":"product_tag","embeddable":true,"href":"https:\/\/magiefloor.com\/fr\/wp-json\/wp\/v2\/product_tag?post=9585"}],"curies":[{"name":"wp","href":"https:\/\/api.w.org\/{rel}","templated":true}]}}