{"id":9583,"date":"2025-04-24T12:53:31","date_gmt":"2025-04-24T12:53:31","guid":{"rendered":"https:\/\/magiefloor.com\/product\/non class\u00e9\/magiechem-500d-esd\/"},"modified":"2025-04-24T12:53:31","modified_gmt":"2025-04-24T12:53:31","slug":"magiechem-500d-esd","status":"publish","type":"product","link":"https:\/\/magiefloor.com\/fr\/product\/revetement-de-sol-epoxy\/magiechem-500d-esd\/","title":{"rendered":"MAGIECHEM 500D ESD"},"content":{"rendered":"<p>MAGIECHEM 500D ESD est un rev\u00eatement \u00e9poxy conducteur bicomposant, haute r\u00e9sistance, offrant une finition lisse et brillante.<br \/>\nInstall\u00e9 \u00e0 l&rsquo;\u00e9paisseur sp\u00e9cifi\u00e9e avec une pr\u00e9paration ad\u00e9quate sur la couche de base sp\u00e9cifi\u00e9e.<br \/>\nMAGIECHEM 500D ESD pr\u00e9sente une excellente r\u00e9sistance dans la plage de conductivit\u00e9 de 1,0 x 106 \u00b5m<br \/>\n\u00e0 1,0 x 1010 \u03a9 (Ohms)<br \/>\net une bonne r\u00e9sistance chimique. Pour une r\u00e9sistance chimique extr\u00eamement \u00e9lev\u00e9e, demandez la version Novalac.<br \/>\nMAGIECHEM 500D ESD pr\u00e9sente une mesure de r\u00e9sistance constante lors de tests effectu\u00e9s entre 10 et 500 volts avec un m\u00e9gohmm\u00e8tre.<br \/>\nConforme aux normes ANSI S20.20\/ANSI 97.1 et ASTM F150. AVANTAGES<br \/>\n&#8211; Rapport de m\u00e9lange facile de 2A:1B en volume<br \/>\n&#8211; Maintient la conductivit\u00e9 \u00e9lectrique en volume<br \/>\n&#8211; Maintient la conductivit\u00e9 \u00e9lectrique tout au long de sa dur\u00e9e de vie<br \/>\n&#8211; Excellente adh\u00e9rence et r\u00e9sistance \u00e0 l&rsquo;abrasion<br \/>\n&#8211; Surface lisse et facile d&rsquo;entretien<br \/>\n&#8211; Pr\u00e9vient les explosions et les incendies en \u00e9liminant toute source d&rsquo;\u00e9nergie \u00e9lectrique.<br \/>\nLa charge superficielle est plus faible lorsqu&rsquo;elle est correctement mise \u00e0 la terre.<br \/>\n&#8211; Conforme aux exigences LEED  <\/p>\n","protected":false},"excerpt":{"rendered":"<p>MAGIECHEM 500D ESD : Rev\u00eatement \u00e9poxy bicomposant \u00e0 haute teneur en solides offrant une finition lisse et brillante, une conductivit\u00e9 \u00e9lectrique (1,0 x 10^6 \u00e0 1,0 x 10^10 ohms) et une r\u00e9sistance chimique robuste, le tout dans un rapport 2A:1B facile \u00e0 m\u00e9langer, r\u00e9pondant aux exigences LEED pour une solution durable.<\/p>\n","protected":false},"featured_media":0,"comment_status":"closed","ping_status":"closed","template":"","meta":{"_acf_changed":false},"product_brand":[],"product_cat":[161],"product_tag":[157,146,165,139,147,140],"class_list":{"0":"post-9583","1":"product","2":"type-product","3":"status-publish","5":"product_cat-revetement-de-sol-epoxy","6":"product_tag-100-solide-fr","7":"product_tag-application-pour-installations-alimentaires-fr","8":"product_tag-conducteur-esd-fr","9":"product_tag-durcissement-a-basse-temperature-fr","10":"product_tag-faibles-emissions-de-cov-sans-cov-fr","11":"product_tag-resistance-chimique-fr","12":"pa_size-3-gal-kit-us-gal-fr","14":"first","15":"instock","16":"shipping-taxable","17":"product-type-variable"},"acf":[],"_links":{"self":[{"href":"https:\/\/magiefloor.com\/fr\/wp-json\/wp\/v2\/product\/9583","targetHints":{"allow":["GET"]}}],"collection":[{"href":"https:\/\/magiefloor.com\/fr\/wp-json\/wp\/v2\/product"}],"about":[{"href":"https:\/\/magiefloor.com\/fr\/wp-json\/wp\/v2\/types\/product"}],"replies":[{"embeddable":true,"href":"https:\/\/magiefloor.com\/fr\/wp-json\/wp\/v2\/comments?post=9583"}],"version-history":[{"count":0,"href":"https:\/\/magiefloor.com\/fr\/wp-json\/wp\/v2\/product\/9583\/revisions"}],"wp:attachment":[{"href":"https:\/\/magiefloor.com\/fr\/wp-json\/wp\/v2\/media?parent=9583"}],"wp:term":[{"taxonomy":"product_brand","embeddable":true,"href":"https:\/\/magiefloor.com\/fr\/wp-json\/wp\/v2\/product_brand?post=9583"},{"taxonomy":"product_cat","embeddable":true,"href":"https:\/\/magiefloor.com\/fr\/wp-json\/wp\/v2\/product_cat?post=9583"},{"taxonomy":"product_tag","embeddable":true,"href":"https:\/\/magiefloor.com\/fr\/wp-json\/wp\/v2\/product_tag?post=9583"}],"curies":[{"name":"wp","href":"https:\/\/api.w.org\/{rel}","templated":true}]}}