{"id":9578,"date":"2025-04-24T12:53:43","date_gmt":"2025-04-24T12:53:43","guid":{"rendered":"https:\/\/magiefloor.com\/product\/non class\u00e9\/magiechem-400-esd\/"},"modified":"2025-04-24T12:53:43","modified_gmt":"2025-04-24T12:53:43","slug":"magiechem-400-esd","status":"publish","type":"product","link":"https:\/\/magiefloor.com\/fr\/product\/revetement-de-sol-epoxy\/magiechem-400-esd\/","title":{"rendered":"MAGIECHEM 400 ESD"},"content":{"rendered":"<p><strong>MAGIECHEM 400 ESD<\/strong> est un primaire \u00e9poxy conducteur bicomposant haute r\u00e9sistance contenant des nanotubes de noir de carbone monoparoi pour une excellente conductivit\u00e9 \u00e9lectrique (2,5 x 10^4 &#8211; 1,0 x 10^6 \u03a9) lorsqu&rsquo;il est appliqu\u00e9 correctement. Con\u00e7u comme sous-couche pour les rev\u00eatements de sol MAGIECHEM 400 ESD, il assure une d\u00e9charge constante dans le temps, r\u00e9pond aux normes ASTM et facilite l&rsquo;entretien gr\u00e2ce \u00e0 une surface r\u00e9sistante \u00e0 l&rsquo;abrasion. Il contribue \u00e0 la s\u00e9curit\u00e9 de l&rsquo;environnement en \u00e9liminant les charges \u00e9lectriques superficielles lorsqu&rsquo;il est mis \u00e0 la terre. Conforme aux exigences LEED.   <\/p>\n","protected":false},"excerpt":{"rendered":"<p>MAGIECHEM 400 ESD : Primaire \u00e9poxy conducteur \u00e0 deux composants haute r\u00e9sistance avec nanotubes de carbone noir \u00e0 paroi unique pour une conductivit\u00e9 \u00e9lectrique optimale, assurant une d\u00e9charge constante, un entretien facile et une s\u00e9curit\u00e9 accrue en \u00e9liminant les charges \u00e9lectriques de surface.<\/p>\n","protected":false},"featured_media":6238,"comment_status":"closed","ping_status":"closed","template":"","meta":{"_acf_changed":false},"product_brand":[],"product_cat":[161],"product_tag":[157,146,164,165,147],"class_list":{"0":"post-9578","1":"product","2":"type-product","3":"status-publish","4":"has-post-thumbnail","6":"product_cat-revetement-de-sol-epoxy","7":"product_tag-100-solide-fr","8":"product_tag-application-pour-installations-alimentaires-fr","9":"product_tag-appret","10":"product_tag-conducteur-esd-fr","11":"product_tag-faibles-emissions-de-cov-sans-cov-fr","12":"pa_size-15-gal-kit-us-gal-fr","13":"pa_size-kit-1-gal-gal-us","15":"first","16":"instock","17":"shipping-taxable","18":"product-type-variable"},"acf":[],"_links":{"self":[{"href":"https:\/\/magiefloor.com\/fr\/wp-json\/wp\/v2\/product\/9578","targetHints":{"allow":["GET"]}}],"collection":[{"href":"https:\/\/magiefloor.com\/fr\/wp-json\/wp\/v2\/product"}],"about":[{"href":"https:\/\/magiefloor.com\/fr\/wp-json\/wp\/v2\/types\/product"}],"replies":[{"embeddable":true,"href":"https:\/\/magiefloor.com\/fr\/wp-json\/wp\/v2\/comments?post=9578"}],"version-history":[{"count":0,"href":"https:\/\/magiefloor.com\/fr\/wp-json\/wp\/v2\/product\/9578\/revisions"}],"wp:featuredmedia":[{"embeddable":true,"href":"https:\/\/magiefloor.com\/fr\/wp-json\/wp\/v2\/media\/6238"}],"wp:attachment":[{"href":"https:\/\/magiefloor.com\/fr\/wp-json\/wp\/v2\/media?parent=9578"}],"wp:term":[{"taxonomy":"product_brand","embeddable":true,"href":"https:\/\/magiefloor.com\/fr\/wp-json\/wp\/v2\/product_brand?post=9578"},{"taxonomy":"product_cat","embeddable":true,"href":"https:\/\/magiefloor.com\/fr\/wp-json\/wp\/v2\/product_cat?post=9578"},{"taxonomy":"product_tag","embeddable":true,"href":"https:\/\/magiefloor.com\/fr\/wp-json\/wp\/v2\/product_tag?post=9578"}],"curies":[{"name":"wp","href":"https:\/\/api.w.org\/{rel}","templated":true}]}}