{"id":9577,"date":"2025-04-24T12:53:11","date_gmt":"2025-04-24T12:53:11","guid":{"rendered":"https:\/\/magiefloor.com\/product\/non class\u00e9\/magiechem-309\/"},"modified":"2025-04-24T12:53:11","modified_gmt":"2025-04-24T12:53:11","slug":"magiechem-309","status":"publish","type":"product","link":"https:\/\/magiefloor.com\/fr\/product\/membrane-fr\/magiechem-309\/","title":{"rendered":"MAGIECHEM 309"},"content":{"rendered":"<p><strong>MAGIECHEM 309<\/strong>, une membrane d&rsquo;\u00e9tanch\u00e9it\u00e9 polyur\u00e9thane avanc\u00e9e formul\u00e9e \u00e0 100 % de solides r\u00e9actifs, est id\u00e9ale pour sceller efficacement les surfaces en b\u00e9ton et les rev\u00eatements de sol sp\u00e9ciaux tels que les parkings, les terrasses, les balcons, les buanderies, les douches, etc. Ce produit se distingue par sa simplicit\u00e9 d&rsquo;application, offrant une solution sans solvant et respectueuse de l&rsquo;environnement. Remarquablement r\u00e9sistante aux chocs, elle s\u00e8che rapidement une fois durcie et constitue une puissante membrane anti-fissuration, limitant consid\u00e9rablement la propagation des fissures \u00e0 travers les couches de rev\u00eatement suppl\u00e9mentaires.  <\/p>\n<p>Rehaussez vos standards d\u2019\u00e9tanch\u00e9it\u00e9 avec l\u2019efficacit\u00e9 et la fiabilit\u00e9 de <strong>MAGIECHEM 309<\/strong>. Votre solution id\u00e9ale pour une protection durable. <\/p>\n","protected":false},"excerpt":{"rendered":"<p>MAGIECHEM 309 : Membrane polyur\u00e9thane, s\u00e9chage rapide, r\u00e9sistante aux chocs, anti-fissures, haute durabilit\u00e9.<\/p>\n","protected":false},"featured_media":6301,"comment_status":"closed","ping_status":"closed","template":"","meta":{"_acf_changed":false},"product_brand":[],"product_cat":[155,156],"product_tag":[157,137,146,135,139,147,158,159],"class_list":{"0":"post-9577","1":"product","2":"type-product","3":"status-publish","4":"has-post-thumbnail","6":"product_cat-membrane-fr","7":"product_cat-polyurethane-flooring-fr","8":"product_tag-100-solide-fr","9":"product_tag-application-exterieure-fr","10":"product_tag-application-pour-installations-alimentaires-fr","11":"product_tag-colore-fr","12":"product_tag-durcissement-a-basse-temperature-fr","13":"product_tag-faibles-emissions-de-cov-sans-cov-fr","14":"product_tag-interior-application-fr","15":"product_tag-traffic-tourd-fr","16":"pa_size-15-gal-kit-us-gal-fr","17":"pa_size-3-gal-kit-us-gal-fr","19":"first","20":"instock","21":"featured","22":"shipping-taxable","23":"product-type-variable"},"acf":[],"_links":{"self":[{"href":"https:\/\/magiefloor.com\/fr\/wp-json\/wp\/v2\/product\/9577","targetHints":{"allow":["GET"]}}],"collection":[{"href":"https:\/\/magiefloor.com\/fr\/wp-json\/wp\/v2\/product"}],"about":[{"href":"https:\/\/magiefloor.com\/fr\/wp-json\/wp\/v2\/types\/product"}],"replies":[{"embeddable":true,"href":"https:\/\/magiefloor.com\/fr\/wp-json\/wp\/v2\/comments?post=9577"}],"version-history":[{"count":0,"href":"https:\/\/magiefloor.com\/fr\/wp-json\/wp\/v2\/product\/9577\/revisions"}],"wp:featuredmedia":[{"embeddable":true,"href":"https:\/\/magiefloor.com\/fr\/wp-json\/wp\/v2\/media\/6301"}],"wp:attachment":[{"href":"https:\/\/magiefloor.com\/fr\/wp-json\/wp\/v2\/media?parent=9577"}],"wp:term":[{"taxonomy":"product_brand","embeddable":true,"href":"https:\/\/magiefloor.com\/fr\/wp-json\/wp\/v2\/product_brand?post=9577"},{"taxonomy":"product_cat","embeddable":true,"href":"https:\/\/magiefloor.com\/fr\/wp-json\/wp\/v2\/product_cat?post=9577"},{"taxonomy":"product_tag","embeddable":true,"href":"https:\/\/magiefloor.com\/fr\/wp-json\/wp\/v2\/product_tag?post=9577"}],"curies":[{"name":"wp","href":"https:\/\/api.w.org\/{rel}","templated":true}]}}