{"id":9574,"date":"2025-04-24T12:53:40","date_gmt":"2025-04-24T12:53:40","guid":{"rendered":"https:\/\/magiefloor.com\/product\/non class\u00e9\/magiechem-294\/"},"modified":"2025-04-24T12:53:40","modified_gmt":"2025-04-24T12:53:40","slug":"magiechem-294","status":"publish","type":"product","link":"https:\/\/magiefloor.com\/fr\/product\/membrane-fr\/magiechem-294\/","title":{"rendered":"MAGIECHEM 294"},"content":{"rendered":"<p><strong>MAGIECHEM 294<\/strong> est bien plus qu&rsquo;un simple rev\u00eatement polyur\u00e9thane aliphatique 100 % solides. C&rsquo;est la solution id\u00e9ale pour ceux qui recherchent la perfection en mati\u00e8re de protection et d&rsquo;esth\u00e9tique de leurs surfaces. Gr\u00e2ce \u00e0 sa formulation sup\u00e9rieure, ce rev\u00eatement offre une finition in\u00e9gal\u00e9e, r\u00e9sistante \u00e0 l&rsquo;usure, aux intemp\u00e9ries et aux rayons ultraviolets. Vos surfaces conserveront leur \u00e9clat, qu&rsquo;elles soient expos\u00e9es \u00e0 des environnements corrosifs ou aux intemp\u00e9ries les plus extr\u00eames. Avec <strong>MAGIECHEM 294<\/strong>, la couleur et le lustre durent, tout comme la facilit\u00e9 d&rsquo;entretien et d&rsquo;application. Con\u00e7u pour d\u00e9passer vos attentes, ce rev\u00eatement s&rsquo;applique sans effort et offre une adh\u00e9rence exceptionnelle sur le b\u00e9ton, le m\u00e9tal et le bois. De plus, il r\u00e9siste aux taches et conserve son \u00e9clat comme aucun autre. <strong>MAGIECHEM 294<\/strong> vous promet une protection et une beaut\u00e9 durables.      <\/p>\n","protected":false},"excerpt":{"rendered":"<p><strong>MAGIECHEM 294<\/strong> : Rev\u00eatement polyur\u00e9thane aliphatique 100 % solide, offrant une finition robuste, r\u00e9sistante aux intemp\u00e9ries et aux UV, qui r\u00e9siste \u00e0 l&rsquo;usure et aux environnements corrosifs tout en assurant un entretien facile.<\/p>\n","protected":false},"featured_media":6271,"comment_status":"closed","ping_status":"closed","template":"","meta":{"_acf_changed":false},"product_brand":[],"product_cat":[155,156],"product_tag":[157,137,146,135,139,147,158,141,140,142,159],"class_list":{"0":"post-9574","1":"product","2":"type-product","3":"status-publish","4":"has-post-thumbnail","6":"product_cat-membrane-fr","7":"product_cat-polyurethane-flooring-fr","8":"product_tag-100-solide-fr","9":"product_tag-application-exterieure-fr","10":"product_tag-application-pour-installations-alimentaires-fr","11":"product_tag-colore-fr","12":"product_tag-durcissement-a-basse-temperature-fr","13":"product_tag-faibles-emissions-de-cov-sans-cov-fr","14":"product_tag-interior-application-fr","15":"product_tag-moins-de-jaunissement-fr","16":"product_tag-resistance-chimique-fr","17":"product_tag-resistance-uv-fr","18":"product_tag-traffic-tourd-fr","19":"pa_size-15-gal-kit-us-gal-fr","20":"pa_size-3-gal-kit-us-gal-fr","22":"first","23":"instock","24":"shipping-taxable","25":"product-type-variable"},"acf":[],"_links":{"self":[{"href":"https:\/\/magiefloor.com\/fr\/wp-json\/wp\/v2\/product\/9574","targetHints":{"allow":["GET"]}}],"collection":[{"href":"https:\/\/magiefloor.com\/fr\/wp-json\/wp\/v2\/product"}],"about":[{"href":"https:\/\/magiefloor.com\/fr\/wp-json\/wp\/v2\/types\/product"}],"replies":[{"embeddable":true,"href":"https:\/\/magiefloor.com\/fr\/wp-json\/wp\/v2\/comments?post=9574"}],"version-history":[{"count":0,"href":"https:\/\/magiefloor.com\/fr\/wp-json\/wp\/v2\/product\/9574\/revisions"}],"wp:featuredmedia":[{"embeddable":true,"href":"https:\/\/magiefloor.com\/fr\/wp-json\/wp\/v2\/media\/6271"}],"wp:attachment":[{"href":"https:\/\/magiefloor.com\/fr\/wp-json\/wp\/v2\/media?parent=9574"}],"wp:term":[{"taxonomy":"product_brand","embeddable":true,"href":"https:\/\/magiefloor.com\/fr\/wp-json\/wp\/v2\/product_brand?post=9574"},{"taxonomy":"product_cat","embeddable":true,"href":"https:\/\/magiefloor.com\/fr\/wp-json\/wp\/v2\/product_cat?post=9574"},{"taxonomy":"product_tag","embeddable":true,"href":"https:\/\/magiefloor.com\/fr\/wp-json\/wp\/v2\/product_tag?post=9574"}],"curies":[{"name":"wp","href":"https:\/\/api.w.org\/{rel}","templated":true}]}}