{"id":9573,"date":"2025-04-24T12:53:39","date_gmt":"2025-04-24T12:53:39","guid":{"rendered":"https:\/\/magiefloor.com\/product\/non class\u00e9\/magiechem-293\/"},"modified":"2025-04-24T12:53:39","modified_gmt":"2025-04-24T12:53:39","slug":"magiechem-293","status":"publish","type":"product","link":"https:\/\/magiefloor.com\/fr\/product\/membrane-fr\/magiechem-293\/","title":{"rendered":"MAGIECHEM 293"},"content":{"rendered":"<p><strong>MAGIECHEM 293<\/strong> est une membrane de polyur\u00e9thane de haute qualit\u00e9, compos\u00e9e \u00e0 100 % de solides r\u00e9actifs, id\u00e9ale pour l&rsquo;imperm\u00e9abilisation des dalles de b\u00e9ton et des rev\u00eatements de sol sp\u00e9cialis\u00e9s tels que les stationnements, les ponts, les balcons, les salles m\u00e9caniques, les douches, etc. Facile \u00e0 appliquer, cette solution sans solvant est r\u00e9sistante aux chocs, s\u00e8che rapidement et agit comme une membrane antifracture, r\u00e9duisant la propagation des fissures dans les couches de rev\u00eatement ult\u00e9rieures. <\/p>\n<p>Prot\u00e9gez <strong>vos surfaces<\/strong> avec la polyvalence et la performance de <strong>MAGIECHEM 293<\/strong>. <em>Votre<\/em> <strong>solution d&rsquo;imperm\u00e9abilisatio<\/strong>n de confiance. <\/p>\n","protected":false},"excerpt":{"rendered":"<p><strong>MAGIECHEM 293<\/strong> : Membrane polyur\u00e9thane. Id\u00e9ale pour diverses applications, elle s\u00e8che rapidement, r\u00e9siste aux chocs et constitue une solution anti-fracture, garantissant une durabilit\u00e9 \u00e0 long terme. <\/p>\n","protected":false},"featured_media":6273,"comment_status":"closed","ping_status":"closed","template":"","meta":{"_acf_changed":false},"product_brand":[],"product_cat":[155,156],"product_tag":[157,137,146,135,139,147,158,159],"class_list":{"0":"post-9573","1":"product","2":"type-product","3":"status-publish","4":"has-post-thumbnail","6":"product_cat-membrane-fr","7":"product_cat-polyurethane-flooring-fr","8":"product_tag-100-solide-fr","9":"product_tag-application-exterieure-fr","10":"product_tag-application-pour-installations-alimentaires-fr","11":"product_tag-colore-fr","12":"product_tag-durcissement-a-basse-temperature-fr","13":"product_tag-faibles-emissions-de-cov-sans-cov-fr","14":"product_tag-interior-application-fr","15":"product_tag-traffic-tourd-fr","16":"pa_size-15-gal-kit-us-gal-fr","17":"pa_size-3-gal-kit-us-gal-fr","19":"first","20":"instock","21":"featured","22":"shipping-taxable","23":"product-type-variable"},"acf":[],"_links":{"self":[{"href":"https:\/\/magiefloor.com\/fr\/wp-json\/wp\/v2\/product\/9573","targetHints":{"allow":["GET"]}}],"collection":[{"href":"https:\/\/magiefloor.com\/fr\/wp-json\/wp\/v2\/product"}],"about":[{"href":"https:\/\/magiefloor.com\/fr\/wp-json\/wp\/v2\/types\/product"}],"replies":[{"embeddable":true,"href":"https:\/\/magiefloor.com\/fr\/wp-json\/wp\/v2\/comments?post=9573"}],"version-history":[{"count":0,"href":"https:\/\/magiefloor.com\/fr\/wp-json\/wp\/v2\/product\/9573\/revisions"}],"wp:featuredmedia":[{"embeddable":true,"href":"https:\/\/magiefloor.com\/fr\/wp-json\/wp\/v2\/media\/6273"}],"wp:attachment":[{"href":"https:\/\/magiefloor.com\/fr\/wp-json\/wp\/v2\/media?parent=9573"}],"wp:term":[{"taxonomy":"product_brand","embeddable":true,"href":"https:\/\/magiefloor.com\/fr\/wp-json\/wp\/v2\/product_brand?post=9573"},{"taxonomy":"product_cat","embeddable":true,"href":"https:\/\/magiefloor.com\/fr\/wp-json\/wp\/v2\/product_cat?post=9573"},{"taxonomy":"product_tag","embeddable":true,"href":"https:\/\/magiefloor.com\/fr\/wp-json\/wp\/v2\/product_tag?post=9573"}],"curies":[{"name":"wp","href":"https:\/\/api.w.org\/{rel}","templated":true}]}}