{"id":9572,"date":"2025-04-24T12:53:16","date_gmt":"2025-04-24T12:53:16","guid":{"rendered":"https:\/\/magiefloor.com\/product\/non class\u00e9\/magiechem-287\/"},"modified":"2025-04-24T12:53:16","modified_gmt":"2025-04-24T12:53:16","slug":"magiechem-287","status":"publish","type":"product","link":"https:\/\/magiefloor.com\/fr\/product\/joints-de-remplissage-de-coulee-et-de-reparation\/magiechem-287\/","title":{"rendered":"MAGIECHEM 287"},"content":{"rendered":"<p><strong>MAGIECHEM 287<\/strong> est un gel de polyur\u00e9thane fibr\u00e9 de qualit\u00e9 sup\u00e9rieure, 100 % solide, \u00e9labor\u00e9 avec soin \u00e0 partir de mat\u00e9riaux r\u00e9actifs et de fibres modifi\u00e9es. Il est id\u00e9al pour sceller les joints et les fissures des dalles de b\u00e9ton et relever les d\u00e9fis li\u00e9s aux mouvements structurels. Gr\u00e2ce \u00e0 ses propri\u00e9t\u00e9s autonivelantes, son s\u00e9chage rapide et sa facilit\u00e9 d&rsquo;application, <strong>MAGIECHEM 287<\/strong> est une solution polyvalente pour l&rsquo;\u00e9tanch\u00e9it\u00e9 des murs et des sols en une seule application, favorisant les mouvements sans fissuration lorsqu&rsquo;il est appliqu\u00e9 pour relier diff\u00e9rentes dalles de b\u00e9ton. Cet \u00e9lastom\u00e8re sans solvant et \u00e0 faible odeur offre une excellente \u00e9tanch\u00e9it\u00e9 et une excellente r\u00e9sistance chimique. Il est disponible en version debout pour plus de praticit\u00e9.   <\/p>\n","protected":false},"excerpt":{"rendered":"<p>MAGIECHEM 287 : Gel fibro-polyur\u00e9thane 100% solides, scellant rapidement les joints et les fissures, offrant une application autonivelante, \u00e0 s\u00e9chage rapide et sans odeur pour l&rsquo;imperm\u00e9abilisation des murs et des sols avec des propri\u00e9t\u00e9s \u00e9lastom\u00e8res exceptionnelles.<\/p>\n","protected":false},"featured_media":6296,"comment_status":"closed","ping_status":"closed","template":"","meta":{"_acf_changed":false},"product_brand":[],"product_cat":[169,161],"product_tag":[157,146,135,139,148,147,140,159],"class_list":{"0":"post-9572","1":"product","2":"type-product","3":"status-publish","4":"has-post-thumbnail","6":"product_cat-joints-de-remplissage-de-coulee-et-de-reparation","7":"product_cat-revetement-de-sol-epoxy","8":"product_tag-100-solide-fr","9":"product_tag-application-pour-installations-alimentaires-fr","10":"product_tag-colore-fr","11":"product_tag-durcissement-a-basse-temperature-fr","12":"product_tag-durcissement-rapide-fr","13":"product_tag-faibles-emissions-de-cov-sans-cov-fr","14":"product_tag-resistance-chimique-fr","15":"product_tag-traffic-tourd-fr","17":"first","18":"instock","19":"shipping-taxable","20":"product-type-simple"},"acf":[],"_links":{"self":[{"href":"https:\/\/magiefloor.com\/fr\/wp-json\/wp\/v2\/product\/9572","targetHints":{"allow":["GET"]}}],"collection":[{"href":"https:\/\/magiefloor.com\/fr\/wp-json\/wp\/v2\/product"}],"about":[{"href":"https:\/\/magiefloor.com\/fr\/wp-json\/wp\/v2\/types\/product"}],"replies":[{"embeddable":true,"href":"https:\/\/magiefloor.com\/fr\/wp-json\/wp\/v2\/comments?post=9572"}],"version-history":[{"count":0,"href":"https:\/\/magiefloor.com\/fr\/wp-json\/wp\/v2\/product\/9572\/revisions"}],"wp:featuredmedia":[{"embeddable":true,"href":"https:\/\/magiefloor.com\/fr\/wp-json\/wp\/v2\/media\/6296"}],"wp:attachment":[{"href":"https:\/\/magiefloor.com\/fr\/wp-json\/wp\/v2\/media?parent=9572"}],"wp:term":[{"taxonomy":"product_brand","embeddable":true,"href":"https:\/\/magiefloor.com\/fr\/wp-json\/wp\/v2\/product_brand?post=9572"},{"taxonomy":"product_cat","embeddable":true,"href":"https:\/\/magiefloor.com\/fr\/wp-json\/wp\/v2\/product_cat?post=9572"},{"taxonomy":"product_tag","embeddable":true,"href":"https:\/\/magiefloor.com\/fr\/wp-json\/wp\/v2\/product_tag?post=9572"}],"curies":[{"name":"wp","href":"https:\/\/api.w.org\/{rel}","templated":true}]}}