{"id":9571,"date":"2025-04-24T12:53:15","date_gmt":"2025-04-24T12:53:15","guid":{"rendered":"https:\/\/magiefloor.com\/product\/non class\u00e9\/magiechem-285\/"},"modified":"2025-04-24T12:53:15","modified_gmt":"2025-04-24T12:53:15","slug":"magiechem-285","status":"publish","type":"product","link":"https:\/\/magiefloor.com\/fr\/product\/membrane-fr\/magiechem-285\/","title":{"rendered":"MAGIECHEM 285"},"content":{"rendered":"<p><strong>MAGIECHEM 285<\/strong> est une membrane polyur\u00e9thane 100 % solide, enrichie de mat\u00e9riaux recycl\u00e9s et d&rsquo;huile renouvelable. Elle offre une excellente absorption des chocs et une r\u00e9duction du bruit de 50 % d\u00e8s 1\/4\u00a0\u00bb d&rsquo;\u00e9paisseur, tout en assurant l&rsquo;\u00e9tanch\u00e9it\u00e9 des dalles de b\u00e9ton. Cette membrane polyvalente est utilis\u00e9e dans les immeubles d&rsquo;habitation, servant de sous-couche aux rev\u00eatements sp\u00e9ciaux tels que les finitions \u00e9poxy, assurant \u00e0 la fois \u00e9tanch\u00e9it\u00e9 et absorption acoustique. Avec un rapport de m\u00e9lange facile de 4A:1B, une flexibilit\u00e9, une excellente r\u00e9sistance aux chocs, une bonne \u00e9lasticit\u00e9 et une excellente adh\u00e9rence, <strong>MAGIECHEM 285<\/strong> est une solution sans COV, sans solvant et sans odeur, conforme aux exigences LEED et atteignant un niveau d&rsquo;insonorisation FSTC 60.  <\/p>\n","protected":false},"excerpt":{"rendered":"<p>MAGIECHEM 285 : Membrane 100% polyur\u00e9thane solide, offrant une absorption des chocs, une r\u00e9duction du bruit de 50% \u00e0 1\/4\u00a0\u00bb d&rsquo;\u00e9paisseur et des capacit\u00e9s d&rsquo;imperm\u00e9abilisation pour les dalles de b\u00e9ton, offrant une application facile, une flexibilit\u00e9, une excellente r\u00e9sistance aux chocs et une bonne adh\u00e9rence, tout en r\u00e9pondant aux exigences LEED et en atteignant un niveau d&rsquo;insonorisation de FSTC 60 dans les appartements en hauteur.<\/p>\n","protected":false},"featured_media":6297,"comment_status":"closed","ping_status":"closed","template":"","meta":{"_acf_changed":false},"product_brand":[],"product_cat":[155,156],"product_tag":[157,146,135,139,148,147,140,159],"class_list":{"0":"post-9571","1":"product","2":"type-product","3":"status-publish","4":"has-post-thumbnail","6":"product_cat-membrane-fr","7":"product_cat-polyurethane-flooring-fr","8":"product_tag-100-solide-fr","9":"product_tag-application-pour-installations-alimentaires-fr","10":"product_tag-colore-fr","11":"product_tag-durcissement-a-basse-temperature-fr","12":"product_tag-durcissement-rapide-fr","13":"product_tag-faibles-emissions-de-cov-sans-cov-fr","14":"product_tag-resistance-chimique-fr","15":"product_tag-traffic-tourd-fr","17":"first","18":"instock","19":"shipping-taxable","20":"product-type-simple"},"acf":[],"_links":{"self":[{"href":"https:\/\/magiefloor.com\/fr\/wp-json\/wp\/v2\/product\/9571","targetHints":{"allow":["GET"]}}],"collection":[{"href":"https:\/\/magiefloor.com\/fr\/wp-json\/wp\/v2\/product"}],"about":[{"href":"https:\/\/magiefloor.com\/fr\/wp-json\/wp\/v2\/types\/product"}],"replies":[{"embeddable":true,"href":"https:\/\/magiefloor.com\/fr\/wp-json\/wp\/v2\/comments?post=9571"}],"version-history":[{"count":0,"href":"https:\/\/magiefloor.com\/fr\/wp-json\/wp\/v2\/product\/9571\/revisions"}],"wp:featuredmedia":[{"embeddable":true,"href":"https:\/\/magiefloor.com\/fr\/wp-json\/wp\/v2\/media\/6297"}],"wp:attachment":[{"href":"https:\/\/magiefloor.com\/fr\/wp-json\/wp\/v2\/media?parent=9571"}],"wp:term":[{"taxonomy":"product_brand","embeddable":true,"href":"https:\/\/magiefloor.com\/fr\/wp-json\/wp\/v2\/product_brand?post=9571"},{"taxonomy":"product_cat","embeddable":true,"href":"https:\/\/magiefloor.com\/fr\/wp-json\/wp\/v2\/product_cat?post=9571"},{"taxonomy":"product_tag","embeddable":true,"href":"https:\/\/magiefloor.com\/fr\/wp-json\/wp\/v2\/product_tag?post=9571"}],"curies":[{"name":"wp","href":"https:\/\/api.w.org\/{rel}","templated":true}]}}