{"id":9570,"date":"2025-04-24T12:53:38","date_gmt":"2025-04-24T12:53:38","guid":{"rendered":"https:\/\/magiefloor.com\/product\/non class\u00e9\/magiechem-259\/"},"modified":"2025-04-24T12:53:38","modified_gmt":"2025-04-24T12:53:38","slug":"magiechem-259","status":"publish","type":"product","link":"https:\/\/magiefloor.com\/fr\/product\/scellant-fr\/magiechem-259\/","title":{"rendered":"MAGIECHEM 259"},"content":{"rendered":"<p><strong>MAGIECHEM 259<\/strong> est un scellant multi-usages de haute qualit\u00e9 qui allie les propri\u00e9t\u00e9s de l&rsquo;acrylique et de l&rsquo;ur\u00e9thane pour une protection sup\u00e9rieure du b\u00e9ton, de la ma\u00e7onnerie et autres surfaces poreuses. Avec une teneur \u00e9lev\u00e9e en solides (82 %), ce produit forme une barri\u00e8re durable contre l&rsquo;abrasion, les produits chimiques et l&rsquo;usure, et r\u00e9pond \u00e0 des normes strictes de s\u00e9chage et d&rsquo;imperm\u00e9abilisation. Son adh\u00e9rence exceptionnelle au b\u00e9ton, sa r\u00e9sistance aux taches et sa facilit\u00e9 d&rsquo;application, sur surfaces verticales ou horizontales, en font le choix id\u00e9al pour les projets exigeants. Prot\u00e9gez, renforcez et am\u00e9liorez la durabilit\u00e9 de vos surfaces avec <strong>MAGIECHEM 259<\/strong>, une solution de scellement multi-usages haut de gamme.   <\/p>\n","protected":false},"excerpt":{"rendered":"<p>MAGIECHEM 259 : Scellant hybride acrylique\/ur\u00e9thane \u00e0 faible teneur en COV, offrant une finition haut de gamme, une clart\u00e9 exceptionnelle et une application facile pour le b\u00e9ton, la ma\u00e7onnerie et les substrats poreux, assurant une excellente r\u00e9sistance \u00e0 l&rsquo;abrasion, une adh\u00e9rence et une protection contre les taches.<\/p>\n","protected":false},"featured_media":6274,"comment_status":"closed","ping_status":"closed","template":"","meta":{"_acf_changed":false},"product_brand":[],"product_cat":[145],"product_tag":[137,138,135,148,158,141,142,136],"class_list":{"0":"post-9570","1":"product","2":"type-product","3":"status-publish","4":"has-post-thumbnail","6":"product_cat-scellant-fr","7":"product_tag-application-exterieure-fr","8":"product_tag-clair-fr","9":"product_tag-colore-fr","10":"product_tag-durcissement-rapide-fr","11":"product_tag-interior-application-fr","12":"product_tag-moins-de-jaunissement-fr","13":"product_tag-resistance-uv-fr","14":"product_tag-temps-de-travail-prolonge-fr","15":"pa_size-5-gal-kit-us-gal-fr","16":"pa_size-kit-1-gal-gal-us","18":"first","19":"instock","20":"shipping-taxable","21":"product-type-variable"},"acf":[],"_links":{"self":[{"href":"https:\/\/magiefloor.com\/fr\/wp-json\/wp\/v2\/product\/9570","targetHints":{"allow":["GET"]}}],"collection":[{"href":"https:\/\/magiefloor.com\/fr\/wp-json\/wp\/v2\/product"}],"about":[{"href":"https:\/\/magiefloor.com\/fr\/wp-json\/wp\/v2\/types\/product"}],"replies":[{"embeddable":true,"href":"https:\/\/magiefloor.com\/fr\/wp-json\/wp\/v2\/comments?post=9570"}],"version-history":[{"count":0,"href":"https:\/\/magiefloor.com\/fr\/wp-json\/wp\/v2\/product\/9570\/revisions"}],"wp:featuredmedia":[{"embeddable":true,"href":"https:\/\/magiefloor.com\/fr\/wp-json\/wp\/v2\/media\/6274"}],"wp:attachment":[{"href":"https:\/\/magiefloor.com\/fr\/wp-json\/wp\/v2\/media?parent=9570"}],"wp:term":[{"taxonomy":"product_brand","embeddable":true,"href":"https:\/\/magiefloor.com\/fr\/wp-json\/wp\/v2\/product_brand?post=9570"},{"taxonomy":"product_cat","embeddable":true,"href":"https:\/\/magiefloor.com\/fr\/wp-json\/wp\/v2\/product_cat?post=9570"},{"taxonomy":"product_tag","embeddable":true,"href":"https:\/\/magiefloor.com\/fr\/wp-json\/wp\/v2\/product_tag?post=9570"}],"curies":[{"name":"wp","href":"https:\/\/api.w.org\/{rel}","templated":true}]}}