{"id":9568,"date":"2025-04-24T12:53:13","date_gmt":"2025-04-24T12:53:13","guid":{"rendered":"https:\/\/magiefloor.com\/product\/non class\u00e9\/magiechem-175\/"},"modified":"2025-04-24T12:53:13","modified_gmt":"2025-04-24T12:53:13","slug":"magiechem-175","status":"publish","type":"product","link":"https:\/\/magiefloor.com\/fr\/product\/revetement-de-sol-epoxy\/magiechem-175\/","title":{"rendered":"MAGIECHEM 175"},"content":{"rendered":"<p><strong>MAGIECHEM 175<\/strong> est un rev\u00eatement \u00e9poxy T\u00e9flon bicomposant haute performance, contenant 82 % de solides, con\u00e7u pour les applications int\u00e9rieures en environnements \u00e0 haute pression de vapeur. Il offre une finition exceptionnellement robuste, une r\u00e9sistance \u00e9lev\u00e9e au frottement et un aspect c\u00e9ramique. Ce rev\u00eatement offre r\u00e9sistance chimique, r\u00e9sistance \u00e9lev\u00e9e \u00e0 l&rsquo;usure, imperm\u00e9abilit\u00e9 et homog\u00e9n\u00e9it\u00e9. Il permet l&rsquo;ajout de quartz (24-32 mesh) pour une finition textur\u00e9e et une grande flexibilit\u00e9 d&rsquo;application verticale et\/ou horizontale au plafond. <\/p>\n","protected":false},"excerpt":{"rendered":"<p>MAGIECHEM 175 : Rev\u00eatement T\u00e9flon \u00e0 base d&rsquo;\u00e9poxy haute performance \u00e0 82 % de solides, offrant une finition c\u00e9ramique r\u00e9sistante avec une r\u00e9sistance aux produits chimiques et \u00e0 l&rsquo;usure, une imperm\u00e9abilisation sans couture et une application textur\u00e9e polyvalente pour les surfaces int\u00e9rieures dans des environnements \u00e0 haute pression de vapeur.<\/p>\n","protected":false},"featured_media":6289,"comment_status":"closed","ping_status":"closed","template":"","meta":{"_acf_changed":false},"product_brand":[],"product_cat":[161],"product_tag":[157,146,135,147,140,136,159],"class_list":{"0":"post-9568","1":"product","2":"type-product","3":"status-publish","4":"has-post-thumbnail","6":"product_cat-revetement-de-sol-epoxy","7":"product_tag-100-solide-fr","8":"product_tag-application-pour-installations-alimentaires-fr","9":"product_tag-colore-fr","10":"product_tag-faibles-emissions-de-cov-sans-cov-fr","11":"product_tag-resistance-chimique-fr","12":"product_tag-temps-de-travail-prolonge-fr","13":"product_tag-traffic-tourd-fr","15":"first","16":"instock","17":"shipping-taxable","18":"product-type-simple"},"acf":[],"_links":{"self":[{"href":"https:\/\/magiefloor.com\/fr\/wp-json\/wp\/v2\/product\/9568","targetHints":{"allow":["GET"]}}],"collection":[{"href":"https:\/\/magiefloor.com\/fr\/wp-json\/wp\/v2\/product"}],"about":[{"href":"https:\/\/magiefloor.com\/fr\/wp-json\/wp\/v2\/types\/product"}],"replies":[{"embeddable":true,"href":"https:\/\/magiefloor.com\/fr\/wp-json\/wp\/v2\/comments?post=9568"}],"version-history":[{"count":0,"href":"https:\/\/magiefloor.com\/fr\/wp-json\/wp\/v2\/product\/9568\/revisions"}],"wp:featuredmedia":[{"embeddable":true,"href":"https:\/\/magiefloor.com\/fr\/wp-json\/wp\/v2\/media\/6289"}],"wp:attachment":[{"href":"https:\/\/magiefloor.com\/fr\/wp-json\/wp\/v2\/media?parent=9568"}],"wp:term":[{"taxonomy":"product_brand","embeddable":true,"href":"https:\/\/magiefloor.com\/fr\/wp-json\/wp\/v2\/product_brand?post=9568"},{"taxonomy":"product_cat","embeddable":true,"href":"https:\/\/magiefloor.com\/fr\/wp-json\/wp\/v2\/product_cat?post=9568"},{"taxonomy":"product_tag","embeddable":true,"href":"https:\/\/magiefloor.com\/fr\/wp-json\/wp\/v2\/product_tag?post=9568"}],"curies":[{"name":"wp","href":"https:\/\/api.w.org\/{rel}","templated":true}]}}