{"id":9567,"date":"2025-04-24T12:53:38","date_gmt":"2025-04-24T12:53:38","guid":{"rendered":"https:\/\/magiefloor.com\/product\/non class\u00e9\/magiechem-169\/"},"modified":"2025-04-24T12:53:38","modified_gmt":"2025-04-24T12:53:38","slug":"magiechem-169","status":"publish","type":"product","link":"https:\/\/magiefloor.com\/fr\/product\/scellant-fr\/magiechem-169\/","title":{"rendered":"MAGIECHEM 169"},"content":{"rendered":"<p><strong>MAGIECHEM 169<\/strong> est un scellant hybride acrylique\/ur\u00e9thane de haute qualit\u00e9, \u00e0 faible viscosit\u00e9, au fini semi-brillant ou mat. Id\u00e9al pour une p\u00e9n\u00e9tration profonde, il scelle le b\u00e9ton, la ma\u00e7onnerie et les supports poreux. Il offre une excellente r\u00e9sistance \u00e0 l&rsquo;abrasion et aux UV, une excellente adh\u00e9rence, une r\u00e9sistance aux taches et une compatibilit\u00e9 avec divers rev\u00eatements. Id\u00e9al pour prot\u00e9ger le b\u00e9ton color\u00e9 ou imprim\u00e9, il assure durabilit\u00e9 et imperm\u00e9abilit\u00e9. <\/p>\n","protected":false},"excerpt":{"rendered":"<p>MAGIECHEM 169 : Scellant hybride acrylique\/ur\u00e9thane &#8211; offrant une p\u00e9n\u00e9tration profonde, une r\u00e9sistance sup\u00e9rieure \u00e0 l&rsquo;abrasion, une protection UV et une compatibilit\u00e9 avec divers rev\u00eatements ; parfait pour sceller le b\u00e9ton, la ma\u00e7onnerie et les substrats poreux avec une finition mate ou semi-brillante durable.<\/p>\n","protected":false},"featured_media":6275,"comment_status":"closed","ping_status":"closed","template":"","meta":{"_acf_changed":false},"product_brand":[],"product_cat":[145],"product_tag":[137,138,135,148,158,141,142,136],"class_list":{"0":"post-9567","1":"product","2":"type-product","3":"status-publish","4":"has-post-thumbnail","6":"product_cat-scellant-fr","7":"product_tag-application-exterieure-fr","8":"product_tag-clair-fr","9":"product_tag-colore-fr","10":"product_tag-durcissement-rapide-fr","11":"product_tag-interior-application-fr","12":"product_tag-moins-de-jaunissement-fr","13":"product_tag-resistance-uv-fr","14":"product_tag-temps-de-travail-prolonge-fr","15":"pa_size-5-gal-kit-us-gal-fr","16":"pa_size-kit-1-gal-gal-us","18":"first","19":"instock","20":"featured","21":"shipping-taxable","22":"product-type-variable"},"acf":[],"_links":{"self":[{"href":"https:\/\/magiefloor.com\/fr\/wp-json\/wp\/v2\/product\/9567","targetHints":{"allow":["GET"]}}],"collection":[{"href":"https:\/\/magiefloor.com\/fr\/wp-json\/wp\/v2\/product"}],"about":[{"href":"https:\/\/magiefloor.com\/fr\/wp-json\/wp\/v2\/types\/product"}],"replies":[{"embeddable":true,"href":"https:\/\/magiefloor.com\/fr\/wp-json\/wp\/v2\/comments?post=9567"}],"version-history":[{"count":0,"href":"https:\/\/magiefloor.com\/fr\/wp-json\/wp\/v2\/product\/9567\/revisions"}],"wp:featuredmedia":[{"embeddable":true,"href":"https:\/\/magiefloor.com\/fr\/wp-json\/wp\/v2\/media\/6275"}],"wp:attachment":[{"href":"https:\/\/magiefloor.com\/fr\/wp-json\/wp\/v2\/media?parent=9567"}],"wp:term":[{"taxonomy":"product_brand","embeddable":true,"href":"https:\/\/magiefloor.com\/fr\/wp-json\/wp\/v2\/product_brand?post=9567"},{"taxonomy":"product_cat","embeddable":true,"href":"https:\/\/magiefloor.com\/fr\/wp-json\/wp\/v2\/product_cat?post=9567"},{"taxonomy":"product_tag","embeddable":true,"href":"https:\/\/magiefloor.com\/fr\/wp-json\/wp\/v2\/product_tag?post=9567"}],"curies":[{"name":"wp","href":"https:\/\/api.w.org\/{rel}","templated":true}]}}