{"id":9566,"date":"2025-04-24T12:53:37","date_gmt":"2025-04-24T12:53:37","guid":{"rendered":"https:\/\/magiefloor.com\/product\/non class\u00e9\/magiechem-163\/"},"modified":"2025-04-24T12:53:37","modified_gmt":"2025-04-24T12:53:37","slug":"magiechem-163","status":"publish","type":"product","link":"https:\/\/magiefloor.com\/fr\/product\/revetement-de-sol-epoxy\/magiechem-163\/","title":{"rendered":"MAGIECHEM 163"},"content":{"rendered":"<p><strong>MAGIECHEM 163<\/strong> est un rev\u00eatement \u00e9poxy fluorocarbon\u00e9 bicomposant \u00e0 haute teneur en solides, con\u00e7u pour les applications int\u00e9rieures en environnements tr\u00e8s humides. Il offre une grande polyvalence gr\u00e2ce \u00e0 la possibilit\u00e9 de l&rsquo;associer \u00e0 du sable de silice sec pour obtenir un film \u00e0 fort pouvoir garnissant. <strong>MAGIECHEM 163<\/strong> offre une surface remarquablement dure, une excellente r\u00e9sistance \u00e0 l&rsquo;abrasion et un aspect c\u00e9ramique, ainsi qu&rsquo;une excellente durabilit\u00e9 et une r\u00e9sistance chimique.<\/p>\n","protected":false},"excerpt":{"rendered":"<p>MAGIECHEM 163 : Rev\u00eatement \u00e9poxy fluorocarbon\u00e9 int\u00e9rieur \u00e0 haute teneur en solides offrant une r\u00e9sistance exceptionnelle \u00e0 l&rsquo;abrasion, un aspect de finition c\u00e9ramique et la possibilit\u00e9 d&rsquo;incorporer du sable de silice sec pour une durabilit\u00e9 accrue, id\u00e9al pour les environnements \u00e0 forte humidit\u00e9.<\/p>\n","protected":false},"featured_media":6276,"comment_status":"closed","ping_status":"closed","template":"","meta":{"_acf_changed":false},"product_brand":[],"product_cat":[161],"product_tag":[146,135,147,158,136,159],"class_list":{"0":"post-9566","1":"product","2":"type-product","3":"status-publish","4":"has-post-thumbnail","6":"product_cat-revetement-de-sol-epoxy","7":"product_tag-application-pour-installations-alimentaires-fr","8":"product_tag-colore-fr","9":"product_tag-faibles-emissions-de-cov-sans-cov-fr","10":"product_tag-interior-application-fr","11":"product_tag-temps-de-travail-prolonge-fr","12":"product_tag-traffic-tourd-fr","13":"pa_size-5-gal-kit-us-gal-fr","14":"pa_size-kit-1-gal-gal-us","16":"first","17":"instock","18":"shipping-taxable","19":"product-type-variable"},"acf":[],"_links":{"self":[{"href":"https:\/\/magiefloor.com\/fr\/wp-json\/wp\/v2\/product\/9566","targetHints":{"allow":["GET"]}}],"collection":[{"href":"https:\/\/magiefloor.com\/fr\/wp-json\/wp\/v2\/product"}],"about":[{"href":"https:\/\/magiefloor.com\/fr\/wp-json\/wp\/v2\/types\/product"}],"replies":[{"embeddable":true,"href":"https:\/\/magiefloor.com\/fr\/wp-json\/wp\/v2\/comments?post=9566"}],"version-history":[{"count":0,"href":"https:\/\/magiefloor.com\/fr\/wp-json\/wp\/v2\/product\/9566\/revisions"}],"wp:featuredmedia":[{"embeddable":true,"href":"https:\/\/magiefloor.com\/fr\/wp-json\/wp\/v2\/media\/6276"}],"wp:attachment":[{"href":"https:\/\/magiefloor.com\/fr\/wp-json\/wp\/v2\/media?parent=9566"}],"wp:term":[{"taxonomy":"product_brand","embeddable":true,"href":"https:\/\/magiefloor.com\/fr\/wp-json\/wp\/v2\/product_brand?post=9566"},{"taxonomy":"product_cat","embeddable":true,"href":"https:\/\/magiefloor.com\/fr\/wp-json\/wp\/v2\/product_cat?post=9566"},{"taxonomy":"product_tag","embeddable":true,"href":"https:\/\/magiefloor.com\/fr\/wp-json\/wp\/v2\/product_tag?post=9566"}],"curies":[{"name":"wp","href":"https:\/\/api.w.org\/{rel}","templated":true}]}}