{"id":9565,"date":"2025-04-24T12:53:13","date_gmt":"2025-04-24T12:53:13","guid":{"rendered":"https:\/\/magiefloor.com\/product\/non class\u00e9\/magiechem-153\/"},"modified":"2025-04-24T12:53:13","modified_gmt":"2025-04-24T12:53:13","slug":"magiechem-153","status":"publish","type":"product","link":"https:\/\/magiefloor.com\/fr\/product\/revetement-de-sol-epoxy\/magiechem-153\/","title":{"rendered":"MAGIECHEM 153"},"content":{"rendered":"<p><strong>MAGIECHEM 153<\/strong> est LE rev\u00eatement mural \u00e9poxy bicomposant \u00e0 base d&rsquo;eau, \u00e0 faible teneur en COV et prot\u00e9g\u00e9 contre les microbes, \u00e0 la pointe de la technologie, sp\u00e9cialement con\u00e7u pour les applications int\u00e9rieures, garantissant une surface extr\u00eamement lisse et nettoyable qui r\u00e9siste au jaunissement et aux traces de salet\u00e9, offrant une excellente r\u00e9sistance chimique et \u00e0 l&rsquo;abrasion, une r\u00e9sistance \u00e9lev\u00e9e au rougissement dans des conditions s\u00e9v\u00e8res, une imperm\u00e9abilit\u00e9 impeccable, une flexibilit\u00e9 et une r\u00e9sistance aux UV, permettant une application facile sur des murs en pl\u00e2tre appr\u00eat\u00e9s et obtenant une finition textur\u00e9e lorsqu&rsquo;il est appliqu\u00e9 \u00e0 l&rsquo;aide d&rsquo;un rouleau de 10 mm.<\/p>\n","protected":false},"excerpt":{"rendered":"<p>MAGIECHEM 153 : Rev\u00eatement \u00e9poxy 2K \u00e0 base d&rsquo;eau &#8211; faible teneur en COV, protection antimicrobienne, haute r\u00e9sistance au jaunissement et aux salissures, excellente r\u00e9sistance chimique et \u00e0 l&rsquo;abrasion, imperm\u00e9abilit\u00e9 sans joint, flexibilit\u00e9, r\u00e9sistance aux UV et application facile sur murs en pl\u00e2tre appr\u00eat\u00e9s, permettant d&rsquo;obtenir une finition textur\u00e9e \u00e0 l&rsquo;aide d&rsquo;un rouleau de 10 mm.<\/p>\n","protected":false},"featured_media":6299,"comment_status":"closed","ping_status":"closed","template":"","meta":{"_acf_changed":false},"product_brand":[],"product_cat":[161],"product_tag":[146,135,147,141,140,136],"class_list":{"0":"post-9565","1":"product","2":"type-product","3":"status-publish","4":"has-post-thumbnail","6":"product_cat-revetement-de-sol-epoxy","7":"product_tag-application-pour-installations-alimentaires-fr","8":"product_tag-colore-fr","9":"product_tag-faibles-emissions-de-cov-sans-cov-fr","10":"product_tag-moins-de-jaunissement-fr","11":"product_tag-resistance-chimique-fr","12":"product_tag-temps-de-travail-prolonge-fr","14":"first","15":"instock","16":"shipping-taxable","17":"product-type-simple"},"acf":[],"_links":{"self":[{"href":"https:\/\/magiefloor.com\/fr\/wp-json\/wp\/v2\/product\/9565","targetHints":{"allow":["GET"]}}],"collection":[{"href":"https:\/\/magiefloor.com\/fr\/wp-json\/wp\/v2\/product"}],"about":[{"href":"https:\/\/magiefloor.com\/fr\/wp-json\/wp\/v2\/types\/product"}],"replies":[{"embeddable":true,"href":"https:\/\/magiefloor.com\/fr\/wp-json\/wp\/v2\/comments?post=9565"}],"version-history":[{"count":0,"href":"https:\/\/magiefloor.com\/fr\/wp-json\/wp\/v2\/product\/9565\/revisions"}],"wp:featuredmedia":[{"embeddable":true,"href":"https:\/\/magiefloor.com\/fr\/wp-json\/wp\/v2\/media\/6299"}],"wp:attachment":[{"href":"https:\/\/magiefloor.com\/fr\/wp-json\/wp\/v2\/media?parent=9565"}],"wp:term":[{"taxonomy":"product_brand","embeddable":true,"href":"https:\/\/magiefloor.com\/fr\/wp-json\/wp\/v2\/product_brand?post=9565"},{"taxonomy":"product_cat","embeddable":true,"href":"https:\/\/magiefloor.com\/fr\/wp-json\/wp\/v2\/product_cat?post=9565"},{"taxonomy":"product_tag","embeddable":true,"href":"https:\/\/magiefloor.com\/fr\/wp-json\/wp\/v2\/product_tag?post=9565"}],"curies":[{"name":"wp","href":"https:\/\/api.w.org\/{rel}","templated":true}]}}