{"id":9562,"date":"2025-04-24T12:53:36","date_gmt":"2025-04-24T12:53:36","guid":{"rendered":"https:\/\/magiefloor.com\/product\/non class\u00e9\/magiechem-119\/"},"modified":"2025-04-24T12:53:36","modified_gmt":"2025-04-24T12:53:36","slug":"magiechem-119","status":"publish","type":"product","link":"https:\/\/magiefloor.com\/fr\/product\/scellant-fr\/magiechem-119\/","title":{"rendered":"MAGIECHEM 119"},"content":{"rendered":"<p><strong>MAGIECHEM 119<\/strong> : Obtenez une protection haut de gamme pour vos surfaces avec notre scellant polym\u00e8re <strong>\u00e0 base d&rsquo;eau 1K<\/strong> &#8211; un m\u00e9lange acrylique\/ur\u00e9thane offrant une excellente r\u00e9sistance \u00e0 l&rsquo;eau, une transparence \u00e9lev\u00e9e et une p\u00e9n\u00e9tration profonde pour le b\u00e9ton, la ma\u00e7onnerie et les substrats poreux ; offrant une bonne r\u00e9sistance \u00e0 l&rsquo;abrasion, une bonne adh\u00e9rence au b\u00e9ton, une compatibilit\u00e9 avec divers rev\u00eatements et une application facile, c&rsquo;est une solution polyvalente pour les surfaces de b\u00e9ton fra\u00eeches et existantes, offrant durabilit\u00e9 et r\u00e9sistance tout en r\u00e9pondant aux exigences standard de durcissement et d&rsquo;\u00e9tanch\u00e9it\u00e9.<\/p>\n","protected":false},"excerpt":{"rendered":"<p>MAGIECHEM 119 : Scellant polym\u00e8re \u00e0 base d&rsquo;eau 1K, excellente r\u00e9sistance \u00e0 l&rsquo;eau, protection transparente et p\u00e9n\u00e9trante en profondeur pour le b\u00e9ton et les substrats poreux, offrant une r\u00e9sistance \u00e0 l&rsquo;abrasion, une forte adh\u00e9rence, une compatibilit\u00e9 avec les rev\u00eatements et une application facile &#8211; votre solution de choix pour les surfaces nouvelles et existantes.<\/p>\n","protected":false},"featured_media":6275,"comment_status":"closed","ping_status":"closed","template":"","meta":{"_acf_changed":false},"product_brand":[],"product_cat":[145],"product_tag":[146,138,148,147,158,136],"class_list":{"0":"post-9562","1":"product","2":"type-product","3":"status-publish","4":"has-post-thumbnail","6":"product_cat-scellant-fr","7":"product_tag-application-pour-installations-alimentaires-fr","8":"product_tag-clair-fr","9":"product_tag-durcissement-rapide-fr","10":"product_tag-faibles-emissions-de-cov-sans-cov-fr","11":"product_tag-interior-application-fr","12":"product_tag-temps-de-travail-prolonge-fr","13":"pa_size-5-gal-kit-us-gal-fr","15":"first","16":"instock","17":"shipping-taxable","18":"product-type-variable"},"acf":[],"_links":{"self":[{"href":"https:\/\/magiefloor.com\/fr\/wp-json\/wp\/v2\/product\/9562","targetHints":{"allow":["GET"]}}],"collection":[{"href":"https:\/\/magiefloor.com\/fr\/wp-json\/wp\/v2\/product"}],"about":[{"href":"https:\/\/magiefloor.com\/fr\/wp-json\/wp\/v2\/types\/product"}],"replies":[{"embeddable":true,"href":"https:\/\/magiefloor.com\/fr\/wp-json\/wp\/v2\/comments?post=9562"}],"version-history":[{"count":0,"href":"https:\/\/magiefloor.com\/fr\/wp-json\/wp\/v2\/product\/9562\/revisions"}],"wp:featuredmedia":[{"embeddable":true,"href":"https:\/\/magiefloor.com\/fr\/wp-json\/wp\/v2\/media\/6275"}],"wp:attachment":[{"href":"https:\/\/magiefloor.com\/fr\/wp-json\/wp\/v2\/media?parent=9562"}],"wp:term":[{"taxonomy":"product_brand","embeddable":true,"href":"https:\/\/magiefloor.com\/fr\/wp-json\/wp\/v2\/product_brand?post=9562"},{"taxonomy":"product_cat","embeddable":true,"href":"https:\/\/magiefloor.com\/fr\/wp-json\/wp\/v2\/product_cat?post=9562"},{"taxonomy":"product_tag","embeddable":true,"href":"https:\/\/magiefloor.com\/fr\/wp-json\/wp\/v2\/product_tag?post=9562"}],"curies":[{"name":"wp","href":"https:\/\/api.w.org\/{rel}","templated":true}]}}