{"id":9560,"date":"2025-04-24T12:53:24","date_gmt":"2025-04-24T12:53:24","guid":{"rendered":"https:\/\/magiefloor.com\/product\/non class\u00e9\/magiechem-101\/"},"modified":"2025-04-24T12:53:24","modified_gmt":"2025-04-24T12:53:24","slug":"magiechem-101","status":"publish","type":"product","link":"https:\/\/magiefloor.com\/fr\/product\/revetement-de-sol-epoxy\/magiechem-101\/","title":{"rendered":"MAGIECHEM 101"},"content":{"rendered":"<p>Entrez dans l&rsquo;avenir de la pr\u00e9paration des surfaces avec <strong>MAGIECHEM 101<\/strong>, un \u00e9poxy bicomposant \u00e0 base d&rsquo;eau con\u00e7u pour la perfection. Plus qu&rsquo;un simple appr\u00eat, c&rsquo;est la cl\u00e9 pour transformer les surfaces poreuses comme les blocs de b\u00e9ton en un v\u00e9ritable champ de possibilit\u00e9s. Gr\u00e2ce \u00e0 son adh\u00e9rence exceptionnelle, m\u00eame sur surfaces humides, et \u00e0 sa remarquable r\u00e9sistance \u00e0 l&rsquo;humidit\u00e9, <strong>MAGIECHEM 101<\/strong> garantit que vos murs ne sont pas seulement recouverts, mais parfaitement pr\u00e9par\u00e9s pour les finitions. Son rapport de m\u00e9lange simple 1A:1B et sa viscosit\u00e9 pseudo-plastique vous permettent de cr\u00e9er l&rsquo;excellence. En comblant et en lissant les imperfections, il ne se contente pas d&rsquo;\u00e9conomiser sur les mat\u00e9riaux de finition, il sublime votre projet dans son int\u00e9gralit\u00e9. <strong>MAGIECHEM 101<\/strong> est une solution professionnelle, \u00e9conomique et conforme aux normes LEED qui \u00e9tablit de nouvelles normes en mati\u00e8re de pr\u00e9paration des surfaces. Ne vous contentez pas de recouvrir vos murs, ma\u00eetrisez-les avec <strong>MAGIECHEM 101<\/strong>.     <\/p>\n","protected":false},"excerpt":{"rendered":"<p>MAGIECHEM 101 : Appr\u00eat \u00e9poxy bicomposant \u00e0 base d&rsquo;eau, excellant en r\u00e9sistance \u00e0 l&rsquo;humidit\u00e9 et en adh\u00e9rence aux surfaces poreuses, simplifiant l&rsquo;application avec un rapport de m\u00e9lange 1A:1B et ouvrant la voie \u00e0 des finitions impeccables.<\/p>\n","protected":false},"featured_media":0,"comment_status":"closed","ping_status":"closed","template":"","meta":{"_acf_changed":false},"product_brand":[],"product_cat":[161],"product_tag":[146,148,147,141,136],"class_list":{"0":"post-9560","1":"product","2":"type-product","3":"status-publish","5":"product_cat-revetement-de-sol-epoxy","6":"product_tag-application-pour-installations-alimentaires-fr","7":"product_tag-durcissement-rapide-fr","8":"product_tag-faibles-emissions-de-cov-sans-cov-fr","9":"product_tag-moins-de-jaunissement-fr","10":"product_tag-temps-de-travail-prolonge-fr","12":"first","13":"instock","14":"shipping-taxable","15":"product-type-simple"},"acf":[],"_links":{"self":[{"href":"https:\/\/magiefloor.com\/fr\/wp-json\/wp\/v2\/product\/9560","targetHints":{"allow":["GET"]}}],"collection":[{"href":"https:\/\/magiefloor.com\/fr\/wp-json\/wp\/v2\/product"}],"about":[{"href":"https:\/\/magiefloor.com\/fr\/wp-json\/wp\/v2\/types\/product"}],"replies":[{"embeddable":true,"href":"https:\/\/magiefloor.com\/fr\/wp-json\/wp\/v2\/comments?post=9560"}],"version-history":[{"count":0,"href":"https:\/\/magiefloor.com\/fr\/wp-json\/wp\/v2\/product\/9560\/revisions"}],"wp:attachment":[{"href":"https:\/\/magiefloor.com\/fr\/wp-json\/wp\/v2\/media?parent=9560"}],"wp:term":[{"taxonomy":"product_brand","embeddable":true,"href":"https:\/\/magiefloor.com\/fr\/wp-json\/wp\/v2\/product_brand?post=9560"},{"taxonomy":"product_cat","embeddable":true,"href":"https:\/\/magiefloor.com\/fr\/wp-json\/wp\/v2\/product_cat?post=9560"},{"taxonomy":"product_tag","embeddable":true,"href":"https:\/\/magiefloor.com\/fr\/wp-json\/wp\/v2\/product_tag?post=9560"}],"curies":[{"name":"wp","href":"https:\/\/api.w.org\/{rel}","templated":true}]}}