{"id":8887,"date":"2025-04-24T12:53:42","date_gmt":"2025-04-24T12:53:42","guid":{"rendered":"https:\/\/magiefloor.com\/product\/non%20class\u00e9\/magiechem-295\/"},"modified":"2025-07-02T12:54:04","modified_gmt":"2025-07-02T12:54:04","slug":"magiechem-295","status":"publish","type":"product","link":"https:\/\/magiefloor.com\/fr\/product\/membrane-fr\/magiechem-295\/","title":{"rendered":"MAGIECHEM 295"},"content":{"rendered":"<p>D\u00e9couvrez <strong>MAGIECHEM 295<\/strong>, le rev\u00eatement polyur\u00e9thane 100 % solide indispensable pour les environnements exigeants. Con\u00e7u pour r\u00e9sister \u00e0 un trafic intense, ce produit haut de gamme offre une durabilit\u00e9 et une r\u00e9sistance \u00e0 l&rsquo;abrasion exceptionnelles qui d\u00e9passent toutes les attentes. Son application facile, sans solvant et sans odeur en fait une solution pratique pour toutes les surfaces, qu&rsquo;il s&rsquo;agisse de b\u00e9ton, de m\u00e9tal, de bois ou de pl\u00e2tre. De plus, sa capacit\u00e9 \u00e0 emp\u00eacher les fissures du b\u00e9ton de se propager \u00e0 la couche de finition \u00e9poxy en fait un choix judicieux pour des projets de rev\u00eatement complets.   <\/p>\n<p><strong>MAGIECHEM 295<\/strong> est un liant polyur\u00e9thane aromatique bicomposant, 100 % solide, principalement con\u00e7u pour les zones \u00e0 fort trafic. Il peut \u00e9galement \u00eatre utilis\u00e9 comme membrane d&rsquo;\u00e9tanch\u00e9it\u00e9 pour prot\u00e9ger vos surfaces des infiltrations d&rsquo;eau. De plus, si vous recherchez une surface antid\u00e9rapante, le <strong>MGC 295<\/strong> peut tol\u00e9rer l&rsquo;ajout de granulats secs tels que du sable de silice ou d&rsquo;autres granulats abrasifs de granulom\u00e9trie 16 \u00e0 24 mesh, pour une finition antid\u00e9rapante et s\u00fbre.  <\/p>\n<p>Avec le <strong>MGC 295<\/strong>, optez pour une protection robuste, fiable et sans compromis pour vos surfaces. Profitez de l&rsquo;occasion pour am\u00e9liorer la durabilit\u00e9 de vos espaces. <\/p>\n<p>Assurez la long\u00e9vit\u00e9 de vos investissements avec <strong>MAGIECHEM 295<\/strong>, la solution in\u00e9gal\u00e9e pour une protection \u00e0 long terme.<\/p>\n","protected":false},"excerpt":{"rendered":"<p>MAGIECHEM 295 : Liant polyur\u00e9thane aromatique \u00e0 100 % de solides, \u00e0 base d&rsquo;huile v\u00e9g\u00e9tale, offrant une application facile, une excellente adh\u00e9rence, une r\u00e9sistance \u00e0 l&rsquo;humidit\u00e9 et \u00e0 l&rsquo;abrasion ; r\u00e9pond aux exigences LEED pour une finition durable et sans solvant.<\/p>\n","protected":false},"featured_media":6239,"comment_status":"closed","ping_status":"closed","template":"","meta":{"_acf_changed":false},"product_brand":[],"product_cat":[155,156],"product_tag":[157,146,135,139,148,147,158,140,159],"class_list":{"0":"post-8887","1":"product","2":"type-product","3":"status-publish","4":"has-post-thumbnail","6":"product_cat-membrane-fr","7":"product_cat-polyurethane-flooring-fr","8":"product_tag-100-solide-fr","9":"product_tag-application-pour-installations-alimentaires-fr","10":"product_tag-colore-fr","11":"product_tag-durcissement-a-basse-temperature-fr","12":"product_tag-durcissement-rapide-fr","13":"product_tag-faibles-emissions-de-cov-sans-cov-fr","14":"product_tag-interior-application-fr","15":"product_tag-resistance-chimique-fr","16":"product_tag-traffic-tourd-fr","17":"pa_size-4-gal-kit-us-gal-fr","19":"first","20":"instock","21":"shipping-taxable","22":"product-type-variable"},"acf":[],"_links":{"self":[{"href":"https:\/\/magiefloor.com\/fr\/wp-json\/wp\/v2\/product\/8887","targetHints":{"allow":["GET"]}}],"collection":[{"href":"https:\/\/magiefloor.com\/fr\/wp-json\/wp\/v2\/product"}],"about":[{"href":"https:\/\/magiefloor.com\/fr\/wp-json\/wp\/v2\/types\/product"}],"replies":[{"embeddable":true,"href":"https:\/\/magiefloor.com\/fr\/wp-json\/wp\/v2\/comments?post=8887"}],"version-history":[{"count":4,"href":"https:\/\/magiefloor.com\/fr\/wp-json\/wp\/v2\/product\/8887\/revisions"}],"predecessor-version":[{"id":9576,"href":"https:\/\/magiefloor.com\/fr\/wp-json\/wp\/v2\/product\/8887\/revisions\/9576"}],"wp:featuredmedia":[{"embeddable":true,"href":"https:\/\/magiefloor.com\/fr\/wp-json\/wp\/v2\/media\/6239"}],"wp:attachment":[{"href":"https:\/\/magiefloor.com\/fr\/wp-json\/wp\/v2\/media?parent=8887"}],"wp:term":[{"taxonomy":"product_brand","embeddable":true,"href":"https:\/\/magiefloor.com\/fr\/wp-json\/wp\/v2\/product_brand?post=8887"},{"taxonomy":"product_cat","embeddable":true,"href":"https:\/\/magiefloor.com\/fr\/wp-json\/wp\/v2\/product_cat?post=8887"},{"taxonomy":"product_tag","embeddable":true,"href":"https:\/\/magiefloor.com\/fr\/wp-json\/wp\/v2\/product_tag?post=8887"}],"curies":[{"name":"wp","href":"https:\/\/api.w.org\/{rel}","templated":true}]}}