{"id":7567,"date":"2025-05-15T06:20:46","date_gmt":"2025-05-15T06:20:46","guid":{"rendered":"https:\/\/magiefloor.com\/product\/non%20class\u00e9\/systeme-polyaspartique\/"},"modified":"2025-07-02T13:39:13","modified_gmt":"2025-07-02T13:39:13","slug":"systeme-polyaspartique","status":"publish","type":"product","link":"https:\/\/magiefloor.com\/fr\/product\/industriels\/systeme-polyaspartique\/","title":{"rendered":"Syst\u00e8me polyaspartique"},"content":{"rendered":"<p><strong>DESCRIPTION ET UTILISATION<\/strong><br \/>\nLe syst\u00e8me polyaspartique 1 jour MAGIEFLOOR\u2122 est une solution de rev\u00eatement de sol haute performance \u00e0 s\u00e9chage ultra-rapide, con\u00e7ue pour offrir une durabilit\u00e9 sup\u00e9rieure.<\/p>\n","protected":false},"excerpt":{"rendered":"<p>Le syst\u00e8me polyaspartique 1 jour MAGIEFLOOR\u1d39\u1d30 est une solution de rev\u00eatement de sol haute performance \u00e0 durcissement ultra-rapide, con\u00e7ue pour offrir une durabilit\u00e9 sup\u00e9rieure, une r\u00e9sistance aux produits chimiques et un retour en service extr\u00eamement rapide. Ce syst\u00e8me permet une installation compl\u00e8te en une seule journ\u00e9e, r\u00e9duisant consid\u00e9rablement les temps d\u2019arr\u00eat dans les environnements commerciaux, industriels et r\u00e9sidentiels. <\/p>\n","protected":false},"featured_media":6715,"comment_status":"closed","ping_status":"closed","template":"","meta":{"_acf_changed":false},"product_brand":[],"product_cat":[143,134],"product_tag":[],"class_list":{"0":"post-7567","1":"product","2":"type-product","3":"status-publish","4":"has-post-thumbnail","6":"product_cat-industriels","7":"product_cat-polyurethane","9":"first","10":"instock","11":"shipping-taxable","12":"product-type-simple"},"acf":[],"_links":{"self":[{"href":"https:\/\/magiefloor.com\/fr\/wp-json\/wp\/v2\/product\/7567","targetHints":{"allow":["GET"]}}],"collection":[{"href":"https:\/\/magiefloor.com\/fr\/wp-json\/wp\/v2\/product"}],"about":[{"href":"https:\/\/magiefloor.com\/fr\/wp-json\/wp\/v2\/types\/product"}],"replies":[{"embeddable":true,"href":"https:\/\/magiefloor.com\/fr\/wp-json\/wp\/v2\/comments?post=7567"}],"version-history":[{"count":1,"href":"https:\/\/magiefloor.com\/fr\/wp-json\/wp\/v2\/product\/7567\/revisions"}],"predecessor-version":[{"id":9621,"href":"https:\/\/magiefloor.com\/fr\/wp-json\/wp\/v2\/product\/7567\/revisions\/9621"}],"wp:featuredmedia":[{"embeddable":true,"href":"https:\/\/magiefloor.com\/fr\/wp-json\/wp\/v2\/media\/6715"}],"wp:attachment":[{"href":"https:\/\/magiefloor.com\/fr\/wp-json\/wp\/v2\/media?parent=7567"}],"wp:term":[{"taxonomy":"product_brand","embeddable":true,"href":"https:\/\/magiefloor.com\/fr\/wp-json\/wp\/v2\/product_brand?post=7567"},{"taxonomy":"product_cat","embeddable":true,"href":"https:\/\/magiefloor.com\/fr\/wp-json\/wp\/v2\/product_cat?post=7567"},{"taxonomy":"product_tag","embeddable":true,"href":"https:\/\/magiefloor.com\/fr\/wp-json\/wp\/v2\/product_tag?post=7567"}],"curies":[{"name":"wp","href":"https:\/\/api.w.org\/{rel}","templated":true}]}}