{"id":7251,"date":"2025-01-03T14:01:36","date_gmt":"2025-01-03T14:01:36","guid":{"rendered":"https:\/\/magiefloor.com\/produits\/"},"modified":"2025-06-11T07:49:29","modified_gmt":"2025-06-11T07:49:29","slug":"produits","status":"publish","type":"page","link":"https:\/\/magiefloor.com\/fr\/produits\/","title":{"rendered":"Produits"},"content":{"rendered":"\t\t<div data-elementor-type=\"wp-page\" data-elementor-id=\"7251\" class=\"elementor elementor-7251 elementor-2391\" data-elementor-post-type=\"page\">\n\t\t\t\t<div class=\"elementor-element elementor-element-4b8de4c7 e-flex e-con-boxed e-con e-parent\" data-id=\"4b8de4c7\" data-element_type=\"container\" data-e-type=\"container\" data-settings=\"{&quot;background_background&quot;:&quot;classic&quot;}\">\n\t\t\t\t\t<div class=\"e-con-inner\">\n\t\t\t\t<div class=\"elementor-element elementor-element-742357e elementor-invisible elementor-widget elementor-widget-heading\" data-id=\"742357e\" data-element_type=\"widget\" data-e-type=\"widget\" data-settings=\"{&quot;_animation&quot;:&quot;fadeInUp&quot;}\" data-widget_type=\"heading.default\">\n\t\t\t\t\t<h2 class=\"elementor-heading-title elementor-size-default\"><span class=\" \">Produits<\/span><\/h2>\t\t\t\t<\/div>\n\t\t\t\t<div class=\"elementor-element elementor-element-6c7767c elementor-widget__width-initial elementor-invisible elementor-widget elementor-widget-text-editor\" data-id=\"6c7767c\" data-element_type=\"widget\" data-e-type=\"widget\" data-settings=\"{&quot;_animation&quot;:&quot;fadeIn&quot;,&quot;_animation_delay&quot;:500}\" data-widget_type=\"text-editor.default\">\n\t\t\t\t\t\t\t\t\tExplorez notre gamme compl\u00e8te de solutions industrielles, con\u00e7ues pour restaurer, prot\u00e9ger et sublimer les surfaces en b\u00e9ton. Forts de d\u00e9cennies d&rsquo;expertise et d&rsquo;innovation, nos produits offrent performance, pr\u00e9cision et durabilit\u00e9 dans tous les environnements. \t\t\t\t\t\t\t\t<\/div>\n\t\t\t\t\t<\/div>\n\t\t\t\t<\/div>\n\t\t<div class=\"elementor-element elementor-element-835b0db e-flex e-con-boxed e-con e-parent\" data-id=\"835b0db\" data-element_type=\"container\" data-e-type=\"container\" data-settings=\"{&quot;background_background&quot;:&quot;classic&quot;}\">\n\t\t\t\t\t<div class=\"e-con-inner\">\n\t\t<div class=\"elementor-element elementor-element-ada909e e-con-full e-flex e-con e-child\" data-id=\"ada909e\" data-element_type=\"container\" data-e-type=\"container\">\n\t\t<div class=\"elementor-element elementor-element-7dae1ea e-con-full e-flex e-con e-child\" data-id=\"7dae1ea\" data-element_type=\"container\" data-e-type=\"container\" data-settings=\"{&quot;background_background&quot;:&quot;classic&quot;}\">\n\t\t<div class=\"elementor-element elementor-element-9d6d049 e-con-full e-flex e-con e-child\" data-id=\"9d6d049\" data-element_type=\"container\" data-e-type=\"container\">\n\t\t\t\t<div class=\"elementor-element elementor-element-f710a22 elementor-invisible elementor-widget elementor-widget-heading\" data-id=\"f710a22\" data-element_type=\"widget\" data-e-type=\"widget\" data-settings=\"{&quot;_animation&quot;:&quot;fadeIn&quot;}\" data-widget_type=\"heading.default\">\n\t\t\t\t\t<h2 class=\"elementor-heading-title elementor-size-default\">Pr\u00e9paration du sol\n<\/h2>\t\t\t\t<\/div>\n\t\t\t\t<div class=\"elementor-element elementor-element-970999f elementor-widget__width-initial elementor-invisible elementor-widget elementor-widget-text-editor\" data-id=\"970999f\" data-element_type=\"widget\" data-e-type=\"widget\" data-settings=\"{&quot;_animation&quot;:&quot;fadeIn&quot;,&quot;_animation_delay&quot;:500}\" data-widget_type=\"text-editor.default\">\n\t\t\t\t\t\t\t\t\t<strong><span data-mce-type=\"bookmark\" style=\"display: inline-block; width: 0px; overflow: hidden; line-height: 0;\" class=\"mce_SELRES_start\"><\/span>La pr\u00e9paration et le priming appropri\u00e9s<\/strong> des substrats contribueront \u00e0 la fonctionnalit\u00e9 et \u00e0 la long\u00e9vit\u00e9 de vos syst\u00e8mes de rev\u00eatement en r\u00e9sine.\t\t\t\t\t\t\t\t<\/div>\n\t\t\t\t<\/div>\n\t\t\t\t<\/div>\n\t\t<div class=\"elementor-element elementor-element-8c69c5d e-con-full e-flex e-con e-child\" data-id=\"8c69c5d\" data-element_type=\"container\" data-e-type=\"container\" data-settings=\"{&quot;background_background&quot;:&quot;classic&quot;}\">\n\t\t<div class=\"elementor-element elementor-element-8d28412 e-con-full e-flex e-con e-child\" data-id=\"8d28412\" data-element_type=\"container\" data-e-type=\"container\" id=\"trans\" data-settings=\"{&quot;background_background&quot;:&quot;classic&quot;}\">\n\t\t<div class=\"elementor-element elementor-element-8be7cf1 e-con-full e-flex e-con e-child\" data-id=\"8be7cf1\" data-element_type=\"container\" data-e-type=\"container\" data-settings=\"{&quot;background_background&quot;:&quot;classic&quot;}\">\n\t\t\t\t<\/div>\n\t\t<div class=\"elementor-element elementor-element-2a1af05 e-con-full e-flex e-con e-child\" data-id=\"2a1af05\" data-element_type=\"container\" data-e-type=\"container\">\n\t\t\t\t<div class=\"elementor-element elementor-element-4113e9c elementor-widget elementor-widget-heading\" data-id=\"4113e9c\" data-element_type=\"widget\" data-e-type=\"widget\" data-widget_type=\"heading.default\">\n\t\t\t\t\t<h3 class=\"elementor-heading-title elementor-size-default\">\nFiltres de joints, Pitching et Patching \u203a<\/h3>\t\t\t\t<\/div>\n\t\t\t\t<\/div>\n\t\t\t\t<\/div>\n\t\t<div class=\"elementor-element elementor-element-cbc6a94 e-con-full e-flex e-con e-child\" data-id=\"cbc6a94\" data-element_type=\"container\" data-e-type=\"container\" id=\"trans\" data-settings=\"{&quot;background_background&quot;:&quot;classic&quot;}\">\n\t\t<div class=\"elementor-element elementor-element-6ee465c e-con-full e-flex e-con e-child\" data-id=\"6ee465c\" data-element_type=\"container\" data-e-type=\"container\" data-settings=\"{&quot;background_background&quot;:&quot;classic&quot;}\">\n\t\t\t\t<\/div>\n\t\t<div class=\"elementor-element elementor-element-37eff72 e-con-full e-flex e-con e-child\" data-id=\"37eff72\" data-element_type=\"container\" data-e-type=\"container\">\n\t\t\t\t<div class=\"elementor-element elementor-element-394690c elementor-widget elementor-widget-heading\" data-id=\"394690c\" data-element_type=\"widget\" data-e-type=\"widget\" data-widget_type=\"heading.default\">\n\t\t\t\t\t<h3 class=\"elementor-heading-title elementor-size-default\">Primaires &amp; Scellants \u203a <\/h3>\t\t\t\t<\/div>\n\t\t\t\t<\/div>\n\t\t\t\t<\/div>\n\t\t\t\t<\/div>\n\t\t\t\t<\/div>\n\t\t\t\t\t<\/div>\n\t\t\t\t<\/div>\n\t\t<div class=\"elementor-element elementor-element-1ba3473 e-flex e-con-boxed e-con e-parent\" data-id=\"1ba3473\" data-element_type=\"container\" data-e-type=\"container\" data-settings=\"{&quot;background_background&quot;:&quot;classic&quot;}\">\n\t\t\t\t\t<div class=\"e-con-inner\">\n\t\t<div class=\"elementor-element elementor-element-82b3a20 e-con-full e-flex e-con e-child\" data-id=\"82b3a20\" data-element_type=\"container\" data-e-type=\"container\">\n\t\t<div class=\"elementor-element elementor-element-40e363b e-con-full e-flex e-con e-child\" data-id=\"40e363b\" data-element_type=\"container\" data-e-type=\"container\">\n\t\t<div class=\"elementor-element elementor-element-d6d9be2 e-con-full e-flex e-con e-child\" data-id=\"d6d9be2\" data-element_type=\"container\" data-e-type=\"container\">\n\t\t\t\t<div class=\"elementor-element elementor-element-2c57d97 elementor-invisible elementor-widget elementor-widget-heading\" data-id=\"2c57d97\" data-element_type=\"widget\" data-e-type=\"widget\" data-settings=\"{&quot;_animation&quot;:&quot;fadeIn&quot;}\" data-widget_type=\"heading.default\">\n\t\t\t\t\t<h2 class=\"elementor-heading-title elementor-size-default\">Explorez nos cat\u00e9gories de produits<\/h2>\t\t\t\t<\/div>\n\t\t\t\t<div class=\"elementor-element elementor-element-e9e2f42 elementor-invisible elementor-widget elementor-widget-text-editor\" data-id=\"e9e2f42\" data-element_type=\"widget\" data-e-type=\"widget\" data-settings=\"{&quot;_animation&quot;:&quot;fadeIn&quot;,&quot;_animation_delay&quot;:500}\" data-widget_type=\"text-editor.default\">\n\t\t\t\t\t\t\t\t\tD\u00e9couvrez des solutions sp\u00e9cialis\u00e9es con\u00e7ues pour r\u00e9parer, prot\u00e9ger et am\u00e9liorer les surfaces en b\u00e9ton. Chaque cat\u00e9gorie offre des mat\u00e9riaux haute performance, fiables dans divers secteurs, pour leur durabilit\u00e9, leur pr\u00e9cision et des r\u00e9sultats durables. \t\t\t\t\t\t\t\t<\/div>\n\t\t\t\t<\/div>\n\t\t\t\t<\/div>\n\t\t<div class=\"elementor-element elementor-element-fddfdc7 e-con-full e-flex e-con e-child\" data-id=\"fddfdc7\" data-element_type=\"container\" data-e-type=\"container\">\n\t\t<div class=\"elementor-element elementor-element-ef03f9f e-con-full e-flex e-con e-child\" data-id=\"ef03f9f\" data-element_type=\"container\" data-e-type=\"container\" id=\"trans\" data-settings=\"{&quot;background_background&quot;:&quot;classic&quot;}\">\n\t\t<div class=\"elementor-element elementor-element-aa0b6f7 e-con-full e-flex e-con e-child\" data-id=\"aa0b6f7\" data-element_type=\"container\" data-e-type=\"container\" data-settings=\"{&quot;background_background&quot;:&quot;classic&quot;}\">\n\t\t\t\t<\/div>\n\t\t<div class=\"elementor-element elementor-element-964bcba e-con-full e-flex e-con e-child\" data-id=\"964bcba\" data-element_type=\"container\" data-e-type=\"container\">\n\t\t\t\t<div class=\"elementor-element elementor-element-a5098b3 elementor-widget elementor-widget-heading\" data-id=\"a5098b3\" data-element_type=\"widget\" data-e-type=\"widget\" data-widget_type=\"heading.default\">\n\t\t\t\t\t<h3 class=\"elementor-heading-title elementor-size-default\">\nRev\u00eatement en \u00e9poxy \u203a<\/h3>\t\t\t\t<\/div>\n\t\t\t\t<\/div>\n\t\t\t\t<\/div>\n\t\t<div class=\"elementor-element elementor-element-b6e4210 e-con-full e-flex e-con e-child\" data-id=\"b6e4210\" data-element_type=\"container\" data-e-type=\"container\" id=\"trans\" data-settings=\"{&quot;background_background&quot;:&quot;classic&quot;}\">\n\t\t<div class=\"elementor-element elementor-element-5f6e969 e-con-full e-flex e-con e-child\" data-id=\"5f6e969\" data-element_type=\"container\" data-e-type=\"container\" data-settings=\"{&quot;background_background&quot;:&quot;classic&quot;}\">\n\t\t\t\t<\/div>\n\t\t<div class=\"elementor-element elementor-element-88324cc e-con-full e-flex e-con e-child\" data-id=\"88324cc\" data-element_type=\"container\" data-e-type=\"container\">\n\t\t\t\t<div class=\"elementor-element elementor-element-4803773 elementor-widget elementor-widget-heading\" data-id=\"4803773\" data-element_type=\"widget\" data-e-type=\"widget\" data-widget_type=\"heading.default\">\n\t\t\t\t\t<h3 class=\"elementor-heading-title elementor-size-default\">Rev\u00eatement polyaspartique \u203a <\/h3>\t\t\t\t<\/div>\n\t\t\t\t<\/div>\n\t\t\t\t<\/div>\n\t\t\t\t<\/div>\n\t\t\t\t<\/div>\n\t\t<div class=\"elementor-element elementor-element-119341a e-con-full e-flex e-con e-child\" data-id=\"119341a\" data-element_type=\"container\" data-e-type=\"container\">\n\t\t<div class=\"elementor-element elementor-element-0778fab e-con-full e-flex e-con e-child\" data-id=\"0778fab\" data-element_type=\"container\" data-e-type=\"container\">\n\t\t<div class=\"elementor-element elementor-element-86328f2 e-con-full e-flex e-con e-child\" data-id=\"86328f2\" data-element_type=\"container\" data-e-type=\"container\" id=\"trans\" data-settings=\"{&quot;background_background&quot;:&quot;classic&quot;}\">\n\t\t<div class=\"elementor-element elementor-element-3228fd6 e-con-full e-flex e-con e-child\" data-id=\"3228fd6\" data-element_type=\"container\" data-e-type=\"container\" id=\"trans\" data-settings=\"{&quot;background_background&quot;:&quot;classic&quot;}\">\n\t\t\t\t<\/div>\n\t\t<div class=\"elementor-element elementor-element-06b4116 e-con-full e-flex e-con e-child\" data-id=\"06b4116\" data-element_type=\"container\" data-e-type=\"container\">\n\t\t\t\t<div class=\"elementor-element elementor-element-23d4162 elementor-widget elementor-widget-heading\" data-id=\"23d4162\" data-element_type=\"widget\" data-e-type=\"widget\" data-widget_type=\"heading.default\">\n\t\t\t\t\t<h3 class=\"elementor-heading-title elementor-size-default\">Rev\u00eatement en polyur\u00e9thane \u203a<\/h3>\t\t\t\t<\/div>\n\t\t\t\t<\/div>\n\t\t\t\t<\/div>\n\t\t<div class=\"elementor-element elementor-element-78ec32b e-con-full e-flex e-con e-child\" data-id=\"78ec32b\" data-element_type=\"container\" data-e-type=\"container\" id=\"trans\" data-settings=\"{&quot;background_background&quot;:&quot;classic&quot;}\">\n\t\t<div class=\"elementor-element elementor-element-98e98d8 e-con-full e-flex e-con e-child\" data-id=\"98e98d8\" data-element_type=\"container\" data-e-type=\"container\" data-settings=\"{&quot;background_background&quot;:&quot;classic&quot;}\">\n\t\t\t\t<\/div>\n\t\t<div class=\"elementor-element elementor-element-54861b6 e-con-full e-flex e-con e-child\" data-id=\"54861b6\" data-element_type=\"container\" data-e-type=\"container\">\n\t\t\t\t<div class=\"elementor-element elementor-element-e3d3105 elementor-widget elementor-widget-heading\" data-id=\"e3d3105\" data-element_type=\"widget\" data-e-type=\"widget\" data-widget_type=\"heading.default\">\n\t\t\t\t\t<h3 class=\"elementor-heading-title elementor-size-default\">Rev\u00eatement acrylique \u203a<\/h3>\t\t\t\t<\/div>\n\t\t\t\t<\/div>\n\t\t\t\t<\/div>\n\t\t<div class=\"elementor-element elementor-element-15deaf4 e-con-full e-flex e-con e-child\" data-id=\"15deaf4\" data-element_type=\"container\" data-e-type=\"container\" data-settings=\"{&quot;background_background&quot;:&quot;classic&quot;}\">\n\t\t<div class=\"elementor-element elementor-element-88ca88f e-con-full e-flex e-con e-child\" data-id=\"88ca88f\" data-element_type=\"container\" data-e-type=\"container\" id=\"trans\" data-settings=\"{&quot;background_background&quot;:&quot;classic&quot;}\">\n\t\t\t\t<\/div>\n\t\t<div class=\"elementor-element elementor-element-0bca8f2 e-con-full e-flex e-con e-child\" data-id=\"0bca8f2\" data-element_type=\"container\" data-e-type=\"container\">\n\t\t\t\t<div class=\"elementor-element elementor-element-685ae9d elementor-widget elementor-widget-heading\" data-id=\"685ae9d\" data-element_type=\"widget\" data-e-type=\"widget\" data-widget_type=\"heading.default\">\n\t\t\t\t\t<h3 class=\"elementor-heading-title elementor-size-default\">Polyur\u00e9thane cimentaire \u203a<\/h3>\t\t\t\t<\/div>\n\t\t\t\t<\/div>\n\t\t\t\t<\/div>\n\t\t<div class=\"elementor-element elementor-element-906cc9e e-con-full e-flex e-con e-child\" data-id=\"906cc9e\" data-element_type=\"container\" data-e-type=\"container\" data-settings=\"{&quot;background_background&quot;:&quot;classic&quot;}\">\n\t\t<div class=\"elementor-element elementor-element-0b1237e e-con-full e-flex e-con e-child\" data-id=\"0b1237e\" data-element_type=\"container\" data-e-type=\"container\" id=\"trans\" data-settings=\"{&quot;background_background&quot;:&quot;classic&quot;}\">\n\t\t\t\t<\/div>\n\t\t<div class=\"elementor-element elementor-element-2de5ef6 e-con-full e-flex e-con e-child\" data-id=\"2de5ef6\" data-element_type=\"container\" data-e-type=\"container\">\n\t\t\t\t<div class=\"elementor-element elementor-element-cd1d3fd elementor-widget elementor-widget-heading\" data-id=\"cd1d3fd\" data-element_type=\"widget\" data-e-type=\"widget\" data-widget_type=\"heading.default\">\n\t\t\t\t\t<h3 class=\"elementor-heading-title elementor-size-default\">Syst\u00e8mes de plinthes et murs \u203a<\/h3>\t\t\t\t<\/div>\n\t\t\t\t<\/div>\n\t\t\t\t<\/div>\n\t\t\t\t<\/div>\n\t\t\t\t<\/div>\n\t\t\t\t\t<\/div>\n\t\t\t\t<\/div>\n\t\t<div class=\"elementor-element elementor-element-962fc70 e-flex e-con-boxed e-con e-parent\" data-id=\"962fc70\" data-element_type=\"container\" data-e-type=\"container\" data-settings=\"{&quot;background_background&quot;:&quot;classic&quot;}\">\n\t\t\t\t\t<div class=\"e-con-inner\">\n\t\t\t\t<div class=\"elementor-element elementor-element-487977c elementor-invisible elementor-widget elementor-widget-heading\" data-id=\"487977c\" data-element_type=\"widget\" data-e-type=\"widget\" data-settings=\"{&quot;_animation&quot;:&quot;fadeIn&quot;}\" data-widget_type=\"heading.default\">\n\t\t\t\t\t<h2 class=\"elementor-heading-title elementor-size-default\">Finitions &amp; Accessoires<\/h2>\t\t\t\t<\/div>\n\t\t\t\t<div class=\"elementor-element elementor-element-8f0b443 elementor-invisible elementor-widget elementor-widget-text-editor\" data-id=\"8f0b443\" data-element_type=\"widget\" data-e-type=\"widget\" data-settings=\"{&quot;_animation&quot;:&quot;fadeIn&quot;,&quot;_animation_delay&quot;:500}\" data-widget_type=\"text-editor.default\">\n\t\t\t\t\t\t\t\t\tDur-A-Flex propose une large gamme de nettoyants et d&rsquo;accessoires pour r\u00e9pondre \u00e0 vos besoins sp\u00e9cifiques.\n\n\t\t\t\t\t\t\t\t<\/div>\n\t\t<div class=\"elementor-element elementor-element-7fcbea0 e-con-full e-flex e-con e-child\" data-id=\"7fcbea0\" data-element_type=\"container\" data-e-type=\"container\">\n\t\t<div class=\"elementor-element elementor-element-0131f27 e-con-full e-flex e-con e-child\" data-id=\"0131f27\" data-element_type=\"container\" data-e-type=\"container\">\n\t\t<div class=\"elementor-element elementor-element-c9dfc16 e-con-full e-flex e-con e-child\" data-id=\"c9dfc16\" data-element_type=\"container\" data-e-type=\"container\" id=\"trans\" data-settings=\"{&quot;background_background&quot;:&quot;classic&quot;}\">\n\t\t<div class=\"elementor-element elementor-element-a54a14d e-con-full e-flex e-con e-child\" data-id=\"a54a14d\" data-element_type=\"container\" data-e-type=\"container\" data-settings=\"{&quot;background_background&quot;:&quot;classic&quot;}\">\n\t\t\t\t<\/div>\n\t\t<div class=\"elementor-element elementor-element-eec7b10 e-con-full e-flex e-con e-child\" data-id=\"eec7b10\" data-element_type=\"container\" data-e-type=\"container\">\n\t\t\t\t<div class=\"elementor-element elementor-element-b2502ff elementor-widget elementor-widget-heading\" data-id=\"b2502ff\" data-element_type=\"widget\" data-e-type=\"widget\" data-widget_type=\"heading.default\">\n\t\t\t\t\t<h3 class=\"elementor-heading-title elementor-size-default\">Couches de finition performantes<\/h3>\t\t\t\t<\/div>\n\t\t\t\t<\/div>\n\t\t\t\t<\/div>\n\t\t<div class=\"elementor-element elementor-element-6063ec7 e-con-full e-flex e-con e-child\" data-id=\"6063ec7\" data-element_type=\"container\" data-e-type=\"container\" id=\"trans\" data-settings=\"{&quot;background_background&quot;:&quot;classic&quot;}\">\n\t\t<div class=\"elementor-element elementor-element-bfe7c6d e-con-full e-flex e-con e-child\" data-id=\"bfe7c6d\" data-element_type=\"container\" data-e-type=\"container\" data-settings=\"{&quot;background_background&quot;:&quot;classic&quot;}\">\n\t\t\t\t<\/div>\n\t\t<div class=\"elementor-element elementor-element-ba535ec e-con-full e-flex e-con e-child\" data-id=\"ba535ec\" data-element_type=\"container\" data-e-type=\"container\">\n\t\t\t\t<div class=\"elementor-element elementor-element-ea897fd elementor-widget elementor-widget-heading\" data-id=\"ea897fd\" data-element_type=\"widget\" data-e-type=\"widget\" data-widget_type=\"heading.default\">\n\t\t\t\t\t<h3 class=\"elementor-heading-title elementor-size-default\">Concevoir un sol\n<\/h3>\t\t\t\t<\/div>\n\t\t\t\t<\/div>\n\t\t\t\t<\/div>\n\t\t<div class=\"elementor-element elementor-element-1d2c889 e-con-full e-flex e-con e-child\" data-id=\"1d2c889\" data-element_type=\"container\" data-e-type=\"container\" id=\"trans\" data-settings=\"{&quot;background_background&quot;:&quot;classic&quot;}\">\n\t\t<a class=\"elementor-element elementor-element-44ff9d6 e-con-full e-flex e-con e-child\" data-id=\"44ff9d6\" data-element_type=\"container\" data-e-type=\"container\" data-settings=\"{&quot;background_background&quot;:&quot;classic&quot;}\">\n\t\t\t\t<\/a>\n\t\t<div class=\"elementor-element elementor-element-a5951bf e-con-full e-flex e-con e-child\" data-id=\"a5951bf\" data-element_type=\"container\" data-e-type=\"container\">\n\t\t\t\t<div class=\"elementor-element elementor-element-9ed9e6f elementor-widget elementor-widget-heading\" data-id=\"9ed9e6f\" data-element_type=\"widget\" data-e-type=\"widget\" data-widget_type=\"heading.default\">\n\t\t\t\t\t<h3 class=\"elementor-heading-title elementor-size-default\">Nettoyants \u203a<\/h3>\t\t\t\t<\/div>\n\t\t\t\t<\/div>\n\t\t\t\t<\/div>\n\t\t<a class=\"elementor-element elementor-element-d23c4fd e-con-full e-flex e-con e-child\" data-id=\"d23c4fd\" data-element_type=\"container\" data-e-type=\"container\" id=\"trans\" data-settings=\"{&quot;background_background&quot;:&quot;classic&quot;}\">\n\t\t<div data-premium-element-link=\"{&quot;type&quot;:&quot;url&quot;,&quot;link&quot;:{&quot;url&quot;:&quot;https:\\\/\\\/magiefloor.com\\\/joint-fillers-pitching-patching\\\/&quot;,&quot;is_external&quot;:&quot;&quot;,&quot;nofollow&quot;:&quot;&quot;,&quot;custom_attributes&quot;:&quot;&quot;},&quot;href&quot;:&quot;https:\\\/\\\/magiefloor.com\\\/joint-fillers-pitching-patching\\\/&quot;}\" style=\"cursor: pointer\" class=\"elementor-element elementor-element-8b90a5b e-con-full premium-wrapper-link-yes e-flex e-con e-child\" data-id=\"8b90a5b\" data-element_type=\"container\" data-e-type=\"container\" data-settings=\"{&quot;background_background&quot;:&quot;classic&quot;}\">\n\t\t\t\t<\/div>\n\t\t<div class=\"elementor-element elementor-element-a8b3cf5 e-con-full e-flex e-con e-child\" data-id=\"a8b3cf5\" data-element_type=\"container\" data-e-type=\"container\">\n\t\t\t\t<div class=\"elementor-element elementor-element-db6b899 elementor-widget elementor-widget-heading\" data-id=\"db6b899\" data-element_type=\"widget\" data-e-type=\"widget\" data-widget_type=\"heading.default\">\n\t\t\t\t\t<h3 class=\"elementor-heading-title elementor-size-default\">Bouche Fissure \u203a<\/h3>\t\t\t\t<\/div>\n\t\t\t\t<\/div>\n\t\t\t\t<\/a>\n\t\t\t\t<\/div>\n\t\t\t\t<\/div>\n\t\t\t\t\t<\/div>\n\t\t\t\t<\/div>\n\t\t<div class=\"elementor-element elementor-element-e0a06d2 e-flex e-con-boxed e-con e-parent\" data-id=\"e0a06d2\" data-element_type=\"container\" data-e-type=\"container\">\n\t\t\t\t\t<div class=\"e-con-inner\">\n\t\t<div data-premium-element-link=\"{&quot;type&quot;:&quot;link&quot;,&quot;link&quot;:null,&quot;href&quot;:&quot;https:\\\/\\\/magiefloor.com\\\/fr\\\/contact\\\/&quot;}\" style=\"cursor: pointer\" class=\"elementor-element elementor-element-1f652c0 e-con-full cta-box premium-wrapper-link-yes e-flex e-con e-child\" data-id=\"1f652c0\" data-element_type=\"container\" data-e-type=\"container\" data-settings=\"{&quot;background_background&quot;:&quot;classic&quot;}\">\n\t\t\t\t<div class=\"elementor-element elementor-element-3b2b5d8 elementor-invisible elementor-widget elementor-widget-heading\" data-id=\"3b2b5d8\" data-element_type=\"widget\" data-e-type=\"widget\" data-settings=\"{&quot;_animation&quot;:&quot;fadeIn&quot;}\" data-widget_type=\"heading.default\">\n\t\t\t\t\t<h2 class=\"elementor-heading-title elementor-size-default\"><a href=\"https:\/\/magiefloor.com\/fr\/contact\/\">Contactez-nous pour<\/a><\/h2>\t\t\t\t<\/div>\n\t\t\t\t<div class=\"elementor-element elementor-element-f77f65a elementor-invisible elementor-widget elementor-widget-heading\" data-id=\"f77f65a\" data-element_type=\"widget\" data-e-type=\"widget\" data-settings=\"{&quot;_animation&quot;:&quot;fadeIn&quot;}\" data-widget_type=\"heading.default\">\n\t\t\t\t\t<h2 class=\"elementor-heading-title elementor-size-default\"><a href=\"https:\/\/magiefloor.com\/fr\/contact\/\"> en savoir plus<\/a><\/h2>\t\t\t\t<\/div>\n\t\t\t\t<div class=\"elementor-element elementor-element-211719d elementor-align-left elementor-mobile-align-center cta-btn elementor-invisible elementor-widget elementor-widget-button\" data-id=\"211719d\" data-element_type=\"widget\" data-e-type=\"widget\" data-settings=\"{&quot;_animation&quot;:&quot;fadeIn&quot;,&quot;_animation_delay&quot;:600}\" data-widget_type=\"button.default\">\n\t\t\t\t\t\t\t\t\t\t<a class=\"elementor-button elementor-button-link elementor-size-sm\" href=\"https:\/\/magiefloor.com\/fr\/contact\/\">\n\t\t\t\t\t\t<span class=\"elementor-button-content-wrapper\">\n\t\t\t\t\t\t\t\t\t<span class=\"elementor-button-text\">Contactez-nous<\/span>\n\t\t\t\t\t<\/span>\n\t\t\t\t\t<\/a>\n\t\t\t\t\t\t\t\t<\/div>\n\t\t\t\t<\/div>\n\t\t\t\t\t<\/div>\n\t\t\t\t<\/div>\n\t\t\t\t<\/div>\n\t\t","protected":false},"excerpt":{"rendered":"<p>Produits Explorez notre gamme compl\u00e8te de solutions industrielles, con\u00e7ues pour restaurer, prot\u00e9ger et sublimer les surfaces en b\u00e9ton. Forts de d\u00e9cennies d&rsquo;expertise et d&rsquo;innovation, nos produits offrent performance, pr\u00e9cision et durabilit\u00e9 dans tous les environnements. Pr\u00e9paration du sol La pr\u00e9paration et le priming appropri\u00e9s des substrats contribueront \u00e0 la fonctionnalit\u00e9 et \u00e0 la long\u00e9vit\u00e9 de [&hellip;]<\/p>\n","protected":false},"author":2,"featured_media":0,"parent":0,"menu_order":0,"comment_status":"closed","ping_status":"closed","template":"elementor_header_footer","meta":{"_acf_changed":false,"footnotes":""},"class_list":["post-7251","page","type-page","status-publish","hentry"],"acf":[],"_links":{"self":[{"href":"https:\/\/magiefloor.com\/fr\/wp-json\/wp\/v2\/pages\/7251","targetHints":{"allow":["GET"]}}],"collection":[{"href":"https:\/\/magiefloor.com\/fr\/wp-json\/wp\/v2\/pages"}],"about":[{"href":"https:\/\/magiefloor.com\/fr\/wp-json\/wp\/v2\/types\/page"}],"author":[{"embeddable":true,"href":"https:\/\/magiefloor.com\/fr\/wp-json\/wp\/v2\/users\/2"}],"replies":[{"embeddable":true,"href":"https:\/\/magiefloor.com\/fr\/wp-json\/wp\/v2\/comments?post=7251"}],"version-history":[{"count":8,"href":"https:\/\/magiefloor.com\/fr\/wp-json\/wp\/v2\/pages\/7251\/revisions"}],"predecessor-version":[{"id":8075,"href":"https:\/\/magiefloor.com\/fr\/wp-json\/wp\/v2\/pages\/7251\/revisions\/8075"}],"wp:attachment":[{"href":"https:\/\/magiefloor.com\/fr\/wp-json\/wp\/v2\/media?parent=7251"}],"curies":[{"name":"wp","href":"https:\/\/api.w.org\/{rel}","templated":true}]}}